{"id":41,"date":"2022-07-21T17:31:43","date_gmt":"2022-07-21T15:31:43","guid":{"rendered":"http:\/\/rheomuco.magali-tillocher.com\/?page_id=41"},"modified":"2022-08-01T16:45:49","modified_gmt":"2022-08-01T14:45:49","slug":"home","status":"publish","type":"page","link":"https:\/\/rheomuco.com\/fr\/","title":{"rendered":"Home"},"content":{"rendered":"\n[et_pb_section fb_built=\u00a0\u00bb1&Prime; fullwidth=\u00a0\u00bbon\u00a0\u00bb disabled_on=\u00a0\u00bboff|off|off\u00a0\u00bb _builder_version=\u00a0\u00bb3.22&Prime;][et_pb_fullwidth_slider show_pagination=\u00a0\u00bboff\u00a0\u00bb admin_label=\u00a0\u00bbSlider\u00a0\u00bb module_class=\u00a0\u00bbcustom-slider\u00a0\u00bb _builder_version=\u00a0\u00bb4.7.0&Prime; header_level=\u00a0\u00bbh1&Prime; header_text_color=\u00a0\u00bb#534c38&Prime; header_font_size=\u00a0\u00bb47&Prime; header_letter_spacing=\u00a0\u00bb3px\u00a0\u00bb body_text_color=\u00a0\u00bb#35aead\u00a0\u00bb background_image=\u00a0\u00bbhttps:\/\/rheomuco.com\/wp-content\/uploads\/2018\/01\/slider-2.jpg\u00a0\u00bb auto=\u00a0\u00bbon\u00a0\u00bb auto_speed=\u00a0\u00bb5000&Prime; hover_enabled=\u00a0\u00bb0&Prime; header_font_size_tablet=\u00a0\u00bb37&Prime; header_font_size_phone=\u00a0\u00bb33&Prime; header_font_size_last_edited=\u00a0\u00bbon|phone\u00a0\u00bb custom_css_main_element=\u00a0\u00bbborder-bottom: rgba(60, 182, 179, 0.4) 2px solid;\u00a0\u00bb custom_css_slide_description=\u00a0\u00bbmax-width: 450px;||text-align: right;||float: right;||padding:5% 0% 20% 0%;\u00a0\u00bb custom_css_slide_title=\u00a0\u00bbfont-weight: 400;\u00a0\u00bb show_inner_shadow=\u00a0\u00bboff\u00a0\u00bb button_text_size__hover_enabled=\u00a0\u00bboff\u00a0\u00bb button_one_text_size__hover_enabled=\u00a0\u00bboff\u00a0\u00bb button_two_text_size__hover_enabled=\u00a0\u00bboff\u00a0\u00bb button_text_color__hover_enabled=\u00a0\u00bboff\u00a0\u00bb button_one_text_color__hover_enabled=\u00a0\u00bboff\u00a0\u00bb button_two_text_color__hover_enabled=\u00a0\u00bboff\u00a0\u00bb button_border_width__hover_enabled=\u00a0\u00bboff\u00a0\u00bb button_one_border_width__hover_enabled=\u00a0\u00bboff\u00a0\u00bb button_two_border_width__hover_enabled=\u00a0\u00bboff\u00a0\u00bb button_border_color__hover_enabled=\u00a0\u00bboff\u00a0\u00bb button_one_border_color__hover_enabled=\u00a0\u00bboff\u00a0\u00bb button_two_border_color__hover_enabled=\u00a0\u00bboff\u00a0\u00bb button_border_radius__hover_enabled=\u00a0\u00bboff\u00a0\u00bb button_one_border_radius__hover_enabled=\u00a0\u00bboff\u00a0\u00bb button_two_border_radius__hover_enabled=\u00a0\u00bboff\u00a0\u00bb button_letter_spacing__hover_enabled=\u00a0\u00bboff\u00a0\u00bb button_one_letter_spacing__hover_enabled=\u00a0\u00bboff\u00a0\u00bb button_two_letter_spacing__hover_enabled=\u00a0\u00bboff\u00a0\u00bb button_bg_color__hover_enabled=\u00a0\u00bboff\u00a0\u00bb button_one_bg_color__hover_enabled=\u00a0\u00bboff\u00a0\u00bb button_two_bg_color__hover_enabled=\u00a0\u00bboff\u00a0\u00bb sticky_enabled=\u00a0\u00bb0&Prime;][et_pb_slide heading=\u00a0\u00bbLa visco\u00e9lasticit\u00e9 du mucus !\u00a0\u00bb use_bg_overlay=\u00a0\u00bboff\u00a0\u00bb use_text_overlay=\u00a0\u00bboff\u00a0\u00bb admin_title=\u00a0\u00bbViscoelasticity matters! \u00a0\u00bb _builder_version=\u00a0\u00bb4.7.0&Prime; header_font=\u00a0\u00bb||||\u00a0\u00bb body_font=\u00a0\u00bb||||\u00a0\u00bb background_color=\u00a0\u00bb#ffffff\u00a0\u00bb background_image=\u00a0\u00bbhttps:\/\/rheomuco.com\/wp-content\/uploads\/2018\/02\/slider-1.jpg\u00a0\u00bb button_on_hover=\u00a0\u00bbon\u00a0\u00bb background_layout=\u00a0\u00bblight\u00a0\u00bb hover_enabled=\u00a0\u00bb0&Prime; header_font_size_tablet=\u00a0\u00bb\u00a0\u00bb header_font_size_phone=\u00a0\u00bb\u00a0\u00bb header_font_size_last_edited=\u00a0\u00bbon|phone\u00a0\u00bb button_text_size__hover_enabled=\u00a0\u00bboff\u00a0\u00bb button_one_text_size__hover_enabled=\u00a0\u00bboff\u00a0\u00bb button_two_text_size__hover_enabled=\u00a0\u00bboff\u00a0\u00bb button_text_color__hover_enabled=\u00a0\u00bboff\u00a0\u00bb button_one_text_color__hover_enabled=\u00a0\u00bboff\u00a0\u00bb button_two_text_color__hover_enabled=\u00a0\u00bboff\u00a0\u00bb button_border_width__hover_enabled=\u00a0\u00bboff\u00a0\u00bb button_one_border_width__hover_enabled=\u00a0\u00bboff\u00a0\u00bb button_two_border_width__hover_enabled=\u00a0\u00bboff\u00a0\u00bb button_border_color__hover_enabled=\u00a0\u00bboff\u00a0\u00bb button_one_border_color__hover_enabled=\u00a0\u00bboff\u00a0\u00bb button_two_border_color__hover_enabled=\u00a0\u00bboff\u00a0\u00bb button_border_radius__hover_enabled=\u00a0\u00bboff\u00a0\u00bb button_one_border_radius__hover_enabled=\u00a0\u00bboff\u00a0\u00bb button_two_border_radius__hover_enabled=\u00a0\u00bboff\u00a0\u00bb button_letter_spacing__hover_enabled=\u00a0\u00bboff\u00a0\u00bb button_one_letter_spacing__hover_enabled=\u00a0\u00bboff\u00a0\u00bb button_two_letter_spacing__hover_enabled=\u00a0\u00bboff\u00a0\u00bb button_bg_color__hover_enabled=\u00a0\u00bboff\u00a0\u00bb button_one_bg_color__hover_enabled=\u00a0\u00bboff\u00a0\u00bb button_two_bg_color__hover_enabled=\u00a0\u00bboff\u00a0\u00bb sticky_transition=\u00a0\u00bbon\u00a0\u00bb sticky_enabled=\u00a0\u00bb0&Prime;]<div class=\"calltoaction_home\">\n<p>&nbsp;<\/p>\n<div id=\"triangle\"><\/div>\n<\/div>[\/et_pb_slide][et_pb_slide heading=\u00a0\u00bbL&rsquo;analyse du mucus\u00a0\u00bb use_bg_overlay=\u00a0\u00bboff\u00a0\u00bb use_text_overlay=\u00a0\u00bboff\u00a0\u00bb admin_title=\u00a0\u00bbSwitch to sputum analysis\u00a0\u00bb _builder_version=\u00a0\u00bb4.7.0&Prime; header_font=\u00a0\u00bb||||\u00a0\u00bb body_font=\u00a0\u00bb||||\u00a0\u00bb background_color=\u00a0\u00bb#ffffff\u00a0\u00bb background_image=\u00a0\u00bbhttps:\/\/rheomuco.com\/wp-content\/uploads\/2018\/02\/Slider-2.jpg\u00a0\u00bb button_on_hover=\u00a0\u00bbon\u00a0\u00bb background_layout=\u00a0\u00bblight\u00a0\u00bb hover_enabled=\u00a0\u00bb0&Prime; button_text_size__hover_enabled=\u00a0\u00bboff\u00a0\u00bb button_one_text_size__hover_enabled=\u00a0\u00bboff\u00a0\u00bb button_two_text_size__hover_enabled=\u00a0\u00bboff\u00a0\u00bb button_text_color__hover_enabled=\u00a0\u00bboff\u00a0\u00bb button_one_text_color__hover_enabled=\u00a0\u00bboff\u00a0\u00bb button_two_text_color__hover_enabled=\u00a0\u00bboff\u00a0\u00bb button_border_width__hover_enabled=\u00a0\u00bboff\u00a0\u00bb button_one_border_width__hover_enabled=\u00a0\u00bboff\u00a0\u00bb button_two_border_width__hover_enabled=\u00a0\u00bboff\u00a0\u00bb button_border_color__hover_enabled=\u00a0\u00bboff\u00a0\u00bb button_one_border_color__hover_enabled=\u00a0\u00bboff\u00a0\u00bb button_two_border_color__hover_enabled=\u00a0\u00bboff\u00a0\u00bb button_border_radius__hover_enabled=\u00a0\u00bboff\u00a0\u00bb button_one_border_radius__hover_enabled=\u00a0\u00bboff\u00a0\u00bb button_two_border_radius__hover_enabled=\u00a0\u00bboff\u00a0\u00bb button_letter_spacing__hover_enabled=\u00a0\u00bboff\u00a0\u00bb button_one_letter_spacing__hover_enabled=\u00a0\u00bboff\u00a0\u00bb button_two_letter_spacing__hover_enabled=\u00a0\u00bboff\u00a0\u00bb button_bg_color__hover_enabled=\u00a0\u00bboff\u00a0\u00bb button_one_bg_color__hover_enabled=\u00a0\u00bboff\u00a0\u00bb button_two_bg_color__hover_enabled=\u00a0\u00bboff\u00a0\u00bb sticky_transition=\u00a0\u00bbon\u00a0\u00bb sticky_enabled=\u00a0\u00bb0&Prime;]<div class=\"calltoaction_home\">\n<p>&nbsp;<\/p>\n<div id=\"triangle\"><\/div>\n<\/div>[\/et_pb_slide][et_pb_slide heading=\u00a0\u00bbComprendre et mieux trait\u00e9\u00a0\u00bb use_bg_overlay=\u00a0\u00bboff\u00a0\u00bb use_text_overlay=\u00a0\u00bboff\u00a0\u00bb admin_title=\u00a0\u00bbUnderstand and treat better\u00a0\u00bb _builder_version=\u00a0\u00bb4.7.0&Prime; header_font=\u00a0\u00bb||||\u00a0\u00bb body_font=\u00a0\u00bb||||\u00a0\u00bb background_color=\u00a0\u00bb#ffffff\u00a0\u00bb background_image=\u00a0\u00bbhttps:\/\/rheomuco.com\/wp-content\/uploads\/2018\/02\/slider-3.jpg\u00a0\u00bb background_position=\u00a0\u00bbtop_center\u00a0\u00bb button_on_hover=\u00a0\u00bbon\u00a0\u00bb background_layout=\u00a0\u00bblight\u00a0\u00bb button_text_size__hover_enabled=\u00a0\u00bboff\u00a0\u00bb button_one_text_size__hover_enabled=\u00a0\u00bboff\u00a0\u00bb button_two_text_size__hover_enabled=\u00a0\u00bboff\u00a0\u00bb button_text_color__hover_enabled=\u00a0\u00bboff\u00a0\u00bb button_one_text_color__hover_enabled=\u00a0\u00bboff\u00a0\u00bb button_two_text_color__hover_enabled=\u00a0\u00bboff\u00a0\u00bb button_border_width__hover_enabled=\u00a0\u00bboff\u00a0\u00bb button_one_border_width__hover_enabled=\u00a0\u00bboff\u00a0\u00bb button_two_border_width__hover_enabled=\u00a0\u00bboff\u00a0\u00bb button_border_color__hover_enabled=\u00a0\u00bboff\u00a0\u00bb button_one_border_color__hover_enabled=\u00a0\u00bboff\u00a0\u00bb button_two_border_color__hover_enabled=\u00a0\u00bboff\u00a0\u00bb button_border_radius__hover_enabled=\u00a0\u00bboff\u00a0\u00bb button_one_border_radius__hover_enabled=\u00a0\u00bboff\u00a0\u00bb button_two_border_radius__hover_enabled=\u00a0\u00bboff\u00a0\u00bb button_letter_spacing__hover_enabled=\u00a0\u00bboff\u00a0\u00bb button_one_letter_spacing__hover_enabled=\u00a0\u00bboff\u00a0\u00bb button_two_letter_spacing__hover_enabled=\u00a0\u00bboff\u00a0\u00bb button_bg_color__hover_enabled=\u00a0\u00bboff\u00a0\u00bb button_one_bg_color__hover_enabled=\u00a0\u00bboff\u00a0\u00bb button_two_bg_color__hover_enabled=\u00a0\u00bboff\u00a0\u00bb sticky_transition=\u00a0\u00bbon\u00a0\u00bb]<div class=\"calltoaction_home\">\n<p>&nbsp;<\/p>\n<div id=\"triangle\"><\/div>\n<\/div>[\/et_pb_slide][et_pb_slide heading=\u00a0\u00bbRheomuco\u00a0\u00bb use_bg_overlay=\u00a0\u00bboff\u00a0\u00bb use_text_overlay=\u00a0\u00bboff\u00a0\u00bb admin_title=\u00a0\u00bbRheomuco can help\u00a0\u00bb _builder_version=\u00a0\u00bb4.7.0&Prime; header_font=\u00a0\u00bb||||\u00a0\u00bb body_font=\u00a0\u00bb||||\u00a0\u00bb background_color=\u00a0\u00bb#ffffff\u00a0\u00bb background_image=\u00a0\u00bbhttps:\/\/rheomuco.com\/wp-content\/uploads\/2021\/09\/Rheomuco_slider-01.png\u00a0\u00bb button_on_hover=\u00a0\u00bbon\u00a0\u00bb background_layout=\u00a0\u00bblight\u00a0\u00bb button_text_size__hover_enabled=\u00a0\u00bboff\u00a0\u00bb button_one_text_size__hover_enabled=\u00a0\u00bboff\u00a0\u00bb button_two_text_size__hover_enabled=\u00a0\u00bboff\u00a0\u00bb button_text_color__hover_enabled=\u00a0\u00bboff\u00a0\u00bb button_one_text_color__hover_enabled=\u00a0\u00bboff\u00a0\u00bb button_two_text_color__hover_enabled=\u00a0\u00bboff\u00a0\u00bb button_border_width__hover_enabled=\u00a0\u00bboff\u00a0\u00bb button_one_border_width__hover_enabled=\u00a0\u00bboff\u00a0\u00bb button_two_border_width__hover_enabled=\u00a0\u00bboff\u00a0\u00bb button_border_color__hover_enabled=\u00a0\u00bboff\u00a0\u00bb button_one_border_color__hover_enabled=\u00a0\u00bboff\u00a0\u00bb button_two_border_color__hover_enabled=\u00a0\u00bboff\u00a0\u00bb button_border_radius__hover_enabled=\u00a0\u00bboff\u00a0\u00bb button_one_border_radius__hover_enabled=\u00a0\u00bboff\u00a0\u00bb button_two_border_radius__hover_enabled=\u00a0\u00bboff\u00a0\u00bb button_letter_spacing__hover_enabled=\u00a0\u00bboff\u00a0\u00bb button_one_letter_spacing__hover_enabled=\u00a0\u00bboff\u00a0\u00bb button_two_letter_spacing__hover_enabled=\u00a0\u00bboff\u00a0\u00bb button_bg_color__hover_enabled=\u00a0\u00bboff\u00a0\u00bb button_one_bg_color__hover_enabled=\u00a0\u00bboff\u00a0\u00bb button_two_bg_color__hover_enabled=\u00a0\u00bboff\u00a0\u00bb sticky_transition=\u00a0\u00bbon\u00a0\u00bb]<div class=\"calltoaction_home\">\n<p>&nbsp;<\/p>\n<div id=\"triangle\"><\/div>\n<\/div>[\/et_pb_slide][\/et_pb_fullwidth_slider][\/et_pb_section][et_pb_section fb_built=\u00a0\u00bb1&Prime; _builder_version=\u00a0\u00bb4.7.0&Prime; _module_preset=\u00a0\u00bbdefault\u00a0\u00bb custom_margin=\u00a0\u00bb||-12px|||\u00a0\u00bb][et_pb_row _builder_version=\u00a0\u00bb4.7.0&Prime; _module_preset=\u00a0\u00bbdefault\u00a0\u00bb][et_pb_column type=\u00a0\u00bb4_4&Prime; _builder_version=\u00a0\u00bb4.7.0&Prime; _module_preset=\u00a0\u00bbdefault\u00a0\u00bb][et_pb_text _builder_version=\u00a0\u00bb4.7.0&Prime; _module_preset=\u00a0\u00bbdefault\u00a0\u00bb]<h1 style=\"text-align: center\"><span style=\"color: #008080\">Rheomuco : dispositif cl\u00e9 en\u00a0main d\u00e9di\u00e9 \u00e0 l\u2019analyse du mucus<\/span><\/h1>\n<p><span style=\"color: #008080\"><\/span><\/p>\n<p><span style=\"color: #008080\"><\/span><\/p>\n<p><span style=\"color: #008080\"><\/span><\/p>\n<h2 style=\"text-align: center\"><span style=\"color: #000000\">Rheonova con\u00e7oit, d\u00e9veloppe et commercialise Rheomuco, un rh\u00e9om\u00e8tre cl\u00e9 en main et performant qui mesure les propri\u00e9t\u00e9s visco\u00e9lastiques du mucus en moins de 5 minutes!<\/span><\/h2>\n<p><span style=\"color: #000000\"><\/span><\/p>\n<p><span style=\"color: #000000\"><\/span><\/p>\n<p><span style=\"color: #000000\"><\/span><\/p>\n<h3 style=\"text-align: center\"><span style=\"color: #333333\">Les propri\u00e9t\u00e9s visco\u00e9lastiques du mucus sont des marqueurs biophysiques fondamentaux pour les projets en lien avec le mucus\u00a0: que vous travailliez sur les maladies respiratoires, nasales, cervicales ou gastro-intestinales, la rh\u00e9ologie du mucus peut \u00eatre la r\u00e9ponse\u00a0!<\/span><\/h3>[\/et_pb_text][\/et_pb_column][\/et_pb_row][\/et_pb_section][et_pb_section fb_built=\u00a0\u00bb1&Prime; custom_padding_last_edited=\u00a0\u00bbon|desktop\u00a0\u00bb disabled_on=\u00a0\u00bboff|off|off\u00a0\u00bb _builder_version=\u00a0\u00bb3.22&Prime; min_height=\u00a0\u00bb612.2px\u00a0\u00bb custom_margin=\u00a0\u00bb-70px|||||\u00a0\u00bb custom_padding=\u00a0\u00bb3%||3%|\u00a0\u00bb custom_padding_tablet=\u00a0\u00bb\u00a0\u00bb custom_padding_phone=\u00a0\u00bb\u00a0\u00bb][et_pb_row column_structure=\u00a0\u00bb1_3,1_3,1_3&Prime; use_custom_gutter=\u00a0\u00bbon\u00a0\u00bb custom_padding_last_edited=\u00a0\u00bbon|desktop\u00a0\u00bb _builder_version=\u00a0\u00bb3.25&Prime; max_width=\u00a0\u00bb1920px\u00a0\u00bb min_height=\u00a0\u00bb491.5px\u00a0\u00bb custom_padding=\u00a0\u00bb0px|0px|0px|0px\u00a0\u00bb custom_padding_tablet=\u00a0\u00bb|0%||0%\u00a0\u00bb custom_padding_phone=\u00a0\u00bb\u00a0\u00bb make_fullwidth=\u00a0\u00bbon\u00a0\u00bb use_custom_width=\u00a0\u00bbon\u00a0\u00bb custom_width_px=\u00a0\u00bb1920px\u00a0\u00bb][et_pb_column type=\u00a0\u00bb1_3&Prime; module_class=\u00a0\u00bbbloc_home\u00a0\u00bb _builder_version=\u00a0\u00bb3.25&Prime; background_position=\u00a0\u00bbtop_left\u00a0\u00bb custom_padding=\u00a0\u00bb|||\u00a0\u00bb custom_padding__hover=\u00a0\u00bb|||\u00a0\u00bb][et_pb_code admin_label=\u00a0\u00bbBloc news\u00a0\u00bb]\t\t\t\t<div id=\"cta_home\">\r\n\t\t\t\t\t<a href=\"\/news\/\" title=\"Bonne ann\u00e9e 2025 : Une ann\u00e9e d&rsquo;avanc\u00e9es en rh\u00e9ologie du mucus !\">\r\n\t\t\t\t\t\t <div id=\"cta_home_title\" style=\"background:url('https:\/\/rheomuco.com\/wp-content\/uploads\/2025\/01\/A7405727-scaled.jpg') no-repeat center\">\r\n\t\t\t\t\t \t\t<p class=\"titre_cta_home\"> news <\/p>\r\n\t\t\t\t\t\t \t<div id=\"triangle_blocs_home\"><\/div>\r\n\t\t\t\t\t\t<\/div>\r\n\t\t\t\t\t<\/a>\r\n\t\t\t\t\t<h2 class=\"cta_home_title\"> <a href=\"https:\/\/rheomuco.com\/fr\/bonne-annee-2025-une-annee-davancees-en-rheologie-du-mucus\/\">Bonne ann\u00e9e 2025 : Une ann\u00e9e d&rsquo;avanc\u00e9es en rh\u00e9ologie du mucus !<\/a><\/h2>\r\n\t\t\t\t\t<p> <p>En ce d\u00e9but d&rsquo;ann\u00e9e 2025, nous souhaitons transmettre nos v\u0153ux les plus chaleureux \u00e0 toute notre communaut\u00e9. L&rsquo;ann\u00e9e<a href=\"https:\/\/rheomuco.com\/fr\/bonne-annee-2025-une-annee-davancees-en-rheologie-du-mucus\/\" rel=\"nofollow\" class=\"more\"> >> <\/a><\/p>\n <\/p>\r\n\t\t\t\t<\/div>\r\n\t\t\t   \t\t[\/et_pb_code][\/et_pb_column][et_pb_column type=\u00a0\u00bb1_3&Prime; module_class=\u00a0\u00bbbloc_home\u00a0\u00bb _builder_version=\u00a0\u00bb3.25&Prime; background_position=\u00a0\u00bbtop_left\u00a0\u00bb custom_padding=\u00a0\u00bb|||\u00a0\u00bb custom_padding__hover=\u00a0\u00bb|||\u00a0\u00bb][et_pb_code admin_label=\u00a0\u00bbBloc Testimonial\u00a0\u00bb]\t\t\t\t<div id=\"cta_home\">\r\n\t\t\t\t\t<a href=\"\/fr\/decouvrir-rheomuco\/temoignages\/\" title=\"Dr. Val\u00e9rie Urbach, Dr. Agathe Tarze and Juliette Direur\">\r\n\t\t\t\t\t\t <div id=\"cta_home_title\" style=\"background:url('https:\/\/rheomuco.com\/wp-content\/uploads\/2025\/09\/IMG-20250429-WA0003-scaled-e1757499672285.jpg') no-repeat center\">\r\n\t\t\t\t\t \t\t<p class=\"titre_cta_home\"> t\u00e9moignages <\/p>\r\n\t\t\t\t\t\t \t<div id=\"triangle_blocs_home\"><\/div>\r\n\t\t\t\t\t\t<\/div>\r\n\t\t\t\t\t<\/a>\r\n\t\t\t\t\t<h2 class=\"cta_home_title\"> <a href=\"https:\/\/rheomuco.com\/temoignages\/dr-valerie-urbach-dr-agathe-tarze-and-juliette-direur\/\">Dr. Val\u00e9rie Urbach, Dr. Agathe Tarze and Juliette Direur<\/a><\/h2>\r\n\t\t\t\t\t<p> <p>At the Mondor Institute for Biomedical Research in Cr\u00e9teil, we use the Rheomuco for rheological analysis of mucus<a href=\"https:\/\/rheomuco.com\/?post_type=page&#038;p=340\" rel=\"nofollow\" class=\"more\"> >> <\/a><\/p>\n <\/p>\r\n\t\t\t\t<\/div>\r\n\t\t\t   \t\t[\/et_pb_code][\/et_pb_column][et_pb_column type=\u00a0\u00bb1_3&Prime; module_class=\u00a0\u00bbbloc_home\u00a0\u00bb _builder_version=\u00a0\u00bb3.25&Prime; background_position=\u00a0\u00bbtop_left\u00a0\u00bb custom_padding=\u00a0\u00bb|||\u00a0\u00bb custom_padding__hover=\u00a0\u00bb|||\u00a0\u00bb][et_pb_code admin_label=\u00a0\u00bbBloc Centre documentaire\u00a0\u00bb module_id=\u00a0\u00bbcta_home\u00a0\u00bb _builder_version=\u00a0\u00bb4.7.0&Prime;]<a href=\"\/analyse-du-mucus-broncho-pulmonaire\/centre-documentaire\/\"><div id=\"cta_home_title\" style=\"background: url('..\/wp-content\/uploads\/2018\/01\/visuels-site_30.jpg') no-repeat center\"><!-- [et_pb_line_break_holder] --><pee class=\"titre_cta_home\">Centre documentaire<\/pee><!-- [et_pb_line_break_holder] --><div id=\"triangle_blocs_home\"><\/div><!-- [et_pb_line_break_holder] --><\/div><\/a><!-- [et_pb_line_break_holder] --><h2 class=\"cta_home_title\"><a href=\"\/analyse-du-mucus-broncho-pulmonaire\/centre-documentaire\/\">L\u2019analyse du mucus a d\u00e9j\u00e0 fait ses preuves<\/a><\/h2><!-- [et_pb_line_break_holder] -->Pour approfondir vos recherches, consultez la bibliographie en lien avec la rh\u00e9ologie du mucus broncho-pulmonaire <a class=\"more\" href=\"\/analyse-du-mucus-broncho-pulmonaire\/centre-documentaire\/\">&gt;&gt;<\/a>[\/et_pb_code][\/et_pb_column][\/et_pb_row][\/et_pb_section]\n","protected":false},"excerpt":{"rendered":"","protected":false},"author":7,"featured_media":0,"parent":0,"menu_order":0,"comment_status":"closed","ping_status":"closed","template":"page-template-home.php","meta":{"_acf_changed":false,"_et_pb_use_builder":"on","_et_pb_old_content":"","_et_gb_content_width":"","footnotes":""},"class_list":["post-41","page","type-page","status-publish","hentry"],"acf":[],"_links":{"self":[{"href":"https:\/\/rheomuco.com\/fr\/wp-json\/wp\/v2\/pages\/41","targetHints":{"allow":["GET"]}}],"collection":[{"href":"https:\/\/rheomuco.com\/fr\/wp-json\/wp\/v2\/pages"}],"about":[{"href":"https:\/\/rheomuco.com\/fr\/wp-json\/wp\/v2\/types\/page"}],"author":[{"embeddable":true,"href":"https:\/\/rheomuco.com\/fr\/wp-json\/wp\/v2\/users\/7"}],"replies":[{"embeddable":true,"href":"https:\/\/rheomuco.com\/fr\/wp-json\/wp\/v2\/comments?post=41"}],"version-history":[{"count":113,"href":"https:\/\/rheomuco.com\/fr\/wp-json\/wp\/v2\/pages\/41\/revisions"}],"predecessor-version":[{"id":5816,"href":"https:\/\/rheomuco.com\/fr\/wp-json\/wp\/v2\/pages\/41\/revisions\/5816"}],"wp:attachment":[{"href":"https:\/\/rheomuco.com\/fr\/wp-json\/wp\/v2\/media?parent=41"}],"curies":[{"name":"wp","href":"https:\/\/api.w.org\/{rel}","templated":true}]}}