{"id":3144,"date":"2018-02-15T14:50:14","date_gmt":"2018-02-15T13:50:14","guid":{"rendered":"https:\/\/rheomuco.com\/?page_id=3144"},"modified":"2023-09-15T17:40:32","modified_gmt":"2023-09-15T15:40:32","slug":"mentions-legales","status":"publish","type":"page","link":"https:\/\/rheomuco.com\/fr\/mentions-legales\/","title":{"rendered":"Mentions l\u00e9gales"},"content":{"rendered":"<p>[et_pb_section fb_built=\u00a0\u00bb1&Prime; custom_padding_last_edited=\u00a0\u00bbon|desktop\u00a0\u00bb module_id=\u00a0\u00bbtitle_std\u00a0\u00bb _builder_version=\u00a0\u00bb4.16&Prime; custom_padding_tablet=\u00a0\u00bb\u00a0\u00bb custom_padding_phone=\u00a0\u00bb\u00a0\u00bb global_colors_info=\u00a0\u00bb{}\u00a0\u00bb][et_pb_row column_structure=\u00a0\u00bb1_4,3_4&Prime; make_equal=\u00a0\u00bbon\u00a0\u00bb module_id=\u00a0\u00bbbloc_title\u00a0\u00bb _builder_version=\u00a0\u00bb4.16&Prime; width=\u00a0\u00bb100%\u00a0\u00bb max_width=\u00a0\u00bb100%\u00a0\u00bb custom_padding=\u00a0\u00bb0px||0px|\u00a0\u00bb use_custom_width=\u00a0\u00bbon\u00a0\u00bb width_unit=\u00a0\u00bboff\u00a0\u00bb custom_width_percent=\u00a0\u00bb100%\u00a0\u00bb global_colors_info=\u00a0\u00bb{}\u00a0\u00bb][et_pb_column type=\u00a0\u00bb1_4&Prime; module_id=\u00a0\u00bbline_title\u00a0\u00bb _builder_version=\u00a0\u00bb4.16&Prime; background_position=\u00a0\u00bbtop_left\u00a0\u00bb custom_padding=\u00a0\u00bb0px|0px|0px|0px\u00a0\u00bb custom_css_main_element=\u00a0\u00bbmax-height: 62px;\u00a0\u00bb global_colors_info=\u00a0\u00bb{}\u00a0\u00bb custom_padding__hover=\u00a0\u00bb|||\u00a0\u00bb][\/et_pb_column][et_pb_column type=\u00a0\u00bb3_4&Prime; _builder_version=\u00a0\u00bb4.16&Prime; background_position=\u00a0\u00bbtop_left\u00a0\u00bb custom_padding=\u00a0\u00bb0px|0px|0px|0px\u00a0\u00bb custom_padding_tablet=\u00a0\u00bb0px|0px|0px|10px\u00a0\u00bb custom_padding_phone=\u00a0\u00bb0px|0px|0px|10px\u00a0\u00bb custom_padding_last_edited=\u00a0\u00bbon|phone\u00a0\u00bb global_colors_info=\u00a0\u00bb{}\u00a0\u00bb custom_padding__hover=\u00a0\u00bb|||\u00a0\u00bb][et_pb_text admin_label=\u00a0\u00bbTitre de page\u00a0\u00bb _builder_version=\u00a0\u00bb4.16&Prime; max_width=\u00a0\u00bb900px\u00a0\u00bb custom_css_main_element=\u00a0\u00bbborder:none;\u00a0\u00bb border_width_all=\u00a0\u00bb5px\u00a0\u00bb border_color_all=\u00a0\u00bb#3cb6b3&Prime; border_style_all=\u00a0\u00bbsolid\u00a0\u00bb border_color=\u00a0\u00bb#3cb6b3&Prime; border_width=\u00a0\u00bb5px\u00a0\u00bb border_style=\u00a0\u00bbsolid\u00a0\u00bb global_colors_info=\u00a0\u00bb{}\u00a0\u00bb]<\/p>\n<h1>Mentions l\u00e9gales<\/h1>\n<p>[\/et_pb_text][\/et_pb_column][\/et_pb_row][\/et_pb_section][et_pb_section fb_built=\u00a0\u00bb1&Prime; module_id=\u00a0\u00bbcontenu_std\u00a0\u00bb _builder_version=\u00a0\u00bb4.16&Prime; custom_padding=\u00a0\u00bb0px||20px|\u00a0\u00bb global_colors_info=\u00a0\u00bb{}\u00a0\u00bb][et_pb_row make_equal=\u00a0\u00bbon\u00a0\u00bb custom_padding_last_edited=\u00a0\u00bbon|tablet\u00a0\u00bb _builder_version=\u00a0\u00bb4.16&Prime; custom_padding=\u00a0\u00bb0px||40px|\u00a0\u00bb custom_padding_tablet=\u00a0\u00bb0px||0px|\u00a0\u00bb custom_padding_phone=\u00a0\u00bb\u00a0\u00bb global_colors_info=\u00a0\u00bb{}\u00a0\u00bb][et_pb_column type=\u00a0\u00bb4_4&Prime; _builder_version=\u00a0\u00bb4.16&Prime; background_position=\u00a0\u00bbtop_left\u00a0\u00bb custom_padding=\u00a0\u00bb|||\u00a0\u00bb global_colors_info=\u00a0\u00bb{}\u00a0\u00bb custom_padding__hover=\u00a0\u00bb|||\u00a0\u00bb][et_pb_text disabled_on=\u00a0\u00bboff|off|off\u00a0\u00bb admin_label=\u00a0\u00bbEditeur\u00a0\u00bb _builder_version=\u00a0\u00bb4.16&Prime; locked=\u00a0\u00bboff\u00a0\u00bb global_colors_info=\u00a0\u00bb{}\u00a0\u00bb]<\/p>\n<h2 style=\"text-align: left\">Editeur<\/h2>\n<p><strong>Rheonova<\/strong><br \/>1 all\u00e9e de Cert\u00e8ze, 38610 Gi\u00e8res, FRANCE<br \/><a href=\"mailto:contact@rheonova.fr\">Email<\/a><br \/><a href=\"http:\/\/www.rheonova.fr\" target=\"_blank\" rel=\"noopener\">www.rheonova.fr<\/a><\/p>\n<p>N\u00b0 TVA intracommunautaire : FR36 803 705 342<br \/>RCS Grenoble 803 705 342<br \/>SAS au capital de 271 707.12 euros<\/p>\n<p>[\/et_pb_text][\/et_pb_column][\/et_pb_row][et_pb_row make_equal=\u00a0\u00bbon\u00a0\u00bb custom_padding_last_edited=\u00a0\u00bbon|tablet\u00a0\u00bb _builder_version=\u00a0\u00bb4.16&Prime; custom_padding=\u00a0\u00bb0||40px||false|false\u00a0\u00bb custom_padding_tablet=\u00a0\u00bb0px||0px|\u00a0\u00bb custom_padding_phone=\u00a0\u00bb\u00a0\u00bb global_colors_info=\u00a0\u00bb{}\u00a0\u00bb][et_pb_column type=\u00a0\u00bb4_4&Prime; _builder_version=\u00a0\u00bb4.16&Prime; background_position=\u00a0\u00bbtop_left\u00a0\u00bb custom_padding=\u00a0\u00bb|||\u00a0\u00bb global_colors_info=\u00a0\u00bb{}\u00a0\u00bb custom_padding__hover=\u00a0\u00bb|||\u00a0\u00bb][et_pb_text admin_label=\u00a0\u00bbR\u00e9alisation\u00a0\u00bb _builder_version=\u00a0\u00bb4.16&Prime; global_colors_info=\u00a0\u00bb{}\u00a0\u00bb]<\/p>\n<h2 style=\"text-align: left\">R\u00e9alisation et Cr\u00e9dits<\/h2>\n<p><a href=\"https:\/\/fr.linkedin.com\/in\/magali-tillocher-5a534197\" target=\"_blank\" rel=\"noopener noreferrer\">Magali Tillocher<\/a> &#8211; <a href=\"http:\/\/abg-communication.fr\" target=\"_blank\" rel=\"noopener noreferrer\">ABG Communication<\/a><\/p>\n<p>(c) : Rheonova ; <a href=\"https:\/\/blandinereynard.com\" target=\"_blank\" rel=\"noopener\">Blandine Reynard ; <\/a><a href=\"http:\/\/www.minimento.fr\/\">Minimento<\/a><a href=\"https:\/\/blandinereynard.com\" target=\"_blank\" rel=\"noopener\"> ; Fotolia \/ <\/a><a href=\"https:\/\/stock.adobe.com\/fr\/\">Adobe<\/a><\/p>\n<p>[\/et_pb_text][\/et_pb_column][\/et_pb_row][et_pb_row make_equal=\u00a0\u00bbon\u00a0\u00bb custom_padding_last_edited=\u00a0\u00bbon|tablet\u00a0\u00bb _builder_version=\u00a0\u00bb4.16&Prime; custom_padding=\u00a0\u00bb0||40px||false|false\u00a0\u00bb custom_padding_tablet=\u00a0\u00bb0px||0px|\u00a0\u00bb custom_padding_phone=\u00a0\u00bb\u00a0\u00bb global_colors_info=\u00a0\u00bb{}\u00a0\u00bb][et_pb_column type=\u00a0\u00bb4_4&Prime; _builder_version=\u00a0\u00bb4.16&Prime; background_position=\u00a0\u00bbtop_left\u00a0\u00bb custom_padding=\u00a0\u00bb|||\u00a0\u00bb global_colors_info=\u00a0\u00bb{}\u00a0\u00bb custom_padding__hover=\u00a0\u00bb|||\u00a0\u00bb][et_pb_text admin_label=\u00a0\u00bbR\u00e9alisation\u00a0\u00bb _builder_version=\u00a0\u00bb4.21.0&Prime; custom_padding=\u00a0\u00bb||0px|||\u00a0\u00bb global_colors_info=\u00a0\u00bb{}\u00a0\u00bb]<\/p>\n<h2 style=\"text-align: left\">H\u00e9bergeur<\/h2>\n<p>\u00a0OVH SAS 2 rue Kellermann \u2013 59100 Roubaix \u2013 France<\/p>\n<p>[\/et_pb_text][\/et_pb_column][\/et_pb_row][et_pb_row make_equal=\u00a0\u00bbon\u00a0\u00bb custom_padding_last_edited=\u00a0\u00bbon|tablet\u00a0\u00bb _builder_version=\u00a0\u00bb4.16&Prime; custom_padding=\u00a0\u00bb0px||19px|\u00a0\u00bb custom_padding_tablet=\u00a0\u00bb0px||0px|\u00a0\u00bb custom_padding_phone=\u00a0\u00bb\u00a0\u00bb global_colors_info=\u00a0\u00bb{}\u00a0\u00bb][et_pb_column type=\u00a0\u00bb4_4&Prime; _builder_version=\u00a0\u00bb4.16&Prime; background_position=\u00a0\u00bbtop_left\u00a0\u00bb custom_padding=\u00a0\u00bb|||\u00a0\u00bb global_colors_info=\u00a0\u00bb{}\u00a0\u00bb custom_padding__hover=\u00a0\u00bb|||\u00a0\u00bb][et_pb_text admin_label=\u00a0\u00bbR\u00e9alisation\u00a0\u00bb _builder_version=\u00a0\u00bb4.16&Prime; global_colors_info=\u00a0\u00bb{}\u00a0\u00bb]<\/p>\n<h2>Utilisation des donn\u00e9es personnelles collect\u00e9es<\/h2>\n<h3><\/h3>\n<h3>Cookies<\/h3>\n<p>Si vous avez un compte et que vous vous connectez sur ce site, un cookie temporaire sera cr\u00e9\u00e9 afin de d\u00e9terminer si votre navigateur accepte les cookies. Il ne contient pas de donn\u00e9es personnelles et sera supprim\u00e9 automatiquement \u00e0 la fermeture de votre navigateur.<\/p>\n<p>Lorsque vous vous connecterez, nous mettrons en place un certain nombre de cookies pour enregistrer vos informations de connexion et vos pr\u00e9f\u00e9rences d\u2019\u00e9cran. La dur\u00e9e de vie d\u2019un cookie de connexion est de deux jours, celle d\u2019un cookie d\u2019option d\u2019\u00e9cran est d\u2019un an. Si vous cochez \u00ab\u00a0Se souvenir de moi\u00a0\u00bb, votre cookie de connexion sera conserv\u00e9 pendant deux semaines. Si vous vous d\u00e9connectez de votre compte, le cookie de connexion sera effac\u00e9.<\/p>\n<p>&nbsp;<\/p>\n<h3>Statistiques et mesures d\u2019audience<\/h3>\n<p>Ce site utilise Google Analytics pour suivre les internautes.\u00a0<span style=\"font-size: 15px\">Des cookies sont utilis\u00e9s par Google Analytics pour collecter ces donn\u00e9es.<\/span><\/p>\n<p>Afin de se conformer \u00e0 la nouvelle r\u00e9glementation, Google a inclus une modification au traitement des donn\u00e9es que les internautes peuvent consulter librement.<\/p>\n<p>&nbsp;<\/p>\n<p><span style=\"font-size: 24px\">Utilisation et transmission de vos donn\u00e9es personnelles<\/span><\/p>\n<p>Rheonova recueille sur ce site des donn\u00e9es personnelles d\u2019internautes ayant pris contact via le formulaire de contact en ligne. Ces donn\u00e9es sont n\u00e9cessaires afin de r\u00e9pondre \u00e0 la sollicitation des internautes. Rheonova traite uniquement les donn\u00e9es personnelles suivantes strictement n\u00e9cessaires \u00e0 leur demande de prise de contact : nom, pr\u00e9nom, nom de soci\u00e9t\u00e9 et adresse email.<\/p>\n<p>La finalit\u00e9 de traitement de ces donn\u00e9es personnelles est de permettre \u00e0 Rheonova de r\u00e9pondre aux sollicitations des internautes.<\/p>\n<p>Les donn\u00e9es personnelles collect\u00e9es sont trait\u00e9es uniquement par Rheonova, l&rsquo;\u00e9diteur de ce site.<\/p>\n<p><span style=\"font-size: 24px\">Dur\u00e9es de stockage de vos donn\u00e9es<\/span><\/p>\n<p>Pour les utilisateurs et utilisatrices qui disposent d&rsquo;un compte leur permettant d&rsquo;acc\u00e9der \u00e0 notre espace r\u00e9serv\u00e9 : tous les utilisateurs peuvent voir, modifier ou supprimer leurs informations personnelles \u00e0 tout moment. Les gestionnaires du site peuvent aussi voir et modifier ces informations. La suppression d&rsquo;un compte et de toutes ses donn\u00e9es peut se faire par simple demande \u00e0 Rheonova par <a href=\"mailto:contact@rheonova.fr\">mail<\/a><\/p>\n<p>&nbsp;<br \/>\n[\/et_pb_text][\/et_pb_column][\/et_pb_row][\/et_pb_section]<\/p>\n","protected":false},"excerpt":{"rendered":"<p>Mentions l\u00e9gales Editeur Rheonova1 all\u00e9e de Cert\u00e8ze, 38610 Gi\u00e8res, FRANCEEmailwww.rheonova.fr N\u00b0 TVA intracommunautaire : FR36 803 705 342RCS<a href=\"https:\/\/rheomuco.com\/fr\/mentions-legales\/\" rel=\"nofollow\" class=\"more\"> >> <\/a><\/p>\n","protected":false},"author":1,"featured_media":0,"parent":0,"menu_order":0,"comment_status":"closed","ping_status":"closed","template":"","meta":{"_acf_changed":false,"_et_pb_use_builder":"on","_et_pb_old_content":"","_et_gb_content_width":"","footnotes":""},"class_list":["post-3144","page","type-page","status-publish","hentry"],"acf":[],"_links":{"self":[{"href":"https:\/\/rheomuco.com\/fr\/wp-json\/wp\/v2\/pages\/3144","targetHints":{"allow":["GET"]}}],"collection":[{"href":"https:\/\/rheomuco.com\/fr\/wp-json\/wp\/v2\/pages"}],"about":[{"href":"https:\/\/rheomuco.com\/fr\/wp-json\/wp\/v2\/types\/page"}],"author":[{"embeddable":true,"href":"https:\/\/rheomuco.com\/fr\/wp-json\/wp\/v2\/users\/1"}],"replies":[{"embeddable":true,"href":"https:\/\/rheomuco.com\/fr\/wp-json\/wp\/v2\/comments?post=3144"}],"version-history":[{"count":22,"href":"https:\/\/rheomuco.com\/fr\/wp-json\/wp\/v2\/pages\/3144\/revisions"}],"predecessor-version":[{"id":6348,"href":"https:\/\/rheomuco.com\/fr\/wp-json\/wp\/v2\/pages\/3144\/revisions\/6348"}],"wp:attachment":[{"href":"https:\/\/rheomuco.com\/fr\/wp-json\/wp\/v2\/media?parent=3144"}],"curies":[{"name":"wp","href":"https:\/\/api.w.org\/{rel}","templated":true}]}}