{"id":240,"date":"2022-08-03T17:11:19","date_gmt":"2022-08-03T15:11:19","guid":{"rendered":"http:\/\/rheomuco.magali-tillocher.com\/?page_id=240"},"modified":"2022-08-03T17:12:10","modified_gmt":"2022-08-03T15:12:10","slug":"mucus-humain","status":"publish","type":"page","link":"https:\/\/rheomuco.com\/fr\/mucus-humain\/","title":{"rendered":"Mucus humain"},"content":{"rendered":"\n[et_pb_section fb_built=\u00a0\u00bb1&Prime; custom_padding_last_edited=\u00a0\u00bbon|desktop\u00a0\u00bb module_id=\u00a0\u00bbtitle_std\u00a0\u00bb _builder_version=\u00a0\u00bb3.22&Prime; custom_padding_tablet=\u00a0\u00bb\u00a0\u00bb custom_padding_phone=\u00a0\u00bb\u00a0\u00bb][et_pb_row column_structure=\u00a0\u00bb1_4,3_4&Prime; make_equal=\u00a0\u00bbon\u00a0\u00bb module_id=\u00a0\u00bbbloc_title\u00a0\u00bb _builder_version=\u00a0\u00bb3.25&Prime; width=\u00a0\u00bb100%\u00a0\u00bb max_width=\u00a0\u00bb100%\u00a0\u00bb custom_padding=\u00a0\u00bb0px||0px|\u00a0\u00bb use_custom_width=\u00a0\u00bbon\u00a0\u00bb width_unit=\u00a0\u00bboff\u00a0\u00bb custom_width_percent=\u00a0\u00bb100%\u00a0\u00bb][et_pb_column type=\u00a0\u00bb1_4&Prime; module_id=\u00a0\u00bbline_title\u00a0\u00bb _builder_version=\u00a0\u00bb3.25&Prime; background_position=\u00a0\u00bbtop_left\u00a0\u00bb custom_padding=\u00a0\u00bb0px|0px|0px|0px\u00a0\u00bb custom_css_main_element=\u00a0\u00bbmax-height: 62px;\u00a0\u00bb custom_padding__hover=\u00a0\u00bb|||\u00a0\u00bb][\/et_pb_column][et_pb_column type=\u00a0\u00bb3_4&Prime; _builder_version=\u00a0\u00bb3.25&Prime; background_position=\u00a0\u00bbtop_left\u00a0\u00bb custom_padding=\u00a0\u00bb0px|0px|0px|0px\u00a0\u00bb custom_padding_tablet=\u00a0\u00bb0px|0px|0px|10px\u00a0\u00bb custom_padding_phone=\u00a0\u00bb\u00a0\u00bb custom_padding_last_edited=\u00a0\u00bbon|phone\u00a0\u00bb padding_tablet=\u00a0\u00bb0px|0px|0px|10px\u00a0\u00bb padding_last_edited=\u00a0\u00bbon|phone\u00a0\u00bb custom_padding__hover=\u00a0\u00bb|||\u00a0\u00bb][et_pb_text admin_label=\u00a0\u00bbTitre de page\u00a0\u00bb _builder_version=\u00a0\u00bb4.7.0&Prime; max_width=\u00a0\u00bb900px\u00a0\u00bb min_height=\u00a0\u00bb36.4px\u00a0\u00bb custom_padding=\u00a0\u00bb2px|||||\u00a0\u00bb hover_enabled=\u00a0\u00bb0&Prime; custom_css_main_element=\u00a0\u00bbborder:none;\u00a0\u00bb border_width_all=\u00a0\u00bb5px\u00a0\u00bb border_color_all=\u00a0\u00bb#3cb6b3&Prime; border_style_all=\u00a0\u00bbsolid\u00a0\u00bb border_color=\u00a0\u00bb#3cb6b3&Prime; border_width=\u00a0\u00bb5px\u00a0\u00bb border_style=\u00a0\u00bbsolid\u00a0\u00bb sticky_enabled=\u00a0\u00bb0&Prime;]<h1><span style=\"color: #008080\">Mucus humain<\/span><\/h1>\n[\/et_pb_text][\/et_pb_column][\/et_pb_row][\/et_pb_section][et_pb_section fb_built=\u00a0\u00bb1&Prime; module_id=\u00a0\u00bbcontenu_std\u00a0\u00bb _builder_version=\u00a0\u00bb3.22&Prime; custom_padding=\u00a0\u00bb0px||18px|\u00a0\u00bb][et_pb_row column_structure=\u00a0\u00bb2_5,3_5&Prime; make_equal=\u00a0\u00bbon\u00a0\u00bb custom_padding_last_edited=\u00a0\u00bbon|tablet\u00a0\u00bb _builder_version=\u00a0\u00bb3.25&Prime; custom_padding=\u00a0\u00bb0px||30px|\u00a0\u00bb custom_padding_tablet=\u00a0\u00bb0px||0px|\u00a0\u00bb custom_padding_phone=\u00a0\u00bb\u00a0\u00bb][et_pb_column type=\u00a0\u00bb2_5&Prime; _builder_version=\u00a0\u00bb3.25&Prime; background_position=\u00a0\u00bbtop_left\u00a0\u00bb custom_padding=\u00a0\u00bb|||\u00a0\u00bb custom_padding__hover=\u00a0\u00bb|||\u00a0\u00bb][et_pb_image src=\u00a0\u00bbhttps:\/\/rheomuco.com\/wp-content\/uploads\/2022\/07\/photo-1_Corsp_humain.jpg\u00a0\u00bb alt=\u00a0\u00bbYeux, \u0153il, oreilles, oreille, nez, bouche, bouches, poumons, estomac, intestins, intestin, syst\u00e8mes reproductifs, syst\u00e8me reproductivele mucus\u00a0\u00bb title_text=\u00a0\u00bbPhoto 1_Corsp_humain\u00a0\u00bb _builder_version=\u00a0\u00bb4.7.0&Prime; _module_preset=\u00a0\u00bbdefault\u00a0\u00bb][\/et_pb_image][et_pb_text admin_label=\u00a0\u00bbL\u00e9gende\u00a0\u00bb module_class=\u00a0\u00bbcaption_page\u00a0\u00bb _builder_version=\u00a0\u00bb4.7.0&Prime; transform_translate=\u00a0\u00bb0px|-30px\u00a0\u00bb transform_translate_linked=\u00a0\u00bboff\u00a0\u00bb saved_tabs=\u00a0\u00bball\u00a0\u00bb]<p style=\"text-align: center\">Le mucus dans le corps humain<\/p>[\/et_pb_text][\/et_pb_column][et_pb_column type=\u00a0\u00bb3_5&Prime; _builder_version=\u00a0\u00bb3.25&Prime; background_position=\u00a0\u00bbtop_left\u00a0\u00bb custom_padding=\u00a0\u00bb|||\u00a0\u00bb custom_padding__hover=\u00a0\u00bb|||\u00a0\u00bb][et_pb_text ul_item_indent=\u00a0\u00bb40px\u00a0\u00bb admin_label=\u00a0\u00bbLa rh\u00e9ologie, science de la mati\u00e8re en \u00e9coulement&#8230;\u00a0\u00bb _builder_version=\u00a0\u00bb4.7.0&Prime; transform_translate=\u00a0\u00bb0px|-30px\u00a0\u00bb transform_translate_linked=\u00a0\u00bboff\u00a0\u00bb]<h2 style=\"text-align: justify\"><span class=\"ILfuVd\" lang=\"fr\"><span class=\"hgKElc\">Qu&rsquo;est-ce que le mucus? <\/span><\/span><\/h2>\n<p style=\"text-align: justify\"><span style=\"color: #008080\">Le mucus est un mat\u00e9riau biologique<\/span> complexe dont le r\u00f4le physiologique est de lubrifier et de prot\u00e9ger les organes en agissant comme une barri\u00e8re physique aux agents pathog\u00e8nes et aux agressions ext\u00e9rieures\u00a0:<\/p>\n<ul style=\"text-align: justify\">\n<li>Poumons et voies a\u00e9riennes<\/li>\n<li>Vagin<\/li>\n<li>Yeux<\/li>\n<li>Appareil digestif<\/li>\n<\/ul>\n<p style=\"text-align: justify\">Le mucus est un r\u00e9seau poreux fortement hydrat\u00e9 (\u2248 98 % d\u2019eau) dont la structure est principalement compos\u00e9e de mucines, des glycoprot\u00e9ines de haut poids mol\u00e9culaire.<\/p>[\/et_pb_text][\/et_pb_column][\/et_pb_row][et_pb_row column_structure=\u00a0\u00bb3_5,2_5&Prime; make_equal=\u00a0\u00bbon\u00a0\u00bb custom_padding_last_edited=\u00a0\u00bbon|desktop\u00a0\u00bb _builder_version=\u00a0\u00bb3.25&Prime; custom_padding=\u00a0\u00bb60px||50px|\u00a0\u00bb custom_padding_tablet=\u00a0\u00bb10px||0px|\u00a0\u00bb custom_padding_phone=\u00a0\u00bb\u00a0\u00bb][et_pb_column type=\u00a0\u00bb3_5&Prime; _builder_version=\u00a0\u00bb3.25&Prime; background_position=\u00a0\u00bbtop_left\u00a0\u00bb custom_padding=\u00a0\u00bb|||\u00a0\u00bb custom_padding__hover=\u00a0\u00bb|||\u00a0\u00bb][et_pb_text admin_label=\u00a0\u00bbLa forte augmentation de la visco\u00e9lasticit\u00e9 des fluides biologiques &#8230;\u00a0\u00bb _builder_version=\u00a0\u00bb4.7.0&Prime;]<h2>Clairance du mucus dans les voies respiratoires<\/h2>\n<p style=\"text-align: justify\"><span style=\"color: #008080\">La mobilit\u00e9 du mucus<\/span> dans les voies respiratoires est essentielle pour pr\u00e9venir les infections. Le mouvement r\u00e9gulier du mucus r\u00e9sulte principalement du battement des cils sur l\u2019\u00e9pith\u00e9lium.\u00a0 La rh\u00e9ologie du mucus quantifie ses propri\u00e9t\u00e9s \u00e9lastiques, plastiques et visqueuses. L\u2019\u00e9lasticit\u00e9 et la plasticit\u00e9 du mucus en \u00e9tat sain assurent sa fonction de barri\u00e8re et emp\u00eache son \u00e9coulement dans les poumons par gravit\u00e9. Lorsqu\u2019elles atteignent des niveaux anormalement \u00e9lev\u00e9s, ces propri\u00e9t\u00e9s bloquent la clairance mucociliaire ce qui conduit \u00e0 des \u00e9tats pathologiques s\u00e9v\u00e8res.<\/p>\n<p>Applications <a href=\"https:\/\/rheomuco.com\/fr\/recherche-translationnelle-preclinique\/\"><span style=\"color: #008080\">pr\u00e9clinique<\/span><\/a> et <a href=\"https:\/\/rheomuco.com\/fr\/essais-cliniques\/\"><span style=\"color: #008080\">clinique<\/span><\/a><\/p>\n<p>&nbsp;<\/p>[\/et_pb_text][\/et_pb_column][et_pb_column type=\u00a0\u00bb2_5&Prime; _builder_version=\u00a0\u00bb3.25&Prime; background_position=\u00a0\u00bbtop_left\u00a0\u00bb custom_padding=\u00a0\u00bb|||\u00a0\u00bb custom_padding__hover=\u00a0\u00bb|||\u00a0\u00bb][et_pb_image src=\u00a0\u00bbhttps:\/\/rheomuco.com\/wp-content\/uploads\/2022\/07\/Photo-2_Strucutre-epithelium.png\u00a0\u00bb title_text=\u00a0\u00bbPhoto 2_Strucutre epithelium\u00a0\u00bb show_bottom_space=\u00a0\u00bboff\u00a0\u00bb align_tablet=\u00a0\u00bbcenter\u00a0\u00bb align_phone=\u00a0\u00bb\u00a0\u00bb align_last_edited=\u00a0\u00bbon|desktop\u00a0\u00bb disabled_on=\u00a0\u00bboff||\u00a0\u00bb admin_label=\u00a0\u00bbVisuel 1&Prime; _builder_version=\u00a0\u00bb4.7.0&Prime; max_width=\u00a0\u00bb70%\u00a0\u00bb max_width_tablet=\u00a0\u00bb60%\u00a0\u00bb max_width_phone=\u00a0\u00bb\u00a0\u00bb max_width_last_edited=\u00a0\u00bbon|tablet\u00a0\u00bb module_alignment=\u00a0\u00bbcenter\u00a0\u00bb custom_padding=\u00a0\u00bb0px|||\u00a0\u00bb custom_padding_tablet=\u00a0\u00bb20px|||\u00a0\u00bb custom_padding_phone=\u00a0\u00bb\u00a0\u00bb custom_padding_last_edited=\u00a0\u00bbon|desktop\u00a0\u00bb][\/et_pb_image][et_pb_text disabled_on=\u00a0\u00bboff||\u00a0\u00bb admin_label=\u00a0\u00bbL\u00e9gende\u00a0\u00bb module_class=\u00a0\u00bbcaption_page\u00a0\u00bb _builder_version=\u00a0\u00bb4.7.0&Prime; header_text_align=\u00a0\u00bbcenter\u00a0\u00bb text_orientation=\u00a0\u00bbcenter\u00a0\u00bb custom_margin=\u00a0\u00bb10px|||\u00a0\u00bb saved_tabs=\u00a0\u00bball\u00a0\u00bb]<p>Epithelium des bronches respiratoires<\/p>[\/et_pb_text][\/et_pb_column][\/et_pb_row][et_pb_row _builder_version=\u00a0\u00bb4.7.0&Prime; _module_preset=\u00a0\u00bbdefault\u00a0\u00bb][et_pb_column type=\u00a0\u00bb4_4&Prime; _builder_version=\u00a0\u00bb4.7.0&Prime; _module_preset=\u00a0\u00bbdefault\u00a0\u00bb][et_pb_text _builder_version=\u00a0\u00bb4.7.0&Prime; _module_preset=\u00a0\u00bbdefault\u00a0\u00bb custom_margin=\u00a0\u00bb-79px|||||\u00a0\u00bb]<h2 style=\"text-align: center\">La logistique des \u00e9chantillons de mucus peut \u00eatre d\u00e9licate\u00a0:<\/h2>\n<p style=\"text-align: center\">Comment obtenir du mucus\u00a0? Comment stocker les \u00e9chantillons\u00a0? De quel temps je dispose pour tester les \u00e9chantillons avant qu\u2019ils ne se d\u00e9gradent\u00a0? Comment pr\u00e9parer les \u00e9chantillons\u00a0? Les r\u00e9sultats\u00a0sont-ils significatifs ? Comment les interpr\u00e9ter\u00a0? <\/p>\n<p style=\"text-align: center\">\n<h3 style=\"text-align: center\">Contactez-nous pour des r\u00e9ponses \u00e0 toutes vos questions sur le mucus.<\/h3>\n<p style=\"text-align: center\">[\/et_pb_text][\/et_pb_column][\/et_pb_row][et_pb_row column_structure=\u00a0\u00bb1_5,3_5,1_5&Prime; _builder_version=\u00a0\u00bb4.7.0&Prime; _module_preset=\u00a0\u00bbdefault\u00a0\u00bb min_height=\u00a0\u00bb45px\u00a0\u00bb custom_padding=\u00a0\u00bb0px||9px|||\u00a0\u00bb][et_pb_column type=\u00a0\u00bb1_5&Prime; _builder_version=\u00a0\u00bb4.7.0&Prime; _module_preset=\u00a0\u00bbdefault\u00a0\u00bb][\/et_pb_column][et_pb_column type=\u00a0\u00bb3_5&Prime; _builder_version=\u00a0\u00bb4.7.0&Prime; _module_preset=\u00a0\u00bbdefault\u00a0\u00bb][et_pb_text admin_label=\u00a0\u00bbbloc Download\u00a0\u00bb module_class=\u00a0\u00bbdownload\u00a0\u00bb _builder_version=\u00a0\u00bb4.7.0&Prime; text_text_color=\u00a0\u00bb#ffffff\u00a0\u00bb text_font_size=\u00a0\u00bb13px\u00a0\u00bb text_orientation=\u00a0\u00bbcenter\u00a0\u00bb background_layout=\u00a0\u00bbdark\u00a0\u00bb max_width=\u00a0\u00bb25%\u00a0\u00bb max_width_tablet=\u00a0\u00bb\u00a0\u00bb max_width_phone=\u00a0\u00bb80%\u00a0\u00bb max_width_last_edited=\u00a0\u00bbon|phone\u00a0\u00bb module_alignment=\u00a0\u00bbcenter\u00a0\u00bb custom_margin=\u00a0\u00bb-28px|||||\u00a0\u00bb custom_padding=\u00a0\u00bb5px|5px|5px|5px\u00a0\u00bb custom_css_main_element=\u00a0\u00bbbackground: #3bb6b3;\u00a0\u00bb border_radii=\u00a0\u00bbon|5px|5px|5px|5px\u00a0\u00bb saved_tabs=\u00a0\u00bball\u00a0\u00bb]<p><a href=\"https:\/\/rheomuco.com\/fr\/contact\/\">Contactez-nous!<\/a><\/p>[\/et_pb_text][\/et_pb_column][et_pb_column type=\u00a0\u00bb1_5&Prime; _builder_version=\u00a0\u00bb4.7.0&Prime; _module_preset=\u00a0\u00bbdefault\u00a0\u00bb][\/et_pb_column][\/et_pb_row][\/et_pb_section]\n","protected":false},"excerpt":{"rendered":"<p>Mucus is a complex biological material whose role in human health is to lubricate and protect the organs by acting as a physical barrier against pathogens and external aggressions<\/p>\n","protected":false},"author":7,"featured_media":0,"parent":0,"menu_order":0,"comment_status":"closed","ping_status":"closed","template":"","meta":{"_acf_changed":false,"_et_pb_use_builder":"on","_et_pb_old_content":"","_et_gb_content_width":"","footnotes":""},"class_list":["post-240","page","type-page","status-publish","hentry"],"acf":[],"_links":{"self":[{"href":"https:\/\/rheomuco.com\/fr\/wp-json\/wp\/v2\/pages\/240","targetHints":{"allow":["GET"]}}],"collection":[{"href":"https:\/\/rheomuco.com\/fr\/wp-json\/wp\/v2\/pages"}],"about":[{"href":"https:\/\/rheomuco.com\/fr\/wp-json\/wp\/v2\/types\/page"}],"author":[{"embeddable":true,"href":"https:\/\/rheomuco.com\/fr\/wp-json\/wp\/v2\/users\/7"}],"replies":[{"embeddable":true,"href":"https:\/\/rheomuco.com\/fr\/wp-json\/wp\/v2\/comments?post=240"}],"version-history":[{"count":63,"href":"https:\/\/rheomuco.com\/fr\/wp-json\/wp\/v2\/pages\/240\/revisions"}],"predecessor-version":[{"id":6066,"href":"https:\/\/rheomuco.com\/fr\/wp-json\/wp\/v2\/pages\/240\/revisions\/6066"}],"wp:attachment":[{"href":"https:\/\/rheomuco.com\/fr\/wp-json\/wp\/v2\/media?parent=240"}],"curies":[{"name":"wp","href":"https:\/\/api.w.org\/{rel}","templated":true}]}}