{"id":238,"date":"2022-07-29T11:10:47","date_gmt":"2022-07-29T09:10:47","guid":{"rendered":"http:\/\/rheomuco.magali-tillocher.com\/?page_id=238"},"modified":"2024-02-14T10:31:09","modified_gmt":"2024-02-14T09:31:09","slug":"a-propos","status":"publish","type":"page","link":"https:\/\/rheomuco.com\/fr\/a-propos\/","title":{"rendered":"\u00c0 propos"},"content":{"rendered":"<p>[et_pb_section fb_built=\u00a0\u00bb1&Prime; custom_padding_last_edited=\u00a0\u00bbon|desktop\u00a0\u00bb module_id=\u00a0\u00bbtitle_std\u00a0\u00bb _builder_version=\u00a0\u00bb4.16&Prime; custom_padding_tablet=\u00a0\u00bb\u00a0\u00bb custom_padding_phone=\u00a0\u00bb\u00a0\u00bb global_colors_info=\u00a0\u00bb{}\u00a0\u00bb][et_pb_row column_structure=\u00a0\u00bb1_4,3_4&Prime; make_equal=\u00a0\u00bbon\u00a0\u00bb module_id=\u00a0\u00bbbloc_title\u00a0\u00bb _builder_version=\u00a0\u00bb4.16&Prime; width=\u00a0\u00bb100%\u00a0\u00bb max_width=\u00a0\u00bb100%\u00a0\u00bb custom_padding=\u00a0\u00bb0px||0px|\u00a0\u00bb use_custom_width=\u00a0\u00bbon\u00a0\u00bb width_unit=\u00a0\u00bboff\u00a0\u00bb custom_width_percent=\u00a0\u00bb100%\u00a0\u00bb global_colors_info=\u00a0\u00bb{}\u00a0\u00bb][et_pb_column type=\u00a0\u00bb1_4&Prime; module_id=\u00a0\u00bbline_title\u00a0\u00bb _builder_version=\u00a0\u00bb4.16&Prime; background_position=\u00a0\u00bbtop_left\u00a0\u00bb custom_padding=\u00a0\u00bb0px|0px|0px|0px\u00a0\u00bb custom_css_main_element=\u00a0\u00bbmax-height: 62px;\u00a0\u00bb global_colors_info=\u00a0\u00bb{}\u00a0\u00bb custom_padding__hover=\u00a0\u00bb|||\u00a0\u00bb][\/et_pb_column][et_pb_column type=\u00a0\u00bb3_4&Prime; _builder_version=\u00a0\u00bb4.16&Prime; background_position=\u00a0\u00bbtop_left\u00a0\u00bb custom_padding=\u00a0\u00bb0px|0px|0px|0px\u00a0\u00bb custom_padding_tablet=\u00a0\u00bb0px|0px|0px|10px\u00a0\u00bb custom_padding_phone=\u00a0\u00bb\u00a0\u00bb custom_padding_last_edited=\u00a0\u00bbon|phone\u00a0\u00bb global_colors_info=\u00a0\u00bb{}\u00a0\u00bb padding_tablet=\u00a0\u00bb0px|0px|0px|10px\u00a0\u00bb padding_last_edited=\u00a0\u00bbon|phone\u00a0\u00bb custom_padding__hover=\u00a0\u00bb|||\u00a0\u00bb padding_phone=\u00a0\u00bb0px|0px|0px|10px\u00a0\u00bb][et_pb_text admin_label=\u00a0\u00bbTitre de page\u00a0\u00bb _builder_version=\u00a0\u00bb4.16&Prime; max_width=\u00a0\u00bb900px\u00a0\u00bb custom_css_main_element=\u00a0\u00bbborder:none;\u00a0\u00bb border_color=\u00a0\u00bb#3cb6b3&Prime; border_width=\u00a0\u00bb5px\u00a0\u00bb border_style=\u00a0\u00bbsolid\u00a0\u00bb global_colors_info=\u00a0\u00bb{}\u00a0\u00bb]<\/p>\n<h1><span style=\"color: #008080\">\u00c0 propos<\/span><\/h1>\n<p>[\/et_pb_text][\/et_pb_column][\/et_pb_row][\/et_pb_section][et_pb_section fb_built=\u00a0\u00bb1&Prime; module_id=\u00a0\u00bbcontenu_std\u00a0\u00bb _builder_version=\u00a0\u00bb4.16&Prime; custom_padding=\u00a0\u00bb0px||20px|\u00a0\u00bb global_colors_info=\u00a0\u00bb{}\u00a0\u00bb][et_pb_row column_structure=\u00a0\u00bb2_5,3_5&Prime; make_equal=\u00a0\u00bbon\u00a0\u00bb _builder_version=\u00a0\u00bb4.16&Prime; custom_padding=\u00a0\u00bb0px||0px|||\u00a0\u00bb global_colors_info=\u00a0\u00bb{}\u00a0\u00bb][et_pb_column type=\u00a0\u00bb2_5&Prime; _builder_version=\u00a0\u00bb4.16&Prime; background_position=\u00a0\u00bbtop_left\u00a0\u00bb custom_padding=\u00a0\u00bb|||\u00a0\u00bb global_colors_info=\u00a0\u00bb{}\u00a0\u00bb custom_padding__hover=\u00a0\u00bb|||\u00a0\u00bb][et_pb_image src=\u00a0\u00bbhttps:\/\/rheomuco.com\/wp-content\/uploads\/2022\/07\/equipe-image-2.jpg\u00a0\u00bb title_text=\u00a0\u00bb\u00e9quipe-image (2)\u00a0\u00bb _builder_version=\u00a0\u00bb4.16&Prime; _module_preset=\u00a0\u00bbdefault\u00a0\u00bb transform_scale=\u00a0\u00bb89%|89%\u00a0\u00bb transform_translate_linked=\u00a0\u00bboff\u00a0\u00bb global_colors_info=\u00a0\u00bb{}\u00a0\u00bb][\/et_pb_image][\/et_pb_column][et_pb_column type=\u00a0\u00bb3_5&Prime; _builder_version=\u00a0\u00bb4.16&Prime; background_position=\u00a0\u00bbtop_left\u00a0\u00bb custom_padding=\u00a0\u00bb|||\u00a0\u00bb global_colors_info=\u00a0\u00bb{}\u00a0\u00bb custom_padding__hover=\u00a0\u00bb|||\u00a0\u00bb][et_pb_text admin_label=\u00a0\u00bbBloc de texte 1&Prime; _builder_version=\u00a0\u00bb4.16&Prime; custom_padding=\u00a0\u00bb0px|||||\u00a0\u00bb global_colors_info=\u00a0\u00bb{}\u00a0\u00bb]<\/p>\n<h2 style=\"text-align: left\"><strong>Nos valeurs<br \/> <\/strong><\/h2>\n<p style=\"text-align: justify\">La mission de Rheonova est de partager notre passion de la rh\u00e9ologie en la rendant <span style=\"color: #008080\"><strong>accessible<\/strong><\/span> \u00e0 tous.<\/p>\n<p style=\"text-align: justify\">Nous travaillont en <span style=\"color: #008080\"><strong>synergie<\/strong><\/span> pour concr\u00e9tiser notre vision \u00e0 travers la conception, la fabrication et la commercialisation de produits innovants et de services de qualit\u00e9<\/p>\n<p style=\"text-align: justify\">Notre principal <span style=\"color: #008080\"><strong>challenge<\/strong><\/span> est d\u2019amener la rh\u00e9ologie au secteur de la sant\u00e9 humaine, des dispositifs m\u00e9dicaux, de la recherche clinique, et demain, jusqu\u2019aux m\u00e9decins et aux patients, gr\u00e2ce \u00e0 des solutions innovantes et ergonomiques.<\/p>\n<h2 style=\"text-align: justify\"><\/h2>\n<h2 style=\"text-align: justify\">Nos \u00c9quipes<\/h2>\n<p style=\"text-align: justify\">Notre \u00e9quipe multidisciplinaire, au large spectre scientifique, met au service de nos clients son expertise en rh\u00e9ologie, chimie, ing\u00e9nierie des proc\u00e9d\u00e9s, biologie, conception m\u00e9canique et d\u00e9veloppement logiciel.<\/p>\n<p>[\/et_pb_text][\/et_pb_column][\/et_pb_row][\/et_pb_section][et_pb_section fb_built=\u00a0\u00bb1&Prime; _builder_version=\u00a0\u00bb4.16&Prime; custom_padding=\u00a0\u00bb0px|0px|0px|0px\u00a0\u00bb global_colors_info=\u00a0\u00bb{}\u00a0\u00bb][et_pb_row column_structure=\u00a0\u00bb3_5,2_5&Prime; _builder_version=\u00a0\u00bb4.16&Prime; _module_preset=\u00a0\u00bbdefault\u00a0\u00bb custom_padding=\u00a0\u00bb70px|||||\u00a0\u00bb global_colors_info=\u00a0\u00bb{}\u00a0\u00bb][et_pb_column type=\u00a0\u00bb3_5&Prime; _builder_version=\u00a0\u00bb4.16&Prime; _module_preset=\u00a0\u00bbdefault\u00a0\u00bb global_colors_info=\u00a0\u00bb{}\u00a0\u00bb][et_pb_text _builder_version=\u00a0\u00bb4.16&Prime; _module_preset=\u00a0\u00bbdefault\u00a0\u00bb global_colors_info=\u00a0\u00bb{}\u00a0\u00bb]<\/p>\n<h2>Notre histoire<\/h2>\n<p style=\"text-align: justify\">Rheonova est une spin-off du <a href=\"https:\/\/www.laboratoire-rheologie-et-procedes.fr\/\" target=\"_blank\" rel=\"noopener noreferrer\">LRP (Laboratoire rh\u00e9ologie et proc\u00e9d\u00e9s)<\/a> de l\u2019universit\u00e9 Grenoble-Alpes, cr\u00e9\u00e9e en 2014 autour de l\u2019expertise en rh\u00e9ologie. Elle a depuis \u00e9volu\u00e9 vers une soci\u00e9t\u00e9 innovante qui utilise son expertise pour rendre la rh\u00e9ologie accessible \u00e0 tous.<\/p>\n<p style=\"text-align: justify\">Rheonova est un prestataire de service, un bureau d\u2019\u00e9tudes et un centre de formation en rh\u00e9ologie pour des clients industriels. Depuis 2016, elle est aussi \u00e9quipementier.<\/p>\n<p style=\"text-align: justify\">En 2016, la premi\u00e8re version de <a href=\"https:\/\/rheomuco.com\/\" target=\"_blank\" rel=\"noopener noreferrer\">\u201cRheomuco\u201d<\/a> a \u00e9t\u00e9 utilis\u00e9e dans une \u00e9tude clinique au <a href=\"https:\/\/www.chu-grenoble.fr\/\" target=\"_blank\" rel=\"noopener noreferrer\">CHU de Grenoble<\/a> pour analyser les propri\u00e9t\u00e9s visco\u00e9lastiques du sputum de patients atteints de maladies respiratoires et de volontaires sains.<\/p>\n<p style=\"text-align: justify\">Depuis 2018, Rheonova d\u00e9ploie Rheomuco dans des laboratoires acad\u00e9miques et dans des soci\u00e9t\u00e9s de biotech\/pharma \u00e0 travers le monde, tout en continuant ses activit\u00e9s de R&amp;D dans le domaine de la rh\u00e9ologie du mucus.<\/p>\n<p style=\"text-align: justify\">En 2021, <a href=\"https:\/\/www.rheonova.fr\/fr\/produit-rheometre-location-easyrheo\/\" target=\"_blank\" rel=\"noopener noreferrer\">\u201ceasyRheo\u201d<\/a>, un rh\u00e9om\u00e8tre industriel, a \u00e9t\u00e9 lanc\u00e9 pour analyser les propri\u00e9t\u00e9s rh\u00e9ologiques de fluides d\u2019int\u00e9r\u00eat industriel.<\/p>\n<p style=\"text-align: justify\">Avec ces rh\u00e9om\u00e8tres et leurs logiciels intuitifs et pratiques, notre \u00e9quipe a cr\u00e9\u00e9 des appareils faciles d\u2019utilisation, et contribue \u00e0 faciliter l\u2019usage de la rh\u00e9ologie. Ces dispositifs sont pens\u00e9s pour des non-sp\u00e9cialistes, et comme leur installation se passe d\u2019une source d\u2019eau ou d\u2019air comprim\u00e9, ils peuvent \u00eatre utilis\u00e9s pratiquement partout, du laboratoire hospitalier \u00e0 la ligne de production.<\/p>\n<p>&nbsp;<\/p>\n<p>[\/et_pb_text][\/et_pb_column][et_pb_column type=\u00a0\u00bb2_5&Prime; _builder_version=\u00a0\u00bb4.16&Prime; _module_preset=\u00a0\u00bbdefault\u00a0\u00bb global_colors_info=\u00a0\u00bb{}\u00a0\u00bb][et_pb_image src=\u00a0\u00bbhttps:\/\/rheomuco.com\/wp-content\/uploads\/2020\/04\/c-IMG_20200403_181214.jpg\u00a0\u00bb title_text=\u00a0\u00bbc-IMG_20200403_181214&Prime; _builder_version=\u00a0\u00bb4.16&Prime; _module_preset=\u00a0\u00bbdefault\u00a0\u00bb transform_translate=\u00a0\u00bb0px|91px\u00a0\u00bb transform_translate_linked=\u00a0\u00bboff\u00a0\u00bb global_colors_info=\u00a0\u00bb{}\u00a0\u00bb][\/et_pb_image][\/et_pb_column][\/et_pb_row][\/et_pb_section]<\/p>\n","protected":false},"excerpt":{"rendered":"<p>\u00c0 proposNos valeurs La mission de Rheonova est de partager notre passion de la rh\u00e9ologie en la rendant<a href=\"https:\/\/rheomuco.com\/fr\/a-propos\/\" rel=\"nofollow\" class=\"more\"> >> <\/a><\/p>\n","protected":false},"author":7,"featured_media":0,"parent":0,"menu_order":0,"comment_status":"closed","ping_status":"closed","template":"","meta":{"_acf_changed":false,"_et_pb_use_builder":"on","_et_pb_old_content":"","_et_gb_content_width":"","footnotes":""},"class_list":["post-238","page","type-page","status-publish","hentry"],"acf":[],"_links":{"self":[{"href":"https:\/\/rheomuco.com\/fr\/wp-json\/wp\/v2\/pages\/238","targetHints":{"allow":["GET"]}}],"collection":[{"href":"https:\/\/rheomuco.com\/fr\/wp-json\/wp\/v2\/pages"}],"about":[{"href":"https:\/\/rheomuco.com\/fr\/wp-json\/wp\/v2\/types\/page"}],"author":[{"embeddable":true,"href":"https:\/\/rheomuco.com\/fr\/wp-json\/wp\/v2\/users\/7"}],"replies":[{"embeddable":true,"href":"https:\/\/rheomuco.com\/fr\/wp-json\/wp\/v2\/comments?post=238"}],"version-history":[{"count":29,"href":"https:\/\/rheomuco.com\/fr\/wp-json\/wp\/v2\/pages\/238\/revisions"}],"predecessor-version":[{"id":6412,"href":"https:\/\/rheomuco.com\/fr\/wp-json\/wp\/v2\/pages\/238\/revisions\/6412"}],"wp:attachment":[{"href":"https:\/\/rheomuco.com\/fr\/wp-json\/wp\/v2\/media?parent=238"}],"curies":[{"name":"wp","href":"https:\/\/api.w.org\/{rel}","templated":true}]}}