{"id":1243,"date":"2022-07-26T17:42:26","date_gmt":"2022-07-26T15:42:26","guid":{"rendered":"http:\/\/rheomuco.magali-tillocher.com\/?page_id=1243"},"modified":"2022-08-03T11:10:50","modified_gmt":"2022-08-03T09:10:50","slug":"essais-cliniques","status":"publish","type":"page","link":"https:\/\/rheomuco.com\/fr\/essais-cliniques\/","title":{"rendered":"Essais cliniques"},"content":{"rendered":"\n\n[et_pb_section fb_built=\u00a0\u00bb1&Prime; custom_padding_last_edited=\u00a0\u00bbon|desktop\u00a0\u00bb module_id=\u00a0\u00bbtitle_std\u00a0\u00bb _builder_version=\u00a0\u00bb3.22&Prime; custom_padding_tablet=\u00a0\u00bb\u00a0\u00bb custom_padding_phone=\u00a0\u00bb\u00a0\u00bb][et_pb_row column_structure=\u00a0\u00bb1_4,3_4&Prime; make_equal=\u00a0\u00bbon\u00a0\u00bb module_id=\u00a0\u00bbbloc_title\u00a0\u00bb _builder_version=\u00a0\u00bb3.25&Prime; background_size=\u00a0\u00bbinitial\u00a0\u00bb background_position=\u00a0\u00bbtop_left\u00a0\u00bb background_repeat=\u00a0\u00bbrepeat\u00a0\u00bb width=\u00a0\u00bb100%\u00a0\u00bb max_width=\u00a0\u00bb100%\u00a0\u00bb custom_padding=\u00a0\u00bb0px||0px|\u00a0\u00bb use_custom_width=\u00a0\u00bbon\u00a0\u00bb width_unit=\u00a0\u00bboff\u00a0\u00bb custom_width_percent=\u00a0\u00bb100%\u00a0\u00bb][et_pb_column type=\u00a0\u00bb1_4&Prime; module_id=\u00a0\u00bbline_title\u00a0\u00bb _builder_version=\u00a0\u00bb3.25&Prime; background_position=\u00a0\u00bbtop_left\u00a0\u00bb custom_padding=\u00a0\u00bb0px|0px|0px|0px\u00a0\u00bb custom_css_main_element=\u00a0\u00bbmax-height: 62px;\u00a0\u00bb custom_padding__hover=\u00a0\u00bb|||\u00a0\u00bb][\/et_pb_column][et_pb_column type=\u00a0\u00bb3_4&Prime; _builder_version=\u00a0\u00bb3.25&Prime; background_position=\u00a0\u00bbtop_left\u00a0\u00bb custom_padding=\u00a0\u00bb0px|0px|0px|0px\u00a0\u00bb custom_padding_tablet=\u00a0\u00bb0px|0px|0px|10px\u00a0\u00bb custom_padding_phone=\u00a0\u00bb\u00a0\u00bb custom_padding_last_edited=\u00a0\u00bbon|phone\u00a0\u00bb custom_padding__hover=\u00a0\u00bb|||\u00a0\u00bb][et_pb_text admin_label=\u00a0\u00bbTitre de page\u00a0\u00bb _builder_version=\u00a0\u00bb4.7.0&Prime; max_width=\u00a0\u00bb900px\u00a0\u00bb custom_css_main_element=\u00a0\u00bbborder:none;\u00a0\u00bb border_color=\u00a0\u00bb#3cb6b3&Prime; border_width=\u00a0\u00bb5px\u00a0\u00bb border_style=\u00a0\u00bbsolid\u00a0\u00bb]<h1><span style=\"color: #008080\"><strong>Essais cliniques<\/strong><\/span><\/h1>[\/et_pb_text][\/et_pb_column][\/et_pb_row][\/et_pb_section][et_pb_section fb_built=\u00a0\u00bb1&Prime; module_id=\u00a0\u00bbcontenu_std\u00a0\u00bb _builder_version=\u00a0\u00bb3.22&Prime; custom_padding=\u00a0\u00bb0px||20px|\u00a0\u00bb][et_pb_row column_structure=\u00a0\u00bb2_5,3_5&Prime; make_equal=\u00a0\u00bbon\u00a0\u00bb _builder_version=\u00a0\u00bb3.25&Prime; custom_padding=\u00a0\u00bb0px||10px|\u00a0\u00bb][et_pb_column type=\u00a0\u00bb2_5&Prime; _builder_version=\u00a0\u00bb3.25&Prime; background_position=\u00a0\u00bbtop_left\u00a0\u00bb custom_padding=\u00a0\u00bb|||\u00a0\u00bb custom_padding__hover=\u00a0\u00bb|||\u00a0\u00bb][et_pb_image src=\u00a0\u00bbhttps:\/\/rheomuco.com\/wp-content\/uploads\/2022\/07\/Photo-10_LydiaRheomuco-1.jpg\u00a0\u00bb title_text=\u00a0\u00bbPhoto 10_Lydia&amp;Rheomuco\u00a0\u00bb align=\u00a0\u00bbcenter\u00a0\u00bb align_tablet=\u00a0\u00bbcenter\u00a0\u00bb align_phone=\u00a0\u00bb\u00a0\u00bb align_last_edited=\u00a0\u00bbon|desktop\u00a0\u00bb admin_label=\u00a0\u00bbVisuel 1&Prime; _builder_version=\u00a0\u00bb4.7.0&Prime; max_width_phone=\u00a0\u00bb200px\u00a0\u00bb max_width_last_edited=\u00a0\u00bboff|desktop\u00a0\u00bb module_alignment=\u00a0\u00bbleft\u00a0\u00bb animation_direction=\u00a0\u00bboff\u00a0\u00bb border_style=\u00a0\u00bbsolid\u00a0\u00bb sticky=\u00a0\u00bboff\u00a0\u00bb]&nbsp;\r[\/et_pb_image][\/et_pb_column][et_pb_column type=\u00a0\u00bb3_5&Prime; _builder_version=\u00a0\u00bb3.25&Prime; background_position=\u00a0\u00bbtop_left\u00a0\u00bb custom_padding=\u00a0\u00bb|||\u00a0\u00bb custom_padding__hover=\u00a0\u00bb|||\u00a0\u00bb][et_pb_text ul_item_indent=\u00a0\u00bb40px\u00a0\u00bb admin_label=\u00a0\u00bbBloc de texte 1&Prime; _builder_version=\u00a0\u00bb4.7.0&Prime; hover_enabled=\u00a0\u00bb0&Prime; sticky_enabled=\u00a0\u00bb0&Prime;]<h2 style=\"text-align: justify\">Rheomuco soutient le d\u00e9veloppement de nouvelles mol\u00e9cules innovantes pour am\u00e9liorer la sant\u00e9<\/h2>\n<p style=\"text-align: justify\">Mener un candidat m\u00e9dicament de la d\u00e9couverte au nouveau traitement est un parcours long et complexe jalonn\u00e9 d\u2019obstacles. Chaque \u00e9tape d\u2019un essai clinique s\u2019av\u00e8re cruciale dans ce parcours.<\/p>\n<p style=\"text-align: justify\">En choisissant la rh\u00e9ologie du mucus comme marqueur biophysique, vous gagnerez une mesure simplifi\u00e9e et fiable pour \u00e9valuer l\u2019efficacit\u00e9 de votre m\u00e9dicament. Nous offrons \u00e9galement un support applicatif \u00e0 toutes les \u00e9tapes cliniques\u00a0:<\/p>\n<ul style=\"text-align: justify\">\n<li><a href=\"https:\/\/rheomuco.com\/fr\/recherche-translationnelle-preclinique\/\">Pr\u00e9-clinique<\/a><\/li>\n<li>Phase I<\/li>\n<li>Phase II<\/li>\n<li>Phase III<\/li>\n<\/ul>\n<p style=\"text-align: justify\">Comme crit\u00e8re de jugement secondaire, la rh\u00e9ologie du mucus aide \u00e0 comprendre les effets du traitement dans le temps\u00a0: comment la production de mucus \u00e9volue lors de la premi\u00e8re phase d\u2019administration\u00a0? Quel est l\u2019effet de dose\u00a0? Sous quel d\u00e9lai un niveau stable est-il atteint\u00a0? Y a-t-il un effet persistant apr\u00e8s une p\u00e9riode d\u2019\u00e9limination.<\/p>\n[\/et_pb_text][\/et_pb_column][\/et_pb_row][et_pb_row _builder_version=\u00a0\u00bb4.7.0&Prime; _module_preset=\u00a0\u00bbdefault\u00a0\u00bb][et_pb_column type=\u00a0\u00bb4_4&Prime; _builder_version=\u00a0\u00bb4.7.0&Prime; _module_preset=\u00a0\u00bbdefault\u00a0\u00bb][et_pb_text _builder_version=\u00a0\u00bb4.7.0&Prime; _module_preset=\u00a0\u00bbdefault\u00a0\u00bb]<h2 style=\"text-align: justify\">Comment Rheomuco peut-il int\u00e9grer votre essai clinique ?<\/h2>\n<p style=\"text-align: justify\"><strong><span style=\"color: #008080\">La phase I<\/span><\/strong> est une \u00e9tape critique o\u00f9 le m\u00e9dicament sera test\u00e9 sur des sujets humains pour la premi\u00e8re fois. Tester la rh\u00e9ologie du mucus \u00e0 ce stade vous aidera \u00e0 comprendre comment la mol\u00e9cule interagit avec le mucus.<\/p>\n<p style=\"text-align: justify\">Votre d\u00e9veloppement clinique montre un fort potentiel, il est temps d\u2019engager des \u00e9tudes <strong><span style=\"color: #008080\">preuve de concept<\/span><\/strong>. Durant cette <strong><span style=\"color: #008080\">Phase II<\/span><\/strong>, les biomarqueurs et les crit\u00e8res de jugement jouent un r\u00f4le crucial pour d\u00e9terminer le b\u00e9n\u00e9fice de ce nouveau traitement innovant.<\/p>\n<p style=\"text-align: justify\">Dans le cas particulier des patients muco-obstructifs, la rh\u00e9ologie fournit un marqueur biophysique direct. Au-del\u00e0 de l\u2019\u00e9valuation de l\u2019efficacit\u00e9, la rh\u00e9ologie permet de mieux comprendre la dynamique du m\u00e9dicament et les possibles \u00e9v\u00e9nements associ\u00e9s tels que l\u2019ass\u00e8chement du mucus ou la surs\u00e9cr\u00e9tion, sa dur\u00e9e de vie et ses effets sur plusieurs semaines.<\/p>[\/et_pb_text][\/et_pb_column][\/et_pb_row][et_pb_row column_structure=\u00a0\u00bb2_3,1_3&Prime; _builder_version=\u00a0\u00bb3.25&Prime; background_size=\u00a0\u00bbinitial\u00a0\u00bb background_position=\u00a0\u00bbtop_left\u00a0\u00bb background_repeat=\u00a0\u00bbrepeat\u00a0\u00bb min_height=\u00a0\u00bb259.9px\u00a0\u00bb custom_margin=\u00a0\u00bb-26px|auto||auto||\u00a0\u00bb custom_padding=\u00a0\u00bb0px|||||\u00a0\u00bb][et_pb_column type=\u00a0\u00bb2_3&Prime; _builder_version=\u00a0\u00bb3.25&Prime; custom_padding=\u00a0\u00bb|||\u00a0\u00bb custom_padding__hover=\u00a0\u00bb|||\u00a0\u00bb][et_pb_text ul_item_indent=\u00a0\u00bb40px\u00a0\u00bb admin_label=\u00a0\u00bbBloc de texte 2&Prime; _builder_version=\u00a0\u00bb4.7.0&Prime;]<p style=\"text-align: justify\">\n<p style=\"text-align: justify\">Vous progressez encore vers la mise sur le march\u00e9 de votre traitement. Pendant la <strong><span style=\"color: #008080\">phase III<\/span><\/strong> Rheomuco vous aidera \u00e0 comparer l\u2019activit\u00e9 du nouveau traitement aux standards pour les maladies muco-obstructives, pour \u00e9tablir des revendications et positionner votre futur produit sur le march\u00e9.<\/p>\n<p style=\"text-align: justify\">Les maladies muco-obstructives incluent, de fa\u00e7on non exhaustive,<\/p>\n<ul>\n<li style=\"text-align: justify\">La Broncho-Pneumopathie Chronique Obstructive (BPCO),<\/li>\n<li style=\"text-align: justify\">La mucoviscidose,<\/li>\n<li style=\"text-align: justify\">La dyskin\u00e9sie ciliaire primaire,<\/li>\n<li style=\"text-align: justify\">L\u2019asthme s\u00e9v\u00e8re,<\/li>\n<li style=\"text-align: justify\">La Dilatation Des Bronches (DDB),<\/li>\n<li style=\"text-align: justify\">D\u2019autres maladies muco-obstructives<\/li>\n<\/ul>\n<p>&nbsp;<\/p>[\/et_pb_text][\/et_pb_column][et_pb_column type=\u00a0\u00bb1_3&Prime; _builder_version=\u00a0\u00bb3.25&Prime; custom_padding=\u00a0\u00bb|||\u00a0\u00bb custom_padding__hover=\u00a0\u00bb|||\u00a0\u00bb][et_pb_image src=\u00a0\u00bbhttps:\/\/rheomuco.com\/wp-content\/uploads\/2022\/07\/Photo-11_phase_cliniques._JPG.jpg\u00a0\u00bb title_text=\u00a0\u00bbPhoto 11_phase_cliniques._JPG\u00a0\u00bb show_in_lightbox=\u00a0\u00bbon\u00a0\u00bb align_tablet=\u00a0\u00bbcenter\u00a0\u00bb align_phone=\u00a0\u00bb\u00a0\u00bb align_last_edited=\u00a0\u00bbon|desktop\u00a0\u00bb _builder_version=\u00a0\u00bb4.7.0&Prime; transform_scale=\u00a0\u00bb115%|115%\u00a0\u00bb transform_translate=\u00a0\u00bb-21px|0px\u00a0\u00bb transform_translate_linked=\u00a0\u00bboff\u00a0\u00bb hover_enabled=\u00a0\u00bb0&Prime; sticky_enabled=\u00a0\u00bb0&Prime;][\/et_pb_image][et_pb_text admin_label=\u00a0\u00bbL\u00e9gende\u00a0\u00bb module_class=\u00a0\u00bbcaption_page\u00a0\u00bb _builder_version=\u00a0\u00bb4.7.0&Prime; hover_enabled=\u00a0\u00bb0&Prime; saved_tabs=\u00a0\u00bball\u00a0\u00bb transform_scale_linked=\u00a0\u00bboff\u00a0\u00bb transform_translate=\u00a0\u00bb70px|-15px\u00a0\u00bb transform_translate_linked=\u00a0\u00bboff\u00a0\u00bb sticky_enabled=\u00a0\u00bb0&Prime;]<p>Les phases d&rsquo;\u00e9tudes cliniques<\/p>\n[\/et_pb_text][\/et_pb_column][\/et_pb_row][et_pb_row column_structure=\u00a0\u00bb1_5,3_5,1_5&Prime; _builder_version=\u00a0\u00bb4.7.0&Prime; _module_preset=\u00a0\u00bbdefault\u00a0\u00bb min_height=\u00a0\u00bb175.7px\u00a0\u00bb][et_pb_column type=\u00a0\u00bb1_5&Prime; _builder_version=\u00a0\u00bb4.7.0&Prime; _module_preset=\u00a0\u00bbdefault\u00a0\u00bb][\/et_pb_column][et_pb_column type=\u00a0\u00bb3_5&Prime; _builder_version=\u00a0\u00bb4.7.0&Prime; _module_preset=\u00a0\u00bbdefault\u00a0\u00bb][et_pb_text _builder_version=\u00a0\u00bb4.7.0&Prime; _module_preset=\u00a0\u00bbdefault\u00a0\u00bb hover_enabled=\u00a0\u00bb0&Prime; sticky_enabled=\u00a0\u00bb0&Prime;]<h3 style=\"text-align: center\">Rheomuco est un instrument de laboratoire plug and play, qui peut \u00eatre install\u00e9 en site clinique et fournir des analyses en moins de 5 min\u00a0!\u00a0<\/h3>\n[\/et_pb_text][et_pb_text admin_label=\u00a0\u00bbbloc Download\u00a0\u00bb module_class=\u00a0\u00bbdownload\u00a0\u00bb _builder_version=\u00a0\u00bb4.7.0&Prime; text_text_color=\u00a0\u00bb#ffffff\u00a0\u00bb text_font_size=\u00a0\u00bb13px\u00a0\u00bb text_orientation=\u00a0\u00bbcenter\u00a0\u00bb background_layout=\u00a0\u00bbdark\u00a0\u00bb max_width=\u00a0\u00bb25%\u00a0\u00bb max_width_tablet=\u00a0\u00bb\u00a0\u00bb max_width_phone=\u00a0\u00bb80%\u00a0\u00bb max_width_last_edited=\u00a0\u00bbon|phone\u00a0\u00bb module_alignment=\u00a0\u00bbcenter\u00a0\u00bb custom_padding=\u00a0\u00bb5px|5px|5px|5px\u00a0\u00bb hover_enabled=\u00a0\u00bb0&Prime; custom_css_main_element=\u00a0\u00bbbackground: #3bb6b3;\u00a0\u00bb border_radii=\u00a0\u00bbon|5px|5px|5px|5px\u00a0\u00bb saved_tabs=\u00a0\u00bball\u00a0\u00bb link_option_url=\u00a0\u00bbhttps:\/\/rheomuco.com\/fr\/contact\/\u00a0\u00bb sticky_enabled=\u00a0\u00bb0&Prime;]<p>Contatez-nous !<\/p>\n[\/et_pb_text][\/et_pb_column][et_pb_column type=\u00a0\u00bb1_5&Prime; _builder_version=\u00a0\u00bb4.7.0&Prime; _module_preset=\u00a0\u00bbdefault\u00a0\u00bb][\/et_pb_column][\/et_pb_row][\/et_pb_section]\n\n","protected":false},"excerpt":{"rendered":"<p>Essais cliniques&nbsp; Rheomuco soutient le d\u00e9veloppement de nouvelles mol\u00e9cules innovantes pour am\u00e9liorer la sant\u00e9 Mener un candidat m\u00e9dicament<a href=\"https:\/\/rheomuco.com\/fr\/essais-cliniques\/\" rel=\"nofollow\" class=\"more\"> >> <\/a><\/p>\n","protected":false},"author":7,"featured_media":0,"parent":0,"menu_order":0,"comment_status":"closed","ping_status":"closed","template":"","meta":{"_acf_changed":false,"_et_pb_use_builder":"on","_et_pb_old_content":"","_et_gb_content_width":"","footnotes":""},"class_list":["post-1243","page","type-page","status-publish","hentry"],"acf":[],"_links":{"self":[{"href":"https:\/\/rheomuco.com\/fr\/wp-json\/wp\/v2\/pages\/1243","targetHints":{"allow":["GET"]}}],"collection":[{"href":"https:\/\/rheomuco.com\/fr\/wp-json\/wp\/v2\/pages"}],"about":[{"href":"https:\/\/rheomuco.com\/fr\/wp-json\/wp\/v2\/types\/page"}],"author":[{"embeddable":true,"href":"https:\/\/rheomuco.com\/fr\/wp-json\/wp\/v2\/users\/7"}],"replies":[{"embeddable":true,"href":"https:\/\/rheomuco.com\/fr\/wp-json\/wp\/v2\/comments?post=1243"}],"version-history":[{"count":27,"href":"https:\/\/rheomuco.com\/fr\/wp-json\/wp\/v2\/pages\/1243\/revisions"}],"predecessor-version":[{"id":5910,"href":"https:\/\/rheomuco.com\/fr\/wp-json\/wp\/v2\/pages\/1243\/revisions\/5910"}],"wp:attachment":[{"href":"https:\/\/rheomuco.com\/fr\/wp-json\/wp\/v2\/media?parent=1243"}],"curies":[{"name":"wp","href":"https:\/\/api.w.org\/{rel}","templated":true}]}}