{"id":1233,"date":"2022-08-03T10:04:05","date_gmt":"2022-08-03T08:04:05","guid":{"rendered":"http:\/\/rheomuco.magali-tillocher.com\/?page_id=1233"},"modified":"2022-08-19T16:03:59","modified_gmt":"2022-08-19T14:03:59","slug":"mucus-issu-de-cultures-cellulaires","status":"publish","type":"page","link":"https:\/\/rheomuco.com\/fr\/mucus-issu-de-cultures-cellulaires\/","title":{"rendered":"Mucus issu de cultures cellulaires"},"content":{"rendered":"\n\n[et_pb_section fb_built=\u00a0\u00bb1&Prime; custom_padding_last_edited=\u00a0\u00bbon|desktop\u00a0\u00bb module_id=\u00a0\u00bbtitle_std\u00a0\u00bb _builder_version=\u00a0\u00bb3.22&Prime; custom_padding_tablet=\u00a0\u00bb\u00a0\u00bb custom_padding_phone=\u00a0\u00bb\u00a0\u00bb][et_pb_row column_structure=\u00a0\u00bb1_4,3_4&Prime; make_equal=\u00a0\u00bbon\u00a0\u00bb module_id=\u00a0\u00bbbloc_title\u00a0\u00bb _builder_version=\u00a0\u00bb3.25&Prime; width=\u00a0\u00bb100%\u00a0\u00bb max_width=\u00a0\u00bb100%\u00a0\u00bb custom_padding=\u00a0\u00bb0px||0px|\u00a0\u00bb use_custom_width=\u00a0\u00bbon\u00a0\u00bb width_unit=\u00a0\u00bboff\u00a0\u00bb custom_width_percent=\u00a0\u00bb100%\u00a0\u00bb][et_pb_column type=\u00a0\u00bb1_4&Prime; module_id=\u00a0\u00bbline_title\u00a0\u00bb _builder_version=\u00a0\u00bb3.25&Prime; background_position=\u00a0\u00bbtop_left\u00a0\u00bb custom_padding=\u00a0\u00bb0px|0px|0px|0px\u00a0\u00bb custom_css_main_element=\u00a0\u00bbmax-height: 62px;\u00a0\u00bb custom_padding__hover=\u00a0\u00bb|||\u00a0\u00bb][\/et_pb_column][et_pb_column type=\u00a0\u00bb3_4&Prime; _builder_version=\u00a0\u00bb3.25&Prime; background_position=\u00a0\u00bbtop_left\u00a0\u00bb custom_padding=\u00a0\u00bb0px|0px|0px|0px\u00a0\u00bb custom_padding_tablet=\u00a0\u00bb0px|0px|0px|10px\u00a0\u00bb custom_padding_phone=\u00a0\u00bb\u00a0\u00bb custom_padding_last_edited=\u00a0\u00bbon|phone\u00a0\u00bb custom_padding__hover=\u00a0\u00bb|||\u00a0\u00bb][et_pb_text admin_label=\u00a0\u00bbTitre de page\u00a0\u00bb _builder_version=\u00a0\u00bb4.7.0&Prime; max_width=\u00a0\u00bb900px\u00a0\u00bb custom_css_main_element=\u00a0\u00bbborder:none;\u00a0\u00bb border_width_all=\u00a0\u00bb5px\u00a0\u00bb border_color_all=\u00a0\u00bb#3cb6b3&Prime; border_style_all=\u00a0\u00bbsolid\u00a0\u00bb border_color=\u00a0\u00bb#3cb6b3&Prime; border_width=\u00a0\u00bb5px\u00a0\u00bb border_style=\u00a0\u00bbsolid\u00a0\u00bb]<h1><span style=\"color: #008080\">Mucus issu de cultures cellulaires<\/span><\/h1>[\/et_pb_text][\/et_pb_column][\/et_pb_row][\/et_pb_section][et_pb_section fb_built=\u00a0\u00bb1&Prime; module_id=\u00a0\u00bbcontenu_std\u00a0\u00bb _builder_version=\u00a0\u00bb3.22&Prime; custom_padding=\u00a0\u00bb0px||20px|\u00a0\u00bb][et_pb_row column_structure=\u00a0\u00bb2_5,3_5&Prime; make_equal=\u00a0\u00bbon\u00a0\u00bb custom_padding_last_edited=\u00a0\u00bbon|phone\u00a0\u00bb _builder_version=\u00a0\u00bb3.25&Prime; custom_padding=\u00a0\u00bb22px||0px|||\u00a0\u00bb custom_padding_tablet=\u00a0\u00bb\u00a0\u00bb custom_padding_phone=\u00a0\u00bb\u00a0\u00bb][et_pb_column type=\u00a0\u00bb2_5&Prime; _builder_version=\u00a0\u00bb3.25&Prime; background_position=\u00a0\u00bbtop_left\u00a0\u00bb custom_padding=\u00a0\u00bb|||\u00a0\u00bb custom_padding__hover=\u00a0\u00bb|||\u00a0\u00bb][et_pb_image src=\u00a0\u00bbhttps:\/\/rheomuco.com\/wp-content\/uploads\/2022\/07\/Photo-3_culture-cellulaire-2.jpeg\u00a0\u00bb title_text=\u00a0\u00bbBiotechnology Researcher in Laboratory Working with Cell Culture\u00a0\u00bb show_bottom_space=\u00a0\u00bboff\u00a0\u00bb align=\u00a0\u00bbcenter\u00a0\u00bb align_tablet=\u00a0\u00bbcenter\u00a0\u00bb align_phone=\u00a0\u00bb\u00a0\u00bb align_last_edited=\u00a0\u00bbon|desktop\u00a0\u00bb admin_label=\u00a0\u00bbVisuel 1&Prime; _builder_version=\u00a0\u00bb4.7.0&Prime; transform_scale=\u00a0\u00bb120%|120%\u00a0\u00bb max_width=\u00a0\u00bb80%\u00a0\u00bb max_width_last_edited=\u00a0\u00bboff|phone\u00a0\u00bb border_style=\u00a0\u00bbsolid\u00a0\u00bb sticky=\u00a0\u00bboff\u00a0\u00bb]&nbsp;\r[\/et_pb_image][\/et_pb_column][et_pb_column type=\u00a0\u00bb3_5&Prime; _builder_version=\u00a0\u00bb3.25&Prime; background_position=\u00a0\u00bbtop_left\u00a0\u00bb custom_padding=\u00a0\u00bb|||\u00a0\u00bb custom_padding__hover=\u00a0\u00bb|||\u00a0\u00bb][et_pb_text ul_item_indent=\u00a0\u00bb40px\u00a0\u00bb admin_label=\u00a0\u00bbBloc de texte 1&Prime; _builder_version=\u00a0\u00bb4.7.0&Prime;]<h2 style=\"text-align: justify\">La culture cellulaire des mod\u00e8les \u00e9pith\u00e9liales<\/h2>\n<p style=\"text-align: justify\"><span style=\"color: #008080\"><\/span><\/p>\n<p style=\"text-align: justify\"><span style=\"color: #008080\"><\/span><\/p>\n<p style=\"text-align: justify\"><span style=\"color: #008080\">La culture cellulaire<\/span> est souvent utiliser pour s\u2019affranchir de certaines limites des exp\u00e9riences <em>in vivo<\/em> ou <em>ex vivo<\/em>, telles que la faible repr\u00e9sentativit\u00e9 des mod\u00e8les animaux ou la faible disponibilit\u00e9 et le co\u00fbt \u00e9lev\u00e9 des \u00e9chantillons humains, plusieurs mod\u00e8les existent\u00a0:<\/p>\n<ul>\n<li style=\"text-align: justify\">Cellules \u00e9pith\u00e9liales des voies respiratoires humaines &#8211; nasales et bronchiques<\/li>\n<li style=\"text-align: justify\">Cellules \u00e9pith\u00e9liales intestinales humaines<\/li>\n<li style=\"text-align: justify\">Cellules \u00e9pith\u00e9liales cervicales humaines<\/li>\n<\/ul>[\/et_pb_text][\/et_pb_column][\/et_pb_row][et_pb_row column_structure=\u00a0\u00bb1_2,1_2&Prime; make_equal=\u00a0\u00bbon\u00a0\u00bb custom_padding_last_edited=\u00a0\u00bbon|tablet\u00a0\u00bb _builder_version=\u00a0\u00bb3.25&Prime; custom_padding=\u00a0\u00bb100px||10px|||\u00a0\u00bb custom_padding_tablet=\u00a0\u00bb10px||10px|\u00a0\u00bb custom_padding_phone=\u00a0\u00bb\u00a0\u00bb][et_pb_column type=\u00a0\u00bb1_2&Prime; _builder_version=\u00a0\u00bb3.25&Prime; background_position=\u00a0\u00bbtop_left\u00a0\u00bb custom_padding=\u00a0\u00bb|||\u00a0\u00bb custom_padding__hover=\u00a0\u00bb|||\u00a0\u00bb][et_pb_text ul_item_indent=\u00a0\u00bb40px\u00a0\u00bb admin_label=\u00a0\u00bbBloc de texte 2&Prime; _builder_version=\u00a0\u00bb4.7.0&Prime; custom_margin=\u00a0\u00bb|-57px||||\u00a0\u00bb]<h2 style=\"text-align: justify\">La rh\u00e9ologie du mucus pour les mod\u00e8les cellulaires <em>in vitro<\/em><\/h2>\n<p><em><\/em><\/p>\n<p style=\"text-align: justify\">Le mucus produit par ces mod\u00e8les <em>in vitro<\/em> r\u00e9plique partiellement la structure et la fonction biologique du mucus de sorte que la rh\u00e9ologie est un marqueur biophysique pertinent offrant de nouvelles perspectives de recherche.<\/p>\n<ul style=\"text-align: justify\">\n<li>Choisir un candidat m\u00e9dicament<\/li>\n<li>Comparer de nouvelles mol\u00e9cules<\/li>\n<li>Etudier les m\u00e9canismes de \u00ab\u00a0drug delivery\u00a0\u00bb<\/li>\n<li>Comparer des dispositifs d\u2019administration de m\u00e9dicaments<\/li>\n<li>D\u00e9couvrir les effets des interactions biologiques dans le mucus<\/li>\n<\/ul>\n<p>Applications <a href=\"https:\/\/rheomuco.com\/fr\/recherche-sur-le-mucus\/\"><span style=\"color: #008080\">recherche sur le mucus<\/span> <\/a>et <a href=\"https:\/\/rheomuco.com\/fr\/recherche-translationnelle-preclinique\/\"><span style=\"color: #008080\">recherche translationnelle et pr\u00e9clinique<\/span><\/a><\/p>\n<p style=\"text-align: justify\"><em><\/em><\/p>[\/et_pb_text][\/et_pb_column][et_pb_column type=\u00a0\u00bb1_2&Prime; _builder_version=\u00a0\u00bb3.25&Prime; background_position=\u00a0\u00bbtop_left\u00a0\u00bb custom_padding=\u00a0\u00bb|||\u00a0\u00bb custom_padding__hover=\u00a0\u00bb|||\u00a0\u00bb][et_pb_image src=\u00a0\u00bbhttps:\/\/rheomuco.com\/wp-content\/uploads\/2018\/01\/femmes_pipette.jpg\u00a0\u00bb title_text=\u00a0\u00bbfemmes_pipette\u00a0\u00bb url_new_window=\u00a0\u00bbon\u00a0\u00bb show_bottom_space=\u00a0\u00bboff\u00a0\u00bb align=\u00a0\u00bbcenter\u00a0\u00bb align_tablet=\u00a0\u00bbcenter\u00a0\u00bb align_phone=\u00a0\u00bb\u00a0\u00bb align_last_edited=\u00a0\u00bbon|desktop\u00a0\u00bb admin_label=\u00a0\u00bbVisuel 2&Prime; _builder_version=\u00a0\u00bb4.7.0&Prime; transform_scale=\u00a0\u00bb170%|170%\u00a0\u00bb max_width=\u00a0\u00bb240px\u00a0\u00bb max_width_tablet=\u00a0\u00bb200px\u00a0\u00bb max_width_phone=\u00a0\u00bb150px\u00a0\u00bb max_width_last_edited=\u00a0\u00bbon|tablet\u00a0\u00bb module_alignment=\u00a0\u00bbcenter\u00a0\u00bb custom_padding=\u00a0\u00bb0px|||\u00a0\u00bb custom_padding_tablet=\u00a0\u00bb\u00a0\u00bb custom_padding_phone=\u00a0\u00bb10px|||\u00a0\u00bb custom_padding_last_edited=\u00a0\u00bbon|phone\u00a0\u00bb]&nbsp;\r[\/et_pb_image][\/et_pb_column][\/et_pb_row][et_pb_row column_structure=\u00a0\u00bb1_5,3_5,1_5&Prime; _builder_version=\u00a0\u00bb4.7.0&Prime; _module_preset=\u00a0\u00bbdefault\u00a0\u00bb custom_padding=\u00a0\u00bb40px||66px|||\u00a0\u00bb][et_pb_column type=\u00a0\u00bb1_5&Prime; _builder_version=\u00a0\u00bb4.7.0&Prime; _module_preset=\u00a0\u00bbdefault\u00a0\u00bb][\/et_pb_column][et_pb_column type=\u00a0\u00bb3_5&Prime; _builder_version=\u00a0\u00bb4.7.0&Prime; _module_preset=\u00a0\u00bbdefault\u00a0\u00bb][et_pb_text _builder_version=\u00a0\u00bb4.7.0&Prime; _module_preset=\u00a0\u00bbdefault\u00a0\u00bb custom_margin=\u00a0\u00bb||-1px|||\u00a0\u00bb]<h3 style=\"text-align: center\"><strong>Envie de tester ces \u00e9chantillons issus de mod\u00e8les cellulaires\u00a0? Vous pouvez d\u00e9sormais analyser de tr\u00e8s petits volumes de mucus! <\/strong><\/h3>\n<h4 style=\"text-align: center\"><strong>Contactez-nous pour un devis adapt\u00e9 \u00e0 vos besoins<\/strong>!<\/h4>[\/et_pb_text][et_pb_text admin_label=\u00a0\u00bbbloc Download\u00a0\u00bb module_class=\u00a0\u00bbdownload\u00a0\u00bb _builder_version=\u00a0\u00bb4.7.0&Prime; text_text_color=\u00a0\u00bb#ffffff\u00a0\u00bb text_font_size=\u00a0\u00bb13px\u00a0\u00bb text_orientation=\u00a0\u00bbcenter\u00a0\u00bb background_layout=\u00a0\u00bbdark\u00a0\u00bb max_width=\u00a0\u00bb25%\u00a0\u00bb max_width_tablet=\u00a0\u00bb\u00a0\u00bb max_width_phone=\u00a0\u00bb80%\u00a0\u00bb max_width_last_edited=\u00a0\u00bbon|phone\u00a0\u00bb module_alignment=\u00a0\u00bbcenter\u00a0\u00bb custom_padding=\u00a0\u00bb5px|5px|5px|5px\u00a0\u00bb hover_enabled=\u00a0\u00bb0&Prime; custom_css_main_element=\u00a0\u00bbbackground: #3bb6b3;\u00a0\u00bb border_radii=\u00a0\u00bbon|5px|5px|5px|5px\u00a0\u00bb saved_tabs=\u00a0\u00bball\u00a0\u00bb link_option_url=\u00a0\u00bbhttps:\/\/rheomuco.com\/fr\/contact\/\u00a0\u00bb sticky_enabled=\u00a0\u00bb0&Prime;]<p>Contactez-nous !<\/p>\n[\/et_pb_text][\/et_pb_column][et_pb_column type=\u00a0\u00bb1_5&Prime; _builder_version=\u00a0\u00bb4.7.0&Prime; _module_preset=\u00a0\u00bbdefault\u00a0\u00bb][\/et_pb_column][\/et_pb_row][\/et_pb_section]\n\n","protected":false},"excerpt":{"rendered":"<p>Mucus issu de cultures cellulaires&nbsp; La culture cellulaire des mod\u00e8les \u00e9pith\u00e9liales La culture cellulaire est souvent utiliser pour<a href=\"https:\/\/rheomuco.com\/fr\/mucus-issu-de-cultures-cellulaires\/\" rel=\"nofollow\" class=\"more\"> >> <\/a><\/p>\n","protected":false},"author":7,"featured_media":0,"parent":0,"menu_order":0,"comment_status":"closed","ping_status":"closed","template":"","meta":{"_acf_changed":false,"_et_pb_use_builder":"on","_et_pb_old_content":"","_et_gb_content_width":"","footnotes":""},"class_list":["post-1233","page","type-page","status-publish","hentry"],"acf":[],"_links":{"self":[{"href":"https:\/\/rheomuco.com\/fr\/wp-json\/wp\/v2\/pages\/1233","targetHints":{"allow":["GET"]}}],"collection":[{"href":"https:\/\/rheomuco.com\/fr\/wp-json\/wp\/v2\/pages"}],"about":[{"href":"https:\/\/rheomuco.com\/fr\/wp-json\/wp\/v2\/types\/page"}],"author":[{"embeddable":true,"href":"https:\/\/rheomuco.com\/fr\/wp-json\/wp\/v2\/users\/7"}],"replies":[{"embeddable":true,"href":"https:\/\/rheomuco.com\/fr\/wp-json\/wp\/v2\/comments?post=1233"}],"version-history":[{"count":61,"href":"https:\/\/rheomuco.com\/fr\/wp-json\/wp\/v2\/pages\/1233\/revisions"}],"predecessor-version":[{"id":6069,"href":"https:\/\/rheomuco.com\/fr\/wp-json\/wp\/v2\/pages\/1233\/revisions\/6069"}],"wp:attachment":[{"href":"https:\/\/rheomuco.com\/fr\/wp-json\/wp\/v2\/media?parent=1233"}],"curies":[{"name":"wp","href":"https:\/\/api.w.org\/{rel}","templated":true}]}}