{"id":1225,"date":"2022-07-29T12:21:53","date_gmt":"2022-07-29T10:21:53","guid":{"rendered":"http:\/\/rheomuco.magali-tillocher.com\/?page_id=1225"},"modified":"2022-08-03T11:56:02","modified_gmt":"2022-08-03T09:56:02","slug":"rheomuco","status":"publish","type":"page","link":"https:\/\/rheomuco.com\/fr\/rheomuco\/","title":{"rendered":"Rheomuco"},"content":{"rendered":"\n\n\n[et_pb_section fb_built=\u00a0\u00bb1&Prime; custom_padding_last_edited=\u00a0\u00bbon|desktop\u00a0\u00bb module_id=\u00a0\u00bbtitle_std\u00a0\u00bb _builder_version=\u00a0\u00bb3.22&Prime; custom_padding_tablet=\u00a0\u00bb\u00a0\u00bb custom_padding_phone=\u00a0\u00bb\u00a0\u00bb][et_pb_row column_structure=\u00a0\u00bb1_4,3_4&Prime; make_equal=\u00a0\u00bbon\u00a0\u00bb module_id=\u00a0\u00bbbloc_title\u00a0\u00bb _builder_version=\u00a0\u00bb3.25&Prime; width=\u00a0\u00bb100%\u00a0\u00bb max_width=\u00a0\u00bb100%\u00a0\u00bb custom_padding=\u00a0\u00bb0px||0px|\u00a0\u00bb use_custom_width=\u00a0\u00bbon\u00a0\u00bb width_unit=\u00a0\u00bboff\u00a0\u00bb custom_width_percent=\u00a0\u00bb100%\u00a0\u00bb][et_pb_column type=\u00a0\u00bb1_4&Prime; module_id=\u00a0\u00bbline_title\u00a0\u00bb _builder_version=\u00a0\u00bb3.25&Prime; background_position=\u00a0\u00bbtop_left\u00a0\u00bb custom_padding=\u00a0\u00bb0px|0px|0px|0px\u00a0\u00bb custom_css_main_element=\u00a0\u00bbmax-height: 62px;\u00a0\u00bb custom_padding__hover=\u00a0\u00bb|||\u00a0\u00bb][\/et_pb_column][et_pb_column type=\u00a0\u00bb3_4&Prime; _builder_version=\u00a0\u00bb3.25&Prime; background_position=\u00a0\u00bbtop_left\u00a0\u00bb custom_padding=\u00a0\u00bb0px|0px|0px|0px\u00a0\u00bb custom_padding_tablet=\u00a0\u00bb0px|0px|0px|10px\u00a0\u00bb custom_padding_phone=\u00a0\u00bb\u00a0\u00bb custom_padding_last_edited=\u00a0\u00bbon|phone\u00a0\u00bb custom_padding__hover=\u00a0\u00bb|||\u00a0\u00bb][et_pb_text admin_label=\u00a0\u00bbTitre de page\u00a0\u00bb _builder_version=\u00a0\u00bb4.7.0&Prime; max_width=\u00a0\u00bb900px\u00a0\u00bb hover_enabled=\u00a0\u00bb0&Prime; custom_css_main_element=\u00a0\u00bbborder:none;\u00a0\u00bb border_color=\u00a0\u00bb#3cb6b3&Prime; border_width=\u00a0\u00bb5px\u00a0\u00bb border_style=\u00a0\u00bbsolid\u00a0\u00bb sticky_enabled=\u00a0\u00bb0&Prime;]<h1><span style=\"color: #008080\"><strong>Rheomuco: la solution la plus simple pour mesurer les propri\u00e9t\u00e9s visco\u00e9lastiques du mucus<\/strong><\/span><\/h1>\n[\/et_pb_text][\/et_pb_column][\/et_pb_row][\/et_pb_section][et_pb_section fb_built=\u00a0\u00bb1&Prime; module_id=\u00a0\u00bbcontenu_std\u00a0\u00bb _builder_version=\u00a0\u00bb3.22&Prime; custom_padding=\u00a0\u00bb0px||20px|\u00a0\u00bb][et_pb_row column_structure=\u00a0\u00bb2_5,3_5&Prime; make_equal=\u00a0\u00bbon\u00a0\u00bb _builder_version=\u00a0\u00bb3.25&Prime; min_height=\u00a0\u00bb627.2px\u00a0\u00bb custom_margin=\u00a0\u00bb-100px|auto|-38px|auto||\u00a0\u00bb custom_padding=\u00a0\u00bb0px||10px|\u00a0\u00bb][et_pb_column type=\u00a0\u00bb2_5&Prime; _builder_version=\u00a0\u00bb3.25&Prime; background_position=\u00a0\u00bbtop_left\u00a0\u00bb custom_padding=\u00a0\u00bb|||\u00a0\u00bb custom_padding__hover=\u00a0\u00bb|||\u00a0\u00bb][et_pb_image src=\u00a0\u00bbhttps:\/\/rheomuco.com\/wp-content\/uploads\/2019\/12\/download-rheomuco-1.jpg\u00a0\u00bb title_text=\u00a0\u00bbdownload-rheomuco\u00a0\u00bb _builder_version=\u00a0\u00bb4.7.0&Prime; _module_preset=\u00a0\u00bbdefault\u00a0\u00bb transform_scale=\u00a0\u00bb58%|58%\u00a0\u00bb transform_translate=\u00a0\u00bb77px|1px\u00a0\u00bb transform_translate_linked=\u00a0\u00bboff\u00a0\u00bb][\/et_pb_image][\/et_pb_column][et_pb_column type=\u00a0\u00bb3_5&Prime; _builder_version=\u00a0\u00bb3.25&Prime; background_position=\u00a0\u00bbtop_left\u00a0\u00bb custom_padding=\u00a0\u00bb|||\u00a0\u00bb custom_padding__hover=\u00a0\u00bb|||\u00a0\u00bb][et_pb_text admin_label=\u00a0\u00bbBloc de texte 1&Prime; _builder_version=\u00a0\u00bb4.7.0&Prime;]<h2 style=\"text-align: justify\">Rheomuco est un rh\u00e9om\u00e8tre de paillasse, cl\u00e9 en main, con\u00e7u pour analyser les propri\u00e9t\u00e9s visco\u00e9lastiques du mucus \u00e0 partir d\u2019\u00e9chantillons humains, issus de cultures cellulaires ou d\u2019animaux.<\/h2>\n<p style=\"text-align: justify\"><span style=\"color: #008080\">Rheomuco<\/span> est un dispositif facile \u00e0 utiliser, adapt\u00e9 \u00e0 toutes les \u00e9tapes de la recherche, des \u00e9tudes fondamentales et de d\u00e9veloppement \u00e0 la validation clinique de nouvelles mol\u00e9cules et de nouveaux m\u00e9dicaments.<\/p>\n<p style=\"text-align: justify\"><span style=\"color: #008080\">Rheomuco<\/span> d\u00e9livre une analyse rh\u00e9ologique compl\u00e8te en moins de<span style=\"color: #008080\"> 5 minutes<\/span>. L\u2019utilisation de Rheomuco ne requiert aucune connaissance pr\u00e9alable en rh\u00e9ologie. Rheomuco peut \u00eatre op\u00e9r\u00e9 par des personnels infirmiers, des techniciens de laboratoire, des chercheurs et des m\u00e9decins.<\/p>\n<p style=\"text-align: justify\">Avec son param\u00e9trage de <span style=\"color: #008080\">\u00ab\u00a0plug and play\u00a0\u00bb<\/span> et\u00a0 son design compact, Rheomuco pourra \u00eatre installer dans votre laboratoire ou votre clinique. Contrairement \u00e0 d\u2019autres rh\u00e9om\u00e8tres, <span style=\"color: #008080\">Rheomuco<\/span> ne n\u00e9cessite pas de raccordement en eau ni en air comprim\u00e9.<\/p>[\/et_pb_text][\/et_pb_column][\/et_pb_row][et_pb_row _builder_version=\u00a0\u00bb4.7.0&Prime; _module_preset=\u00a0\u00bbdefault\u00a0\u00bb custom_margin=\u00a0\u00bb-80px|auto|22px|auto||\u00a0\u00bb custom_padding=\u00a0\u00bb0px|||||\u00a0\u00bb][et_pb_column type=\u00a0\u00bb4_4&Prime; _builder_version=\u00a0\u00bb4.7.0&Prime; _module_preset=\u00a0\u00bbdefault\u00a0\u00bb][et_pb_text _builder_version=\u00a0\u00bb4.7.0&Prime; _module_preset=\u00a0\u00bbdefault\u00a0\u00bb custom_margin=\u00a0\u00bb||-19px|||\u00a0\u00bb]<h2 style=\"text-align: center\">L\u2019utilisation de <span style=\"color: #008080\">Rheomuco<\/span> est un processus en 3 \u00e9tapes :<\/h2>\n<h4 style=\"text-align: center\">\u00c9tape 1 : Collecter le mucus<\/h4>\n<h4 style=\"text-align: center\">\u00c9tape 2 : D\u00e9poser l\u2019\u00e9chantillon sur la g\u00e9om\u00e9trie de mesure<\/h4>\n<h4 style=\"text-align: center\">\u00c9tape 3 : D\u00e9marrer l\u2019analyse et r\u00e9cup\u00e9rer les donn\u00e9es visco\u00e9lastiques de l\u2019\u00e9chantillons\u00a0<\/h4>[\/et_pb_text][\/et_pb_column][\/et_pb_row][et_pb_row column_structure=\u00a0\u00bb2_5,3_5&Prime; _builder_version=\u00a0\u00bb4.7.0&Prime; _module_preset=\u00a0\u00bbdefault\u00a0\u00bb min_height=\u00a0\u00bb378.6px\u00a0\u00bb][et_pb_column type=\u00a0\u00bb2_5&Prime; _builder_version=\u00a0\u00bb4.7.0&Prime; _module_preset=\u00a0\u00bbdefault\u00a0\u00bb][et_pb_image src=\u00a0\u00bbhttps:\/\/rheomuco.com\/wp-content\/uploads\/2022\/07\/Photo-15_Graph_rheo.bmp\u00a0\u00bb title_text=\u00a0\u00bbPhoto 15_Graph_rheo\u00a0\u00bb _builder_version=\u00a0\u00bb4.7.0&Prime; _module_preset=\u00a0\u00bbdefault\u00a0\u00bb][\/et_pb_image][\/et_pb_column][et_pb_column type=\u00a0\u00bb3_5&Prime; _builder_version=\u00a0\u00bb4.7.0&Prime; _module_preset=\u00a0\u00bbdefault\u00a0\u00bb][et_pb_text _builder_version=\u00a0\u00bb4.7.0&Prime; _module_preset=\u00a0\u00bbdefault\u00a0\u00bb]<h2 style=\"text-align: justify\">Ces propri\u00e9t\u00e9s visco\u00e9lastiques fournissent un marqueur biophysique objectif :<\/h2>\n<h3 style=\"text-align: justify\">Propri\u00e9t\u00e9s dans le domaine lin\u00e9aire<\/h3>\n<p style=\"text-align: justify\"><span style=\"color: #008080\"><strong>Module visco\u00e9lastique G*\u00a0:<\/strong> <\/span>Rigidit\u00e9 du mucus au repos, li\u00e9 \u00e0 la concentration des constituants dans le mucus.<\/p>\n<p style=\"text-align: justify\"><span style=\"color: #008080\"><strong>Facteur d\u2019amortissement tan(\u03b4) :<\/strong> <\/span>Rapport des effets visqueux sur les effets \u00e9lastiques, li\u00e9 \u00e0 la nature mol\u00e9culaire des constituants du mucus.<\/p>\n<h3 style=\"text-align: justify\"><\/h3>\n<h3 style=\"text-align: justify\">Propri\u00e9t\u00e9s au point d\u2019\u00e9coulement<\/h3>\n<p style=\"text-align: justify\"><span style=\"color: #008080\"><strong>D\u00e9formation critique \u03b3c\u00a0:<\/strong><\/span> Capacit\u00e9 filante, extensibilit\u00e9 du mucus avant l\u2019\u00e9coulement<\/p>\n<p style=\"text-align: justify\"><span style=\"color: #008080\"><strong>Contrainte critique \u03c3c\u00a0:<\/strong><\/span> Force de gel, r\u00e9sistance du mucus avant l\u2019\u00e9coulement<\/p>[\/et_pb_text][\/et_pb_column][\/et_pb_row][et_pb_row column_structure=\u00a0\u00bb1_5,3_5,1_5&Prime; _builder_version=\u00a0\u00bb4.7.0&Prime; _module_preset=\u00a0\u00bbdefault\u00a0\u00bb][et_pb_column type=\u00a0\u00bb1_5&Prime; _builder_version=\u00a0\u00bb4.7.0&Prime; _module_preset=\u00a0\u00bbdefault\u00a0\u00bb][\/et_pb_column][et_pb_column type=\u00a0\u00bb3_5&Prime; _builder_version=\u00a0\u00bb4.7.0&Prime; _module_preset=\u00a0\u00bbdefault\u00a0\u00bb][et_pb_text _builder_version=\u00a0\u00bb4.7.0&Prime; _module_preset=\u00a0\u00bbdefault\u00a0\u00bb hover_enabled=\u00a0\u00bb0&Prime; sticky_enabled=\u00a0\u00bb0&Prime; ul_item_indent=\u00a0\u00bb40px\u00a0\u00bb]<h3 style=\"text-align: left\">La <a href=\"https:\/\/rheomuco.com\/fr\/la-rheologie-du-mucus\/\"><span style=\"color: #008080\">rh\u00e9ologie du mucus<\/span><\/a> et <span style=\"color: #008080\">Rheomuco<\/span> sont utiles dans tous les domaines de recherche et d\u00e9veloppement:<\/h3>\n<ul style=\"text-align: left\">\n<li><a href=\"https:\/\/rheomuco.com\/fr\/recherche-sur-le-mucus\/\">Recherche fondamental<\/a>e sur le mucus et les mucines<\/li>\n<li><a href=\"https:\/\/rheomuco.com\/fr\/recherche-translationnelle-preclinique\/\">\u00c9valuation de l\u2019efficacit\u00e9 d\u2019un traitement<\/a><\/li>\n<li><a href=\"https:\/\/rheomuco.com\/fr\/suivi-clinique-de-maladies-respiratoires\/\">Suivi clinique<\/a><\/li>\n<li>Compl\u00e9mentaire aux m\u00e9thodes d\u2019analyse courante : spirom\u00e9trie, indice de clairance et bact\u00e9riologie.<\/li>\n<\/ul>\n<h3 style=\"text-align: center\">Nous sommes ouverts \u00e0 toute discussion ! Contactez-nous pour une d\u00e9monstration<\/h3>\n<p>&nbsp;<\/p>\n[\/et_pb_text][et_pb_text admin_label=\u00a0\u00bbbloc Download\u00a0\u00bb module_class=\u00a0\u00bbdownload\u00a0\u00bb _builder_version=\u00a0\u00bb4.7.0&Prime; text_text_color=\u00a0\u00bb#ffffff\u00a0\u00bb text_font_size=\u00a0\u00bb13px\u00a0\u00bb text_orientation=\u00a0\u00bbcenter\u00a0\u00bb background_layout=\u00a0\u00bbdark\u00a0\u00bb max_width=\u00a0\u00bb25%\u00a0\u00bb max_width_tablet=\u00a0\u00bb\u00a0\u00bb max_width_phone=\u00a0\u00bb80%\u00a0\u00bb max_width_last_edited=\u00a0\u00bbon|phone\u00a0\u00bb module_alignment=\u00a0\u00bbcenter\u00a0\u00bb custom_padding=\u00a0\u00bb5px|5px|5px|5px\u00a0\u00bb hover_enabled=\u00a0\u00bb0&Prime; custom_css_main_element=\u00a0\u00bbbackground: #3bb6b3;\u00a0\u00bb border_radii=\u00a0\u00bbon|5px|5px|5px|5px\u00a0\u00bb saved_tabs=\u00a0\u00bball\u00a0\u00bb custom_margin=\u00a0\u00bb-43px|||||\u00a0\u00bb link_option_url=\u00a0\u00bbhttps:\/\/rheomuco.com\/fr\/contact\/\u00a0\u00bb sticky_enabled=\u00a0\u00bb0&Prime;]<p>Contactez-nous !<\/p>\n[\/et_pb_text][\/et_pb_column][et_pb_column type=\u00a0\u00bb1_5&Prime; _builder_version=\u00a0\u00bb4.7.0&Prime; _module_preset=\u00a0\u00bbdefault\u00a0\u00bb][\/et_pb_column][\/et_pb_row][\/et_pb_section]\n\n\n","protected":false},"excerpt":{"rendered":"<p>Rheomuco: la solution la plus simple pour mesurer les propri\u00e9t\u00e9s visco\u00e9lastiques du mucus Rheomuco est un rh\u00e9om\u00e8tre de<a href=\"https:\/\/rheomuco.com\/fr\/rheomuco\/\" rel=\"nofollow\" class=\"more\"> >> <\/a><\/p>\n","protected":false},"author":7,"featured_media":0,"parent":0,"menu_order":0,"comment_status":"closed","ping_status":"closed","template":"","meta":{"_acf_changed":false,"_et_pb_use_builder":"on","_et_pb_old_content":"[et_pb_section bb_built=\"1\" module_id=\"title_std\" custom_padding_last_edited=\"on|desktop\" _builder_version=\"3.0.89\"][et_pb_row use_custom_width=\"on\" width_unit=\"off\" custom_width_percent=\"100%\" custom_padding=\"0px||0px|\" make_equal=\"on\" padding_top_1=\"0px\" padding_right_1=\"0px\" padding_bottom_1=\"0px\" padding_left_1=\"0px\" padding_top_2=\"0px\" padding_right_2=\"0px\" padding_bottom_2=\"0px\" padding_left_2=\"0px\" background_position_1=\"top_left\" background_position_2=\"top_left\" background_repeat_1=\"no-repeat\" background_repeat_2=\"no-repeat\" padding_2_tablet=\"0px|0px|0px|10px\" padding_2_last_edited=\"on|phone\" module_id_1=\"line_title\" custom_css_main_1=\"max-height: 62px;\" module_id=\"bloc_title\" _builder_version=\"3.0.73\"][et_pb_column type=\"1_4\"][\/et_pb_column][et_pb_column type=\"3_4\"][et_pb_text admin_label=\"Titre de page\" _builder_version=\"3.0.89\" max_width=\"900px\" custom_css_main_element=\"border:none;\" border_color=\"#3cb6b3\" border_width=\"5px\" border_style=\"solid\"]\r\n<h1><strong>Histoire<\/strong><\/h1>\r\n[\/et_pb_text][\/et_pb_column][\/et_pb_row][\/et_pb_section][et_pb_section bb_built=\"1\" module_id=\"contenu_std\" _builder_version=\"3.0.89\" custom_padding=\"0px||20px|\"][et_pb_row custom_padding=\"0px||10px|\" make_equal=\"on\" background_position_1=\"top_left\" background_position_2=\"top_left\" background_repeat_1=\"no-repeat\" background_repeat_2=\"no-repeat\" _builder_version=\"3.0.73\"][et_pb_column type=\"1_2\"][et_pb_image admin_label=\"Visuel 1\" src=\"https:\/\/rheomuco.com\/wp-content\/uploads\/2018\/01\/Rheomuco_v1_Etude_Clinique2016.jpg\" align=\"center\" _builder_version=\"3.0.98\" max_width_phone=\"200px\" max_width_last_edited=\"off|desktop\" module_alignment=\"center\" custom_margin=\"||0px|\" custom_padding=\"||0px|\" animation_direction=\"off\" border_style=\"solid\" animation=\"off\" sticky=\"off\"]\r\n[\/et_pb_image][et_pb_text admin_label=\"L\u00e9gende\" module_class=\"caption_page\" _builder_version=\"3.0.98\" text_orientation=\"center\" saved_tabs=\"all\" background_layout=\"light\" custom_margin=\"||0px|\" custom_margin_tablet=\"||20px|\" custom_margin_last_edited=\"on|phone\"]\r\n\r\nRheomuco V1, 1\u00e8re \u00e9tude clinique\r\n\r\n[\/et_pb_text][\/et_pb_column][et_pb_column type=\"1_2\"][et_pb_text admin_label=\"Bloc de texte 1\" _builder_version=\"3.0.98\" border_style=\"solid\"]\r\n<p style=\"text-align: left;\">Depuis 2010, Rheonova fournit ses <a href=\"http:\/\/www.rheonova.fr\/fr\/notre-offre\/\" target=\"_blank\" rel=\"noopener noreferrer\">services, conseils et formations<\/a> \u00e0 diff\u00e9rents <a href=\"http:\/\/www.rheonova.fr\/fr\/nos-domaine-d-intervention\/\" target=\"_blank\" rel=\"noopener noreferrer\">secteurs<\/a> \u2013 chimie, pharmacie, cosm\u00e9tique \u2013 les aidant \u00e0 mesurer, comprendre ou am\u00e9liorer les propri\u00e9t\u00e9s visco\u00e9lastiques de leurs produits ou leurs proc\u00e9d\u00e9s.<\/p>\r\n<p style=\"text-align: left;\">Cette riche exp\u00e9rience industrielle, combin\u00e9e \u00e0 l\u2019expertise en recherche, instrumentation et sant\u00e9 de ses <a href=\"..\/equipe\/\">fondateurs<\/a>, a incit\u00e9 Rheonova \u00e0 s\u2019engager dans le secteur de la sant\u00e9.<\/p>\r\n<p style=\"text-align: left;\">En 2016, Rheonova lance <a href=\"..\/..\/decouvrir-rheomuco\/\">Rheomuco<\/a>. Premier-n\u00e9 d\u2019une offre d\u00e9di\u00e9e \u00e0 la recherche m\u00e9dicale, Rheomuco est \u00e0 la fois une innovation en rh\u00e9ologie et en sant\u00e9. Equipement simple \u00e0 utiliser en routine, il permet <a href=\"..\/..\/analyse-du-mucus-broncho-pulmonaire\/la-rheologie-des-secretions-pulmonaires\/\">l\u2019analyse des propri\u00e9t\u00e9s physiques du mucus<\/a>\u00a0comme jamais auparavant.<\/p>\r\n[\/et_pb_text][\/et_pb_column][\/et_pb_row][\/et_pb_section]","_et_gb_content_width":"","footnotes":""},"class_list":["post-1225","page","type-page","status-publish","hentry"],"acf":[],"_links":{"self":[{"href":"https:\/\/rheomuco.com\/fr\/wp-json\/wp\/v2\/pages\/1225","targetHints":{"allow":["GET"]}}],"collection":[{"href":"https:\/\/rheomuco.com\/fr\/wp-json\/wp\/v2\/pages"}],"about":[{"href":"https:\/\/rheomuco.com\/fr\/wp-json\/wp\/v2\/types\/page"}],"author":[{"embeddable":true,"href":"https:\/\/rheomuco.com\/fr\/wp-json\/wp\/v2\/users\/7"}],"replies":[{"embeddable":true,"href":"https:\/\/rheomuco.com\/fr\/wp-json\/wp\/v2\/comments?post=1225"}],"version-history":[{"count":22,"href":"https:\/\/rheomuco.com\/fr\/wp-json\/wp\/v2\/pages\/1225\/revisions"}],"predecessor-version":[{"id":5919,"href":"https:\/\/rheomuco.com\/fr\/wp-json\/wp\/v2\/pages\/1225\/revisions\/5919"}],"wp:attachment":[{"href":"https:\/\/rheomuco.com\/fr\/wp-json\/wp\/v2\/media?parent=1225"}],"curies":[{"name":"wp","href":"https:\/\/api.w.org\/{rel}","templated":true}]}}