{"id":1222,"date":"2017-08-22T12:00:30","date_gmt":"2017-08-22T10:00:30","guid":{"rendered":"http:\/\/rheomuco.magali-tillocher.com\/decouvrir-rheomuco\/testimonials\/"},"modified":"2022-08-05T16:24:30","modified_gmt":"2022-08-05T14:24:30","slug":"temoignages","status":"publish","type":"page","link":"https:\/\/rheomuco.com\/fr\/recherche-sur-le-mucus\/temoignages\/","title":{"rendered":"T\u00e9moignages"},"content":{"rendered":"\n[et_pb_section fb_built=\u00a0\u00bb1&Prime; module_id=\u00a0\u00bbtitle_std\u00a0\u00bb _builder_version=\u00a0\u00bb3.22&Prime; custom_padding=\u00a0\u00bb30px||0px|\u00a0\u00bb][et_pb_row make_equal=\u00a0\u00bbon\u00a0\u00bb _builder_version=\u00a0\u00bb3.25&Prime; width=\u00a0\u00bb100%\u00a0\u00bb max_width=\u00a0\u00bb100%\u00a0\u00bb custom_padding=\u00a0\u00bb0px||0px|\u00a0\u00bb custom_css_main_element=\u00a0\u00bbwidth: 100%;\u00a0\u00bb use_custom_width=\u00a0\u00bbon\u00a0\u00bb width_unit=\u00a0\u00bboff\u00a0\u00bb custom_width_percent=\u00a0\u00bb100%\u00a0\u00bb column_structure=\u00a0\u00bb1_4,3_4&Prime;][et_pb_column type=\u00a0\u00bb1_4&Prime; _builder_version=\u00a0\u00bb3.25&Prime; background_position=\u00a0\u00bbtop_left\u00a0\u00bb custom_padding=\u00a0\u00bb0px|0px|0px|0px\u00a0\u00bb custom_css_main_element=\u00a0\u00bbborder-right: #3cb6b3 5px solid;||border-top: rgba(60, 182, 179, 0.4) 3px solid;||margin-top:8px;||margin-right: 1% !important;||max-height: 62px;\u00a0\u00bb custom_padding__hover=\u00a0\u00bb|||\u00a0\u00bb][\/et_pb_column][et_pb_column type=\u00a0\u00bb3_4&Prime; _builder_version=\u00a0\u00bb3.25&Prime; background_position=\u00a0\u00bbtop_left\u00a0\u00bb custom_padding=\u00a0\u00bb0px|0px|0px|0px\u00a0\u00bb custom_padding_tablet=\u00a0\u00bb0px|0px|0px|10px\u00a0\u00bb custom_padding_last_edited=\u00a0\u00bbon|phone\u00a0\u00bb padding_tablet=\u00a0\u00bb0px|0px|0px|10px\u00a0\u00bb padding_last_edited=\u00a0\u00bbon|phone\u00a0\u00bb custom_padding__hover=\u00a0\u00bb|||\u00a0\u00bb][et_pb_text admin_label=\u00a0\u00bbTitre de page\u00a0\u00bb _builder_version=\u00a0\u00bb4.7.0&Prime; max_width=\u00a0\u00bb900px\u00a0\u00bb hover_enabled=\u00a0\u00bb0&Prime; border_color=\u00a0\u00bb#3cb6b3&Prime; border_width=\u00a0\u00bb5px\u00a0\u00bb border_style=\u00a0\u00bbsolid\u00a0\u00bb sticky_enabled=\u00a0\u00bb0&Prime;]<h1><span style=\"color: #008080\">T\u00e9moignages<\/span><\/h1>\n[\/et_pb_text][\/et_pb_column][\/et_pb_row][\/et_pb_section][et_pb_section fb_built=\u00a0\u00bb1&Prime; _builder_version=\u00a0\u00bb3.22&Prime; custom_padding=\u00a0\u00bb0px||0px|\u00a0\u00bb][et_pb_row _builder_version=\u00a0\u00bb3.25&Prime; custom_padding=\u00a0\u00bb0px||0px|\u00a0\u00bb][et_pb_column type=\u00a0\u00bb4_4&Prime; _builder_version=\u00a0\u00bb3.25&Prime; background_position=\u00a0\u00bbtop_left\u00a0\u00bb custom_padding=\u00a0\u00bb|||\u00a0\u00bb custom_padding__hover=\u00a0\u00bb|||\u00a0\u00bb][et_pb_code admin_label=\u00a0\u00bbListe des t\u00e9moignages\u00a0\u00bb]<div id=\"testimonial_list\"><div class=\"et_pb_column et_pb_column_1_3  et_pb_column_3\"> <img decoding=\"async\" src=\"https:\/\/rheomuco.com\/wp-content\/uploads\/2025\/09\/IMG-20250429-WA0003-scaled-e1757499672285.jpg\"> <\/div>\r\n                <div class=\"et_pb_column et_pb_column_2_3  et_pb_column_4\">\r\n                  <h2 class=\"testimonial_title\">Dr. Val\u00e9rie Urbach, Dr. Agathe Tarze and Juliette Direur<\/h2> <span id=\"fonction_testi\">, research team at  the \"Institut Mondor de Recherche Biom\u00e9dicale de Cr\u00e9teil\" <\/span>\r\n                  <p class=\"texte_testi\">At the Mondor Institute for Biomedical Research in Cr\u00e9teil, we use the Rheomuco for rheological analysis of mucus from patients with various respiratory pathologies such as cystic fibrosis or ciliary dyskinesia, which are characterized by accumulation of thick and viscous mucus. We employ two distinct approaches: on one hand, sputum analysis, and on the other hand, analysis of mucus collected from the surface of patient respiratory cell cultures. In this context, we take advantage of the new tools developed by Rheomuco that enable rheological analysis of small mucus volumes (20\u00b5l). These rheological analyses strengthen our interactions with clinicians and could lead to new diagnostic and therapeutic avenues. The Rheomuco stands out for its ease of use; its interface guides the user step by step, thus enabling quick adoption even by inexperienced users.<\/p>\r\n                  <p id=\"lien_testi\"> <a href=\"http:\/\/\" target=_blank> <\/a><\/p>\r\n                <\/div><\/div><div id=\"testimonial_list\"><div class=\"et_pb_column et_pb_column_1_3  et_pb_column_3\"> <img decoding=\"async\" src=\"https:\/\/rheomuco.com\/wp-content\/uploads\/2024\/06\/20240429_115218-scaled.jpg\"> <\/div>\r\n                <div class=\"et_pb_column et_pb_column_2_3  et_pb_column_4\">\r\n                  <h2 class=\"testimonial_title\">Dr. Cliff Taggart<\/h2> <span id=\"fonction_testi\">, Professeur \u00e0 Queen's University of Belfast <\/span>\r\n                  <p class=\"texte_testi\">J'utilise Rheomuco pour mes projets de recherche et je dois dire que c'est une v\u00e9ritable r\u00e9volution. L'efficacit\u00e9 et la pr\u00e9cision de l'appareil ont consid\u00e9rablement acc\u00e9l\u00e9r\u00e9 mon processus de recherche. Son interface intuitive et ses fonctionnalit\u00e9s robustes le rendent extr\u00eamement convivial. De plus, les donn\u00e9es fiables sur la rh\u00e9ologie du mucus qu'il fournit ont grandement enrichi la profondeur de mes r\u00e9sultats de recherche sur les maladies pulmonaires. Je recommande Rheomuco \u00e0 tous ceux qui cherchent \u00e0 mesurer la viscosit\u00e9 du mucus et \u00e0 am\u00e9liorer leurs r\u00e9sultats.<\/p>\r\n                  <p id=\"lien_testi\"> <a href=\"http:\/\/https:\/\/pure.qub.ac.uk\/en\/persons\/cliff-taggart\" target=_blank>https:\/\/pure.qub.ac.uk\/en\/persons\/cliff-taggart <\/a><\/p>\r\n                <\/div><\/div><div id=\"testimonial_list\"><div class=\"et_pb_column et_pb_column_1_3  et_pb_column_3\"> <img decoding=\"async\" src=\"https:\/\/rheomuco.com\/wp-content\/uploads\/2024\/02\/20240122_092222-1-scaled.jpg\"> <\/div>\r\n                <div class=\"et_pb_column et_pb_column_2_3  et_pb_column_4\">\r\n                  <h2 class=\"testimonial_title\">Laeticia Beaudequin<\/h2> <span id=\"fonction_testi\">, Charg\u00e9e d'\u00e9tude invitro- Cell Alternativ <\/span>\r\n                  <p class=\"texte_testi\">L'utilisation de Rheomuco est simple gr\u00e2ce \u00e0 son logiciel intuitif et un appareil agr\u00e9able \u00e0 utiliser. L\u2019installation \u00e0 distance s\u2019est tr\u00e8s bien pass\u00e9e, de mani\u00e8re fluide, dynamique et agr\u00e9able. Les explications claires et la manipulation de l'appareil en parall\u00e8le ont facilit\u00e9 le processus.Je recommande Rheomuco en raison de sa facilit\u00e9 d'utilisation et des r\u00e9sultats g\u00e9n\u00e9r\u00e9s imm\u00e9diatement. La bonne communication avec l'\u00e9quipe Rheonova, qui est disponible et \u00e0 l'\u00e9coute. Aucun probl\u00e8me rencontr\u00e9, et je recommande les services de Rheonova, envisageant m\u00eame de faire appel \u00e0 eux \u00e0 nouveau.<\/p>\r\n                  <p id=\"lien_testi\"> <a href=\"http:\/\/\" target=_blank> <\/a><\/p>\r\n                <\/div><\/div><div id=\"testimonial_list\"><div class=\"et_pb_column et_pb_column_1_3  et_pb_column_3\"> <img decoding=\"async\" src=\"https:\/\/rheomuco.com\/wp-content\/uploads\/2019\/01\/1811_Demo_LLouvain.jpg\"> <\/div>\r\n                <div class=\"et_pb_column et_pb_column_2_3  et_pb_column_4\">\r\n                  <h2 class=\"testimonial_title\">William Poncin<\/h2> <span id=\"fonction_testi\">, Kin\u00e9sith\u00e9rapeute respiratoire, Cliniques universitaires de Saint-Luc <\/span>\r\n                  <p class=\"texte_testi\">En tant que kin\u00e9sith\u00e9rapeute respiratoire, j'ai toujours \u00e9t\u00e9 int\u00e9ress\u00e9 par la compr\u00e9hension de la rh\u00e9ologie afin de caract\u00e9riser l'impact des techniques de d\u00e9gagement des voies respiratoires sur les propri\u00e9t\u00e9s visco\u00e9lastiques du mucus. Gr\u00e2ce au rh\u00e9om\u00e8tre Rheomuco, facile \u00e0 utiliser, j'ai pu int\u00e9grer tr\u00e8s facilement ces nouvelles mesures de r\u00e9sultats dans mes projets de recherche. Alors que d'autres rh\u00e9om\u00e8tres sont tr\u00e8s compliqu\u00e9s \u00e0 installer et \u00e0 utiliser, Rheomuco peut \u00eatre install\u00e9 n'importe o\u00f9, en plus d'un logiciel intuitif qui offre un support pas \u00e0 pas qui m'a permis de former personnellement 6 stagiaires et coll\u00e8gues. Tout cela s'ajoute \u00e0 un excellent soutien technique et scientifique de la part de l'\u00e9quipe de Rheonova qui m'a permis d'am\u00e9liorer rapidement mes connaissances et mes comp\u00e9tences en mati\u00e8re de rh\u00e9ologie du mucus.\r\n\r\nCela fait maintenant 4 ans que j'utilise Rheomuco dans les Cliniques universitaires Saint-Luc \u00e0 Bruxelles pour \u00e9tudier l'impact des techniques de d\u00e9gagement des voies respiratoires impliquant des oscillations m\u00e9caniques du flux d'air. Les donn\u00e9es collect\u00e9es avec Rheomuco ont clairement approfondi notre compr\u00e9hension de la physiologie sous-jacente \u00e0 nos traitements, ouvert de nouvelles portes et rendu possible de nouvelles voies d'\u00e9tude.<\/p>\r\n                  <p id=\"lien_testi\"> <a href=\"http:\/\/www.saintluc.be\/services\/medicaux\/pneumologie\/index.php\" target=_blank>www.saintluc.be\/services\/medicaux\/pneumologie\/index.php <\/a><\/p>\r\n                <\/div><\/div><div id=\"testimonial_list\"><div class=\"et_pb_column et_pb_column_1_3  et_pb_column_3\"> <img decoding=\"async\" src=\"https:\/\/rheomuco.com\/wp-content\/uploads\/2019\/10\/Isabelle-Sermet2-e1571220908661.jpg\"> <\/div>\r\n                <div class=\"et_pb_column et_pb_column_2_3  et_pb_column_4\">\r\n                  <h2 class=\"testimonial_title\">Pr. Isabelle Sermet-Gaudelus<\/h2> <span id=\"fonction_testi\">, Chercheuse au Service de pneumologie et allergologie p\u00e9diatrique, Institut Necker Enfants Malades <\/span>\r\n                  <p class=\"texte_testi\">Travailler sur les crachats des petits est compliqu\u00e9 \u00e0 cause des volumes disponibles. Cependant les enfants n\u2019ont pas tous la m\u00eame qualit\u00e9 de mucus et le m\u00eame degr\u00e9 d\u2019inflammation. La solution Rheonova peut \u00eatre un outil pour \u00e9valuer le risque \u00e9volutif de la maladie. Avec une cohorte p\u00e9diatrique, une \u00e9tude prospective longitudinale doit valider le potentiel et voir la r\u00e9ponse des patients au modulateur CFTR sur la base des caract\u00e9ristiques rh\u00e9ologiques.\r\n<div id=\"sconnect-is-installed\"><\/div>\r\n<div id=\"sconnect-is-installed\"><\/div>\r\n<div id=\"sconnect-is-installed\"><\/div>\r\n<div id=\"sconnect-is-installed\"><\/div>\r\n<div id=\"sconnect-is-installed\"><\/div>\r\n<div id=\"sconnect-is-installed\"><\/div>\r\n<div id=\"sconnect-is-installed\"><\/div>\r\n<div id=\"sconnect-is-installed\"><\/div>\r\n<div id=\"sconnect-is-installed\"><\/div><\/p>\r\n                  <p id=\"lien_testi\"> <a href=\"http:\/\/www.maladiesrares-necker.aphp.fr\/mucoviscidose\/\" target=_blank>www.maladiesrares-necker.aphp.fr\/mucoviscidose\/ <\/a><\/p>\r\n                <\/div><\/div><div id=\"testimonial_list\"><div class=\"et_pb_column et_pb_column_1_3  et_pb_column_3\"> <img decoding=\"async\" src=\"https:\/\/rheomuco.com\/wp-content\/uploads\/2018\/02\/annie-viallat_rheomuco.jpg\"> <\/div>\r\n                <div class=\"et_pb_column et_pb_column_2_3  et_pb_column_4\">\r\n                  <h2 class=\"testimonial_title\">Dr. Annie Viallat<\/h2> <span id=\"fonction_testi\">, Chercheuse au Centre Interdisciplinaire de Nanoscience de Marseille <\/span>\r\n                  <p class=\"texte_testi\"><em>La visco\u00e9lasticit\u00e9 des s\u00e9cr\u00e9tions bronchiques est un indicateur pertinent qui n\u2019\u00e9tait pas pris en compte jusqu\u2019\u00e0 maintenant. Son obtention en quelques minutes par Rheomuco devrait faciliter la recherche et permettre d\u2019en savoir plus sur les diff\u00e9rents facteurs et les mol\u00e9cules l\u2019influen\u00e7ant.<\/em>\r\n<div id=\"sconnect-is-installed\"><\/div>\r\n<div id=\"sconnect-is-installed\"><\/div>\r\n<div id=\"sconnect-is-installed\"><\/div><\/p>\r\n                  <p id=\"lien_testi\"> <a href=\"http:\/\/www.cinam.univ-mrs.fr\/cinam\/team\/physique-et-nano-micro-ingenierie-pour-le-vivant\/mechanics-of-active-biofluids\/\" target=_blank>www.cinam.univ-mrs.fr\/cinam\/team\/physique-et-nano-micro-ingenierie-pour-le-vivant\/mechanics-of-active-biofluids\/ <\/a><\/p>\r\n                <\/div><\/div>[\/et_pb_code][\/et_pb_column][\/et_pb_row][\/et_pb_section]\n","protected":false},"excerpt":{"rendered":"","protected":false},"author":1,"featured_media":0,"parent":1210,"menu_order":0,"comment_status":"closed","ping_status":"closed","template":"","meta":{"_acf_changed":false,"_et_pb_use_builder":"on","_et_pb_old_content":"","_et_gb_content_width":"","footnotes":""},"class_list":["post-1222","page","type-page","status-publish","hentry"],"acf":[],"_links":{"self":[{"href":"https:\/\/rheomuco.com\/fr\/wp-json\/wp\/v2\/pages\/1222","targetHints":{"allow":["GET"]}}],"collection":[{"href":"https:\/\/rheomuco.com\/fr\/wp-json\/wp\/v2\/pages"}],"about":[{"href":"https:\/\/rheomuco.com\/fr\/wp-json\/wp\/v2\/types\/page"}],"author":[{"embeddable":true,"href":"https:\/\/rheomuco.com\/fr\/wp-json\/wp\/v2\/users\/1"}],"replies":[{"embeddable":true,"href":"https:\/\/rheomuco.com\/fr\/wp-json\/wp\/v2\/comments?post=1222"}],"version-history":[{"count":8,"href":"https:\/\/rheomuco.com\/fr\/wp-json\/wp\/v2\/pages\/1222\/revisions"}],"predecessor-version":[{"id":6108,"href":"https:\/\/rheomuco.com\/fr\/wp-json\/wp\/v2\/pages\/1222\/revisions\/6108"}],"up":[{"embeddable":true,"href":"https:\/\/rheomuco.com\/fr\/wp-json\/wp\/v2\/pages\/1210"}],"wp:attachment":[{"href":"https:\/\/rheomuco.com\/fr\/wp-json\/wp\/v2\/media?parent=1222"}],"curies":[{"name":"wp","href":"https:\/\/api.w.org\/{rel}","templated":true}]}}