{"id":1218,"date":"2022-07-26T18:13:07","date_gmt":"2022-07-26T16:13:07","guid":{"rendered":"http:\/\/rheomuco.magali-tillocher.com\/decouvrir-rheomuco\/clinical-trials\/"},"modified":"2022-08-03T11:14:20","modified_gmt":"2022-08-03T09:14:20","slug":"validation-de-dispositifs-medicaux-pour-les-maladies-respiratoires","status":"publish","type":"page","link":"https:\/\/rheomuco.com\/fr\/validation-de-dispositifs-medicaux-pour-les-maladies-respiratoires\/","title":{"rendered":"Validation de dispositifs m\u00e9dicaux pour les maladies respiratoires"},"content":{"rendered":"\n[et_pb_section fb_built=\u00a0\u00bb1&Prime; custom_padding_last_edited=\u00a0\u00bbon|desktop\u00a0\u00bb module_id=\u00a0\u00bbtitle_std\u00a0\u00bb _builder_version=\u00a0\u00bb3.22&Prime; custom_padding_tablet=\u00a0\u00bb\u00a0\u00bb custom_padding_phone=\u00a0\u00bb\u00a0\u00bb][et_pb_row column_structure=\u00a0\u00bb1_4,3_4&Prime; make_equal=\u00a0\u00bbon\u00a0\u00bb module_id=\u00a0\u00bbbloc_title\u00a0\u00bb _builder_version=\u00a0\u00bb3.25&Prime; background_size=\u00a0\u00bbinitial\u00a0\u00bb background_position=\u00a0\u00bbtop_left\u00a0\u00bb background_repeat=\u00a0\u00bbrepeat\u00a0\u00bb width=\u00a0\u00bb100%\u00a0\u00bb max_width=\u00a0\u00bb100%\u00a0\u00bb custom_padding=\u00a0\u00bb0px||0px|\u00a0\u00bb use_custom_width=\u00a0\u00bbon\u00a0\u00bb width_unit=\u00a0\u00bboff\u00a0\u00bb custom_width_percent=\u00a0\u00bb100%\u00a0\u00bb][et_pb_column type=\u00a0\u00bb1_4&Prime; module_id=\u00a0\u00bbline_title\u00a0\u00bb _builder_version=\u00a0\u00bb3.25&Prime; background_position=\u00a0\u00bbtop_left\u00a0\u00bb custom_padding=\u00a0\u00bb0px|0px|0px|0px\u00a0\u00bb custom_css_main_element=\u00a0\u00bbmax-height: 62px;\u00a0\u00bb custom_padding__hover=\u00a0\u00bb|||\u00a0\u00bb][\/et_pb_column][et_pb_column type=\u00a0\u00bb3_4&Prime; _builder_version=\u00a0\u00bb3.25&Prime; background_position=\u00a0\u00bbtop_left\u00a0\u00bb custom_padding=\u00a0\u00bb0px|0px|0px|0px\u00a0\u00bb custom_padding_tablet=\u00a0\u00bb0px|0px|0px|10px\u00a0\u00bb custom_padding_phone=\u00a0\u00bb\u00a0\u00bb custom_padding_last_edited=\u00a0\u00bbon|phone\u00a0\u00bb custom_padding__hover=\u00a0\u00bb|||\u00a0\u00bb][et_pb_text admin_label=\u00a0\u00bbTitre de page\u00a0\u00bb _builder_version=\u00a0\u00bb4.7.0&Prime; max_width=\u00a0\u00bb900px\u00a0\u00bb custom_css_main_element=\u00a0\u00bbborder:none;\u00a0\u00bb border_color=\u00a0\u00bb#3cb6b3&Prime; border_width=\u00a0\u00bb5px\u00a0\u00bb border_style=\u00a0\u00bbsolid\u00a0\u00bb]<h1><span style=\"color: #008080\"><strong>Validation de dispositifs m\u00e9dicaux pour les maladies respiratoires<\/strong><\/span><\/h1>\n<h1><span style=\"color: #008080\"><strong>\u00a0<\/strong><\/span><\/h1>[\/et_pb_text][\/et_pb_column][\/et_pb_row][\/et_pb_section][et_pb_section fb_built=\u00a0\u00bb1&Prime; module_id=\u00a0\u00bbcontenu_std\u00a0\u00bb _builder_version=\u00a0\u00bb3.22&Prime; custom_padding=\u00a0\u00bb0px||20px|\u00a0\u00bb][et_pb_row column_structure=\u00a0\u00bb2_5,3_5&Prime; make_equal=\u00a0\u00bbon\u00a0\u00bb _builder_version=\u00a0\u00bb3.25&Prime; custom_padding=\u00a0\u00bb0px||10px|\u00a0\u00bb][et_pb_column type=\u00a0\u00bb2_5&Prime; _builder_version=\u00a0\u00bb4.7.0&Prime; _module_preset=\u00a0\u00bbdefault\u00a0\u00bb][et_pb_image src=\u00a0\u00bbhttps:\/\/rheomuco.com\/wp-content\/uploads\/2022\/07\/Photo-12_patient-avec-inhalateur-1.jpeg\u00a0\u00bb title_text=\u00a0\u00bbHealth and medicine &#8211; Young girl using blue asthma inhaler to pr\u00a0\u00bb align=\u00a0\u00bbcenter\u00a0\u00bb align_tablet=\u00a0\u00bbcenter\u00a0\u00bb align_phone=\u00a0\u00bb\u00a0\u00bb align_last_edited=\u00a0\u00bbon|desktop\u00a0\u00bb admin_label=\u00a0\u00bbVisuel 1&Prime; _builder_version=\u00a0\u00bb4.7.0&Prime; transform_scale=\u00a0\u00bb90%|90%\u00a0\u00bb transform_translate=\u00a0\u00bb0px|-25px\u00a0\u00bb transform_translate_linked=\u00a0\u00bboff\u00a0\u00bb max_width_phone=\u00a0\u00bb200px\u00a0\u00bb max_width_last_edited=\u00a0\u00bboff|desktop\u00a0\u00bb animation_direction=\u00a0\u00bboff\u00a0\u00bb border_style=\u00a0\u00bbsolid\u00a0\u00bb sticky=\u00a0\u00bboff\u00a0\u00bb][\/et_pb_image][\/et_pb_column][et_pb_column type=\u00a0\u00bb3_5&Prime; _builder_version=\u00a0\u00bb3.25&Prime; background_position=\u00a0\u00bbtop_left\u00a0\u00bb custom_padding=\u00a0\u00bb|||\u00a0\u00bb custom_padding__hover=\u00a0\u00bb|||\u00a0\u00bb][et_pb_text ul_item_indent=\u00a0\u00bb40px\u00a0\u00bb admin_label=\u00a0\u00bbBloc de texte 1&Prime; _builder_version=\u00a0\u00bb4.7.0&Prime;]<h2>L\u2019incidence des maladies respiratoires continuera \u00e0 cro\u00eetre au cours des prochaines ann\u00e9es.<\/h2>\n<p>Plus que jamais, d\u00e9velopper un dispositif m\u00e9dical innovant demande des efforts continus pour mener le produit du concept jusqu\u2019au march\u00e9.<\/p>\n<ul>\n<li>Dispositifs de drug delivery<\/li>\n<li>Inhalateurs de pointe, intelligents<\/li>\n<li>Bronchoscopes<\/li>\n<li>Dispositifs de kin\u00e9sie respiratoire<\/li>\n<li>Outils de chirurgie pour le d\u00e9sencombrement des voies respiratoires<\/li>\n<\/ul>\n<p>&nbsp;<\/p>[\/et_pb_text][\/et_pb_column][\/et_pb_row][et_pb_row column_structure=\u00a0\u00bb3_5,2_5&Prime; make_equal=\u00a0\u00bbon\u00a0\u00bb custom_padding_last_edited=\u00a0\u00bbon|phone\u00a0\u00bb _builder_version=\u00a0\u00bb3.25&Prime; custom_padding=\u00a0\u00bb60px||10px|||\u00a0\u00bb custom_padding_tablet=\u00a0\u00bb0px||10px|\u00a0\u00bb custom_padding_phone=\u00a0\u00bb\u00a0\u00bb][et_pb_column type=\u00a0\u00bb3_5&Prime; _builder_version=\u00a0\u00bb3.25&Prime; background_position=\u00a0\u00bbtop_left\u00a0\u00bb custom_padding=\u00a0\u00bb|||\u00a0\u00bb custom_padding__hover=\u00a0\u00bb|||\u00a0\u00bb][et_pb_text ul_item_indent=\u00a0\u00bb40px\u00a0\u00bb admin_label=\u00a0\u00bbBloc de texte 2&Prime; _builder_version=\u00a0\u00bb4.7.0&Prime; hover_enabled=\u00a0\u00bb0&Prime; sticky_enabled=\u00a0\u00bb0&Prime;]<p style=\"text-align: justify\">Notre \u00e9quipe d\u2019experts poss\u00e8de une connaissance extensive de la rh\u00e9ologie du mucus et du sputum, qui repose sur une grande base de donn\u00e9es construite \u00e0 partir de patients et de volontaires sains. Nous vous fournissons une solution adapt\u00e9e \u00e0 votre besoin, que vous souhaitiez tester la d\u00e9livrance d\u2019un m\u00e9dicament ou tester le dispositif avec des mucus mod\u00e8les.<\/p>\n<ul style=\"text-align: justify\">\n<li>Test de <a href=\"https:\/\/rheomuco.com\/fr\/mucus-issu-de-cultures-cellulaires\/\">mucus produit <em>in vitro<\/em><\/a><\/li>\n<li>Formulation de <a href=\"https:\/\/rheomuco.com\/fr\/mucus-artificiel\/\">mucus artificiel<\/a><\/li>\n<li>Test de <a href=\"https:\/\/rheomuco.com\/fr\/mucus-humain\/\">mucus humain<\/a><\/li>\n<\/ul>\n<h2><\/h2>\n[\/et_pb_text][\/et_pb_column][et_pb_column type=\u00a0\u00bb2_5&Prime; _builder_version=\u00a0\u00bb3.25&Prime; background_position=\u00a0\u00bbtop_left\u00a0\u00bb custom_padding=\u00a0\u00bb|||\u00a0\u00bb custom_padding__hover=\u00a0\u00bb|||\u00a0\u00bb][et_pb_image src=\u00a0\u00bbhttps:\/\/rheomuco.com\/wp-content\/uploads\/2022\/07\/Photo-13_des-scientifiques-1.jpg\u00a0\u00bb title_text=\u00a0\u00bbTeam of Medical Research Scientists Work on a New Generation Disease Cure. They use Microscope, Test Tubes, Micropipette and Writing Down Analysis Results. Laboratory Looks Busy, Bright and Modern.\u00a0\u00bb _builder_version=\u00a0\u00bb4.7.0&Prime; _module_preset=\u00a0\u00bbdefault\u00a0\u00bb transform_translate=\u00a0\u00bb0px|-20px\u00a0\u00bb transform_translate_linked=\u00a0\u00bboff\u00a0\u00bb][\/et_pb_image][\/et_pb_column][\/et_pb_row][et_pb_row column_structure=\u00a0\u00bb1_5,3_5,1_5&Prime; _builder_version=\u00a0\u00bb4.7.0&Prime; _module_preset=\u00a0\u00bbdefault\u00a0\u00bb][et_pb_column type=\u00a0\u00bb1_5&Prime; _builder_version=\u00a0\u00bb4.7.0&Prime; _module_preset=\u00a0\u00bbdefault\u00a0\u00bb][\/et_pb_column][et_pb_column type=\u00a0\u00bb3_5&Prime; _builder_version=\u00a0\u00bb4.7.0&Prime; _module_preset=\u00a0\u00bbdefault\u00a0\u00bb][et_pb_text _builder_version=\u00a0\u00bb4.7.0&Prime; _module_preset=\u00a0\u00bbdefault\u00a0\u00bb]<h2 style=\"text-align: center\">Nous travaillerons avec vous pour tirer le meilleur parti de votre dispositif m\u00e9dical en vue d\u2019am\u00e9liorer la vie des patients.<\/h2>[\/et_pb_text][et_pb_text admin_label=\u00a0\u00bbbloc Download\u00a0\u00bb module_class=\u00a0\u00bbdownload\u00a0\u00bb _builder_version=\u00a0\u00bb4.7.0&Prime; text_text_color=\u00a0\u00bb#ffffff\u00a0\u00bb text_font_size=\u00a0\u00bb13px\u00a0\u00bb text_orientation=\u00a0\u00bbcenter\u00a0\u00bb background_layout=\u00a0\u00bbdark\u00a0\u00bb max_width=\u00a0\u00bb25%\u00a0\u00bb max_width_tablet=\u00a0\u00bb\u00a0\u00bb max_width_phone=\u00a0\u00bb80%\u00a0\u00bb max_width_last_edited=\u00a0\u00bbon|phone\u00a0\u00bb module_alignment=\u00a0\u00bbcenter\u00a0\u00bb custom_padding=\u00a0\u00bb5px|5px|5px|5px\u00a0\u00bb hover_enabled=\u00a0\u00bb0&Prime; custom_css_main_element=\u00a0\u00bbbackground: #3bb6b3;\u00a0\u00bb border_radii=\u00a0\u00bbon|5px|5px|5px|5px\u00a0\u00bb saved_tabs=\u00a0\u00bball\u00a0\u00bb link_option_url=\u00a0\u00bbhttps:\/\/rheomuco.com\/fr\/contact\/\u00a0\u00bb sticky_enabled=\u00a0\u00bb0&Prime;]<p>Contactez-nous !<\/p>\n[\/et_pb_text][\/et_pb_column][et_pb_column type=\u00a0\u00bb1_5&Prime; _builder_version=\u00a0\u00bb4.7.0&Prime; _module_preset=\u00a0\u00bbdefault\u00a0\u00bb][\/et_pb_column][\/et_pb_row][\/et_pb_section]\n","protected":false},"excerpt":{"rendered":"<p>Validation de dispositifs m\u00e9dicaux pour les maladies respiratoires \u00a0L\u2019incidence des maladies respiratoires continuera \u00e0 cro\u00eetre au cours des<a href=\"https:\/\/rheomuco.com\/fr\/validation-de-dispositifs-medicaux-pour-les-maladies-respiratoires\/\" rel=\"nofollow\" class=\"more\"> >> <\/a><\/p>\n","protected":false},"author":7,"featured_media":0,"parent":0,"menu_order":0,"comment_status":"closed","ping_status":"closed","template":"","meta":{"_acf_changed":false,"_et_pb_use_builder":"on","_et_pb_old_content":"[et_pb_section bb_built=\"1\" module_id=\"title_std\" custom_padding_last_edited=\"on|desktop\" _builder_version=\"3.0.89\"][et_pb_row use_custom_width=\"on\" width_unit=\"off\" custom_width_percent=\"100%\" custom_padding=\"0px||0px|\" make_equal=\"on\" padding_top_1=\"0px\" padding_right_1=\"0px\" padding_bottom_1=\"0px\" padding_left_1=\"0px\" padding_top_2=\"0px\" padding_right_2=\"0px\" padding_bottom_2=\"0px\" padding_left_2=\"0px\" background_position_1=\"top_left\" background_position_2=\"top_left\" background_repeat_1=\"no-repeat\" background_repeat_2=\"no-repeat\" padding_2_tablet=\"0px|0px|0px|10px\" padding_2_last_edited=\"on|phone\" module_id_1=\"line_title\" custom_css_main_1=\"max-height: 62px;\" module_id=\"bloc_title\" _builder_version=\"3.0.73\" background_size=\"initial\" background_position=\"top_left\" background_repeat=\"repeat\"][et_pb_column type=\"1_4\"][\/et_pb_column][et_pb_column type=\"3_4\"][et_pb_text admin_label=\"Titre de page\" _builder_version=\"3.0.89\" max_width=\"900px\" custom_css_main_element=\"border:none;\" border_color=\"#3cb6b3\" border_width=\"5px\" border_style=\"solid\"]\r\n<h1>Rheomuco\u00a0: un nouveau standard pour vos essais cliniques<\/h1>\r\n[\/et_pb_text][\/et_pb_column][\/et_pb_row][\/et_pb_section][et_pb_section bb_built=\"1\" module_id=\"contenu_std\" _builder_version=\"3.0.89\" custom_padding=\"0px||20px|\"][et_pb_row custom_padding=\"0px||10px|\" make_equal=\"on\" background_position_1=\"top_left\" background_position_2=\"top_left\" background_repeat_1=\"no-repeat\" background_repeat_2=\"no-repeat\" _builder_version=\"3.0.98\"][et_pb_column type=\"1_2\"][et_pb_image admin_label=\"Visuel 1\" src=\"https:\/\/rheomuco.com\/wp-content\/uploads\/2018\/01\/groupe.jpg\" align=\"center\" _builder_version=\"3.0.98\" max_width_phone=\"200px\" max_width_last_edited=\"off|desktop\" animation_direction=\"off\" border_style=\"solid\" animation=\"off\" sticky=\"off\" \/][\/et_pb_column][et_pb_column type=\"1_2\"][et_pb_text admin_label=\"Bloc de texte 1\" _builder_version=\"3.0.89\" border_style=\"solid\"]\r\n\r\n<a href=\"..\/\">Rheomuco<\/a> permet la mesure des propri\u00e9t\u00e9s physiques du mucus broncho-pulmonaire, en particulier pour \u00e9tudier les maladies bronchiques chroniques, comme la <a href=\"..\/..\/analyse-du-mucus-broncho-pulmonaire\/rheomuco-pour-la-mucoviscidose\/\">mucoviscidose<\/a>, la <a href=\"..\/..\/analyse-du-mucus-broncho-pulmonaire\/rheomuco-pour-la-bpco\/\">BPCO<\/a>, \u2026\r\n\r\nPar son usage simple, Rheomuco est facile \u00e0 int\u00e9grer \u00e0 votre protocole de recherche clinique, et vient en compl\u00e9ment des analyses\u00a0de spirom\u00e9trie (EFR), indice de clairance (LCI), clairance mucociliaire, bact\u00e9riologie,\u2026\r\n\r\n[\/et_pb_text][\/et_pb_column][\/et_pb_row][et_pb_row custom_padding=\"26px||10px|\" make_equal=\"on\" background_position_1=\"top_left\" background_position_2=\"top_left\" background_repeat_1=\"no-repeat\" background_repeat_2=\"no-repeat\" _builder_version=\"3.0.98\" custom_padding_tablet=\"0px||10px|\" custom_padding_last_edited=\"on|phone\"][et_pb_column type=\"1_2\"][et_pb_text admin_label=\"Bloc de texte 2\" _builder_version=\"3.0.93\" border_style=\"solid\"]\r\n\r\nLa <a href=\"..\/dispositif-et-specifications\/\">solution Rheomuco<\/a>, nouvel indicateur repr\u00e9sentant l\u2019\u00e9tat physique du mucus, devient alors :\r\n<ul>\r\n \t<li>un marqueur de l\u2019efficacit\u00e9 de votre traitement<\/li>\r\n \t<li>le test compagnon de votre nouvelle th\u00e9rapie<\/li>\r\n<\/ul>\r\n[\/et_pb_text][\/et_pb_column][et_pb_column type=\"1_2\"][et_pb_cta admin_label=\"Bloc de texte Bleu\" module_class=\"bloc-bleu\" _builder_version=\"3.0.98\" header_font_size=\"18\" body_font=\"|600|||||||\" body_font_size=\"18px\" max_width=\"80%\" module_alignment=\"right\" custom_padding=\"20%||20%|\" custom_css_promo_description=\"padding-bottom: 0;\" saved_tabs=\"all\" url_new_window=\"off\" use_background_color=\"on\" background_layout=\"dark\" header_font_size_phone=\"15\" header_font_size_last_edited=\"on|tablet\" body_font_size_phone=\"15px\" body_font_size_last_edited=\"on|tablet\" custom_button=\"off\" button_icon_placement=\"right\" max_width_tablet=\"100%\" max_width_last_edited=\"on|phone\" custom_padding_tablet=\"15%||15%|\" custom_padding_last_edited=\"on|phone\"]\r\n\r\n\u00a0\r\n\r\n<a href=\"..\/..\/vous-equiper\/nous-rencontrer\/\">Contactez-nous pour faire de Rheomuco le partenaire de vos \u00e9tudes cliniques<\/a>\r\n\r\n\u00a0\r\n\r\n[\/et_pb_cta][\/et_pb_column][\/et_pb_row][\/et_pb_section]","_et_gb_content_width":"","footnotes":""},"class_list":["post-1218","page","type-page","status-publish","hentry"],"acf":[],"_links":{"self":[{"href":"https:\/\/rheomuco.com\/fr\/wp-json\/wp\/v2\/pages\/1218","targetHints":{"allow":["GET"]}}],"collection":[{"href":"https:\/\/rheomuco.com\/fr\/wp-json\/wp\/v2\/pages"}],"about":[{"href":"https:\/\/rheomuco.com\/fr\/wp-json\/wp\/v2\/types\/page"}],"author":[{"embeddable":true,"href":"https:\/\/rheomuco.com\/fr\/wp-json\/wp\/v2\/users\/7"}],"replies":[{"embeddable":true,"href":"https:\/\/rheomuco.com\/fr\/wp-json\/wp\/v2\/comments?post=1218"}],"version-history":[{"count":24,"href":"https:\/\/rheomuco.com\/fr\/wp-json\/wp\/v2\/pages\/1218\/revisions"}],"predecessor-version":[{"id":5913,"href":"https:\/\/rheomuco.com\/fr\/wp-json\/wp\/v2\/pages\/1218\/revisions\/5913"}],"wp:attachment":[{"href":"https:\/\/rheomuco.com\/fr\/wp-json\/wp\/v2\/media?parent=1218"}],"curies":[{"name":"wp","href":"https:\/\/api.w.org\/{rel}","templated":true}]}}