{"id":1210,"date":"2022-08-03T10:45:44","date_gmt":"2022-08-03T08:45:44","guid":{"rendered":"http:\/\/rheomuco.magali-tillocher.com\/?page_id=1210"},"modified":"2022-08-03T16:53:18","modified_gmt":"2022-08-03T14:53:18","slug":"recherche-sur-le-mucus","status":"publish","type":"page","link":"https:\/\/rheomuco.com\/fr\/recherche-sur-le-mucus\/","title":{"rendered":"Recherche sur le mucus"},"content":{"rendered":"\n[et_pb_section fb_built=\u00a0\u00bb1&Prime; custom_padding_last_edited=\u00a0\u00bbon|desktop\u00a0\u00bb module_id=\u00a0\u00bbtitle_std\u00a0\u00bb _builder_version=\u00a0\u00bb3.22&Prime; custom_padding_tablet=\u00a0\u00bb\u00a0\u00bb custom_padding_phone=\u00a0\u00bb\u00a0\u00bb][et_pb_row column_structure=\u00a0\u00bb1_4,3_4&Prime; make_equal=\u00a0\u00bbon\u00a0\u00bb module_id=\u00a0\u00bbbloc_title\u00a0\u00bb _builder_version=\u00a0\u00bb3.25&Prime; width=\u00a0\u00bb100%\u00a0\u00bb max_width=\u00a0\u00bb100%\u00a0\u00bb custom_padding=\u00a0\u00bb0px||0px|\u00a0\u00bb use_custom_width=\u00a0\u00bbon\u00a0\u00bb width_unit=\u00a0\u00bboff\u00a0\u00bb custom_width_percent=\u00a0\u00bb100%\u00a0\u00bb][et_pb_column type=\u00a0\u00bb1_4&Prime; module_id=\u00a0\u00bbline_title\u00a0\u00bb _builder_version=\u00a0\u00bb3.25&Prime; background_position=\u00a0\u00bbtop_left\u00a0\u00bb custom_padding=\u00a0\u00bb0px|0px|0px|0px\u00a0\u00bb custom_css_main_element=\u00a0\u00bbmax-height: 62px;\u00a0\u00bb custom_padding__hover=\u00a0\u00bb|||\u00a0\u00bb][\/et_pb_column][et_pb_column type=\u00a0\u00bb3_4&Prime; _builder_version=\u00a0\u00bb3.25&Prime; background_position=\u00a0\u00bbtop_left\u00a0\u00bb custom_padding=\u00a0\u00bb0px|0px|0px|0px\u00a0\u00bb custom_padding_tablet=\u00a0\u00bb0px|0px|0px|10px\u00a0\u00bb custom_padding_phone=\u00a0\u00bb\u00a0\u00bb custom_padding_last_edited=\u00a0\u00bbon|phone\u00a0\u00bb custom_padding__hover=\u00a0\u00bb|||\u00a0\u00bb][et_pb_text admin_label=\u00a0\u00bbTitre de page\u00a0\u00bb _builder_version=\u00a0\u00bb4.7.0&Prime; max_width=\u00a0\u00bb900px\u00a0\u00bb custom_css_main_element=\u00a0\u00bbborder:none;\u00a0\u00bb border_width_all=\u00a0\u00bb5px\u00a0\u00bb border_color_all=\u00a0\u00bb#3cb6b3&Prime; border_style_all=\u00a0\u00bbsolid\u00a0\u00bb border_color=\u00a0\u00bb#3cb6b3&Prime; border_width=\u00a0\u00bb5px\u00a0\u00bb border_style=\u00a0\u00bbsolid\u00a0\u00bb]<h1><span style=\"color: #008080\"><strong>Recherches sur le mucus\u00a0<\/strong><\/span><\/h1>[\/et_pb_text][\/et_pb_column][\/et_pb_row][\/et_pb_section][et_pb_section fb_built=\u00a0\u00bb1&Prime; module_id=\u00a0\u00bbcontenu_std\u00a0\u00bb _builder_version=\u00a0\u00bb3.22&Prime; custom_padding=\u00a0\u00bb0px||20px|\u00a0\u00bb][et_pb_row column_structure=\u00a0\u00bb2_5,3_5&Prime; make_equal=\u00a0\u00bbon\u00a0\u00bb custom_padding_last_edited=\u00a0\u00bbon|tablet\u00a0\u00bb _builder_version=\u00a0\u00bb3.25&Prime; custom_padding=\u00a0\u00bb0px||10px|\u00a0\u00bb custom_padding_tablet=\u00a0\u00bb\u00a0\u00bb custom_padding_phone=\u00a0\u00bb\u00a0\u00bb][et_pb_column type=\u00a0\u00bb2_5&Prime; _builder_version=\u00a0\u00bb3.25&Prime; background_position=\u00a0\u00bbtop_left\u00a0\u00bb custom_padding=\u00a0\u00bb|||\u00a0\u00bb custom_padding__hover=\u00a0\u00bb|||\u00a0\u00bb][et_pb_image src=\u00a0\u00bbhttps:\/\/rheomuco.com\/wp-content\/uploads\/2018\/01\/sputum_de_rubin.jpg\u00a0\u00bb url=\u00a0\u00bbhttps:\/\/rheomuco.com\/wp-content\/uploads\/2019\/04\/Rheomuco-brochure-2019.pdf\u00a0\u00bb url_new_window=\u00a0\u00bbon\u00a0\u00bb show_bottom_space=\u00a0\u00bboff\u00a0\u00bb align=\u00a0\u00bbcenter\u00a0\u00bb align_tablet=\u00a0\u00bbcenter\u00a0\u00bb align_phone=\u00a0\u00bb\u00a0\u00bb align_last_edited=\u00a0\u00bbon|desktop\u00a0\u00bb admin_label=\u00a0\u00bbVignette_brochure\u00a0\u00bb _builder_version=\u00a0\u00bb4.7.0&Prime; transform_scale=\u00a0\u00bb180%|180%\u00a0\u00bb transform_translate=\u00a0\u00bb9px|-15px\u00a0\u00bb max_width=\u00a0\u00bb240px\u00a0\u00bb max_width_tablet=\u00a0\u00bb200px\u00a0\u00bb max_width_phone=\u00a0\u00bb150px\u00a0\u00bb max_width_last_edited=\u00a0\u00bbon|phone\u00a0\u00bb]&nbsp;\r[\/et_pb_image][et_pb_text admin_label=\u00a0\u00bbL\u00e9gende\u00a0\u00bb module_class=\u00a0\u00bbcaption_page\u00a0\u00bb _builder_version=\u00a0\u00bb4.7.0&Prime; hover_enabled=\u00a0\u00bb0&Prime; saved_tabs=\u00a0\u00bball\u00a0\u00bb custom_padding=\u00a0\u00bb||0px|216px||\u00a0\u00bb min_height=\u00a0\u00bb1.5px\u00a0\u00bb transform_translate_linked=\u00a0\u00bboff\u00a0\u00bb transform_translate=\u00a0\u00bb-49px|31px\u00a0\u00bb sticky_enabled=\u00a0\u00bb0&Prime;]\n\n<p>Sputum de rubin<\/p>\n\n[\/et_pb_text][\/et_pb_column][et_pb_column type=\u00a0\u00bb3_5&Prime; _builder_version=\u00a0\u00bb3.25&Prime; background_position=\u00a0\u00bbtop_left\u00a0\u00bb custom_padding=\u00a0\u00bb|||\u00a0\u00bb custom_padding__hover=\u00a0\u00bb|||\u00a0\u00bb][et_pb_text ul_item_indent=\u00a0\u00bb40px\u00a0\u00bb admin_label=\u00a0\u00bbBloc de texte 1&Prime; _builder_version=\u00a0\u00bb4.7.0&Prime; width=\u00a0\u00bb100%\u00a0\u00bb custom_padding=\u00a0\u00bb||0px|||\u00a0\u00bb]<h2>Une solution innovante pour avancer la recherche sur le mucus<\/h2>\n<p style=\"text-align: justify\">La recherche sur le mucus est au c\u0153ur des efforts de nombreuses \u00e9quipes scientifiques multidisciplinaires pour r\u00e9pondre \u00e0 des questions fondamentales reli\u00e9es aux caract\u00e9ristiques biologiques, chimiques et physiques du mucus. Le mucus est une barri\u00e8re g\u00e9lifi\u00e9e qui contr\u00f4le les interactions et les \u00e9changes entre les cellules superficielles et leur environnement.La recherche sur le mucus est \u00e0 la base de la compr\u00e9hension et de la d\u00e9couverte de traitements pour des maladies tr\u00e8s vari\u00e9es\u00a0:<\/p>\n<ul>\n<li>Biochimie des mucines et leurs interactions mol\u00e9culaires<\/li>\n<li>Microbes et formation de biofilms<\/li>\n<li>Clairance et transport du mucus<\/li>\n<li>Diagnostic et pr\u00e9diction de la progression des maladies<\/li>\n<li>M\u00e9canismes cellulaires impliqu\u00e9s dans la r\u00e9gulation du mucus<\/li>\n<li>Lib\u00e9ration de principes actifs \u00e0 travers la barri\u00e8re muqueuse<\/li>\n<\/ul>\n<p>&nbsp;<\/p>\n<p>&nbsp;<\/p>[\/et_pb_text][\/et_pb_column][\/et_pb_row][et_pb_row _builder_version=\u00a0\u00bb4.7.0&Prime; _module_preset=\u00a0\u00bbdefault\u00a0\u00bb custom_margin=\u00a0\u00bb-90px|auto||auto||\u00a0\u00bb custom_padding=\u00a0\u00bb15px|||||\u00a0\u00bb][et_pb_column type=\u00a0\u00bb4_4&Prime; _builder_version=\u00a0\u00bb4.7.0&Prime; _module_preset=\u00a0\u00bbdefault\u00a0\u00bb][et_pb_text _builder_version=\u00a0\u00bb4.7.0&Prime; _module_preset=\u00a0\u00bbdefault\u00a0\u00bb custom_padding=\u00a0\u00bb31px|||||\u00a0\u00bb hover_enabled=\u00a0\u00bb0&Prime; sticky_enabled=\u00a0\u00bb0&Prime;]<h3 style=\"text-align: center\"><span style=\"color: #008080\">Pour r\u00e9soudre certains myst\u00e8res autour du mucus, Rheonova vous apporte son expertise avec Rheomuco et la rh\u00e9ologie du mucus, une solution innovante compl\u00e9mentaire pour votre projet de recherche!<\/span><\/h3>\n<p>&nbsp;<\/p>\n<h4 style=\"text-align: center\">\u00a0Cherchez le dernier article sur la rh\u00e9ologie du mucus dans notre <a href=\"https:\/\/rheomuco.com\/mucus-rheology\/documentation-centre\/\"><span style=\"color: #008080\">centre de documentation<\/span><\/a> !<\/h4>\n[\/et_pb_text][\/et_pb_column][\/et_pb_row][et_pb_row column_structure=\u00a0\u00bb3_5,2_5&Prime; make_equal=\u00a0\u00bbon\u00a0\u00bb custom_padding_last_edited=\u00a0\u00bbon|tablet\u00a0\u00bb _builder_version=\u00a0\u00bb3.25&Prime; custom_margin=\u00a0\u00bb-61px|auto||auto||\u00a0\u00bb custom_padding=\u00a0\u00bb45px||10px|\u00a0\u00bb custom_padding_tablet=\u00a0\u00bb0px||10px|\u00a0\u00bb custom_padding_phone=\u00a0\u00bb\u00a0\u00bb][et_pb_column type=\u00a0\u00bb3_5&Prime; _builder_version=\u00a0\u00bb3.25&Prime; background_position=\u00a0\u00bbtop_left\u00a0\u00bb custom_padding=\u00a0\u00bb|||\u00a0\u00bb custom_padding__hover=\u00a0\u00bb|||\u00a0\u00bb][et_pb_text ul_item_indent=\u00a0\u00bb40px\u00a0\u00bb admin_label=\u00a0\u00bbBloc de texte 3&Prime; _builder_version=\u00a0\u00bb4.7.0&Prime; custom_padding=\u00a0\u00bb30px|0px||||\u00a0\u00bb custom_padding_tablet=\u00a0\u00bb10px|||\u00a0\u00bb custom_padding_phone=\u00a0\u00bb\u00a0\u00bb custom_padding_last_edited=\u00a0\u00bbon|tablet\u00a0\u00bb]<h2>Recherche sur le mucus dans les maladies pulmonaires muco-obstructives<\/h2>\n<p style=\"text-align: justify\">Les maladies pulmonaires qui conduisent \u00e0 l\u2019obstruction d\u2019un organe par un mucus alt\u00e9r\u00e9 sont diverses et associ\u00e9es \u00e0 des causes distinctes telles que :<\/p>\n<ul>\n<li>L\u2019environnement &#8211; la fum\u00e9e de cigarette ou la pollution peuvent causer la BPCO<\/li>\n<li>La g\u00e9n\u00e9tique, par exemple dans la mucoviscidose<\/li>\n<li>Des bact\u00e9ries, c\u2019est le cas des bronchites<\/li>\n<li>Des virus, comme pour les grippes<\/li>\n<li>Des inflammations, par exemple dans l\u2019asthme s\u00e9v\u00e8re \u00e9osinophilique<\/li>\n<li>Un dysfonctionnement des cils, dans le cas de la dyskin\u00e9sie ciliaire primaire<\/li>\n<\/ul>[\/et_pb_text][\/et_pb_column][et_pb_column type=\u00a0\u00bb2_5&Prime; _builder_version=\u00a0\u00bb3.25&Prime; background_position=\u00a0\u00bbtop_left\u00a0\u00bb custom_padding=\u00a0\u00bb|||\u00a0\u00bb custom_padding__hover=\u00a0\u00bb|||\u00a0\u00bb][et_pb_image src=\u00a0\u00bbhttps:\/\/rheomuco.com\/wp-content\/uploads\/2022\/07\/Photo-7_Trachee-exacerbee.jpg\u00a0\u00bb title_text=\u00a0\u00bbPhoto 7_Trach\u00e9e exacerb\u00e9e\u00a0\u00bb show_in_lightbox=\u00a0\u00bbon\u00a0\u00bb show_bottom_space=\u00a0\u00bboff\u00a0\u00bb align=\u00a0\u00bbcenter\u00a0\u00bb align_tablet=\u00a0\u00bbcenter\u00a0\u00bb align_phone=\u00a0\u00bb\u00a0\u00bb align_last_edited=\u00a0\u00bbon|desktop\u00a0\u00bb admin_label=\u00a0\u00bbVisuel 2&Prime; _builder_version=\u00a0\u00bb4.7.0&Prime; transform_translate=\u00a0\u00bb0px|-8px\u00a0\u00bb transform_translate_linked=\u00a0\u00bboff\u00a0\u00bb max_width=\u00a0\u00bb90%\u00a0\u00bb max_width_tablet=\u00a0\u00bb\u00a0\u00bb max_width_phone=\u00a0\u00bb\u00a0\u00bb max_width_last_edited=\u00a0\u00bbon|phone\u00a0\u00bb module_alignment=\u00a0\u00bbright\u00a0\u00bb]&nbsp;\r[\/et_pb_image][et_pb_text admin_label=\u00a0\u00bbL\u00e9gende\u00a0\u00bb module_class=\u00a0\u00bbcaption_page\u00a0\u00bb _builder_version=\u00a0\u00bb4.7.0&Prime; transform_scale_linked=\u00a0\u00bboff\u00a0\u00bb transform_translate=\u00a0\u00bb100px|-8px\u00a0\u00bb transform_translate_linked=\u00a0\u00bboff\u00a0\u00bb max_width=\u00a0\u00bb74%\u00a0\u00bb saved_tabs=\u00a0\u00bball\u00a0\u00bb]<p>Les bronches durant un \u00e9pisode d&rsquo;exacerbation.<\/p>[\/et_pb_text][\/et_pb_column][\/et_pb_row][et_pb_row column_structure=\u00a0\u00bb1_5,3_5,1_5&Prime; _builder_version=\u00a0\u00bb4.7.0&Prime; _module_preset=\u00a0\u00bbdefault\u00a0\u00bb][et_pb_column type=\u00a0\u00bb1_5&Prime; _builder_version=\u00a0\u00bb4.7.0&Prime; _module_preset=\u00a0\u00bbdefault\u00a0\u00bb][\/et_pb_column][et_pb_column type=\u00a0\u00bb3_5&Prime; _builder_version=\u00a0\u00bb4.7.0&Prime; _module_preset=\u00a0\u00bbdefault\u00a0\u00bb][et_pb_text _builder_version=\u00a0\u00bb4.7.0&Prime; _module_preset=\u00a0\u00bbdefault\u00a0\u00bb custom_margin=\u00a0\u00bb-38px||-172px|||\u00a0\u00bb]<h3>Au-del\u00e0 des maladies respiratoires, la rh\u00e9ologie du mucus est alt\u00e9r\u00e9e dans d\u2019autres types de maladies<\/h3>\n<table width=\"576\">\n<tbody>\n<tr>\n<td width=\"292\"><span style=\"color: #008080\">Intestinales<\/span><\/td>\n<td width=\"284\"><span style=\"color: #008080\">Cervicales<\/span><\/td>\n<\/tr>\n<tr>\n<td width=\"292\">\n<ul>\n<li>Rectocolite h\u00e9morragique<\/li>\n<li>Cancer intestinal et colorectal<\/li>\n<li>maladie de Hirschsprung<\/li>\n<\/ul>\n<\/td>\n<td width=\"284\">\n<ul>\n<li>Infertilit\u00e9 ou baisse de fertilit\u00e9<\/li>\n<li>Cervicite<\/li>\n<li>Complications \u00e0 l\u2019accouchement<\/li>\n<\/ul>\n<\/td>\n<\/tr>\n<\/tbody>\n<\/table>\n<p><span style=\"color: #008080\">\u00a0<\/span><\/p>\n<p>&nbsp;<\/p>\n<p>&nbsp;<\/p>\n<p><span style=\"color: #008080\"><\/span><\/p>[\/et_pb_text][\/et_pb_column][et_pb_column type=\u00a0\u00bb1_5&Prime; _builder_version=\u00a0\u00bb4.7.0&Prime; _module_preset=\u00a0\u00bbdefault\u00a0\u00bb][\/et_pb_column][\/et_pb_row][et_pb_row column_structure=\u00a0\u00bb1_5,3_5,1_5&Prime; _builder_version=\u00a0\u00bb4.7.0&Prime; _module_preset=\u00a0\u00bbdefault\u00a0\u00bb min_height=\u00a0\u00bb277.2px\u00a0\u00bb][et_pb_column type=\u00a0\u00bb1_5&Prime; _builder_version=\u00a0\u00bb4.7.0&Prime; _module_preset=\u00a0\u00bbdefault\u00a0\u00bb][\/et_pb_column][et_pb_column type=\u00a0\u00bb3_5&Prime; _builder_version=\u00a0\u00bb4.7.0&Prime; _module_preset=\u00a0\u00bbdefault\u00a0\u00bb][et_pb_text _builder_version=\u00a0\u00bb4.7.0&Prime; _module_preset=\u00a0\u00bbdefault\u00a0\u00bb]<h3 style=\"text-align: center\">Tester la rh\u00e9ologie du mucus pour \u00e9valuer et jauger ces maladies est possible ! Rheomuco rend la rh\u00e9ologie accessible.<\/h3>\n<p>&nbsp;<\/p>\n<h4 style=\"text-align: center\">Envie d\u2019en savoir plus\u00a0? Contactez-nous<\/h4>[\/et_pb_text][et_pb_text admin_label=\u00a0\u00bbbloc Download\u00a0\u00bb module_class=\u00a0\u00bbdownload\u00a0\u00bb _builder_version=\u00a0\u00bb4.7.0&Prime; text_text_color=\u00a0\u00bb#ffffff\u00a0\u00bb text_font_size=\u00a0\u00bb13px\u00a0\u00bb text_orientation=\u00a0\u00bbcenter\u00a0\u00bb background_layout=\u00a0\u00bbdark\u00a0\u00bb max_width=\u00a0\u00bb25%\u00a0\u00bb max_width_tablet=\u00a0\u00bb\u00a0\u00bb max_width_phone=\u00a0\u00bb80%\u00a0\u00bb max_width_last_edited=\u00a0\u00bbon|phone\u00a0\u00bb module_alignment=\u00a0\u00bbcenter\u00a0\u00bb custom_padding=\u00a0\u00bb5px|5px|5px|5px\u00a0\u00bb link_option_url=\u00a0\u00bbhttps:\/\/rheomuco.com\/fr\/contact\/\u00a0\u00bb hover_enabled=\u00a0\u00bb0&Prime; custom_css_main_element=\u00a0\u00bbbackground: #3bb6b3;\u00a0\u00bb border_radii=\u00a0\u00bbon|5px|5px|5px|5px\u00a0\u00bb saved_tabs=\u00a0\u00bball\u00a0\u00bb sticky_enabled=\u00a0\u00bb0&Prime;]<p><a href=\"\/wp-content\/uploads\/2018\/01\/POSTER_ECFS.pdf\" target=\"_blank\" rel=\"noopener noreferrer\"><\/a>Contactez-nous !<\/p>\n[\/et_pb_text][\/et_pb_column][et_pb_column type=\u00a0\u00bb1_5&Prime; _builder_version=\u00a0\u00bb4.7.0&Prime; _module_preset=\u00a0\u00bbdefault\u00a0\u00bb][\/et_pb_column][\/et_pb_row][\/et_pb_section]\n","protected":false},"excerpt":{"rendered":"<p>Recherches sur le mucus\u00a0&nbsp; Sputum de rubin Une solution innovante pour avancer la recherche sur le mucus La<a href=\"https:\/\/rheomuco.com\/fr\/recherche-sur-le-mucus\/\" rel=\"nofollow\" class=\"more\"> >> <\/a><\/p>\n","protected":false},"author":7,"featured_media":0,"parent":0,"menu_order":0,"comment_status":"closed","ping_status":"closed","template":"","meta":{"_acf_changed":false,"_et_pb_use_builder":"on","_et_pb_old_content":"<p>[et_pb_section fb_built=\"1\" module_id=\"title_std\" custom_padding_last_edited=\"on|desktop\" _builder_version=\"3.0.89\"][et_pb_row use_custom_width=\"on\" width_unit=\"off\" custom_width_percent=\"100%\" custom_padding=\"0px||0px|\" make_equal=\"on\" padding_top_1=\"0px\" padding_right_1=\"0px\" padding_bottom_1=\"0px\" padding_left_1=\"0px\" padding_top_2=\"0px\" padding_right_2=\"0px\" padding_bottom_2=\"0px\" padding_left_2=\"0px\" background_position_1=\"top_left\" background_position_2=\"top_left\" background_repeat_1=\"no-repeat\" background_repeat_2=\"no-repeat\" padding_2_tablet=\"0px|0px|0px|10px\" padding_2_last_edited=\"on|phone\" module_id_1=\"line_title\" custom_css_main_1=\"max-height: 62px;\" module_id=\"bloc_title\" _builder_version=\"3.0.73\"][et_pb_column type=\"1_4\" _builder_version=\"3.0.47\" padding_bottom=\"0px\" padding_left=\"0px\" padding_right=\"0px\" padding_top=\"0px\" parallax=\"off\" parallax_method=\"on\" background_position=\"top_left\" background_repeat=\"no-repeat\" module_id=\"line_title\" custom_css_main=\"max-height: 62px;\"][\/et_pb_column][et_pb_column type=\"3_4\" _builder_version=\"3.0.47\" padding_tablet=\"0px|0px|0px|10px\" padding_last_edited=\"on|phone\" padding_bottom=\"0px\" padding_left=\"0px\" padding_right=\"0px\" padding_top=\"0px\" parallax=\"off\" parallax_method=\"on\" background_position=\"top_left\" background_repeat=\"no-repeat\"][et_pb_text admin_label=\"Titre de page\" _builder_version=\"3.0.89\" border_width_all=\"5px\" border_color_all=\"#3cb6b3\" border_style_all=\"solid\" max_width=\"900px\" custom_css_main_element=\"border:none;\" border_color=\"#3cb6b3\" border_width=\"5px\" border_style=\"solid\"]<\/p><h1>Rheomuco, un nouveau standard pour \u00e9tudier la visco\u00e9lasticit\u00e9 des<br \/> s\u00e9cr\u00e9tions broncho-pulmonaires<\/h1><p>[\/et_pb_text][\/et_pb_column][\/et_pb_row][\/et_pb_section][et_pb_section fb_built=\"1\" module_id=\"contenu_std\" _builder_version=\"3.0.89\" custom_padding=\"0px||20px|\"][et_pb_row custom_padding=\"0px||10px|\" make_equal=\"on\" background_position_1=\"top_left\" background_position_2=\"top_left\" background_repeat_1=\"no-repeat\" background_repeat_2=\"no-repeat\" custom_padding_last_edited=\"on|tablet\" _builder_version=\"3.0.98\"][et_pb_column type=\"1_2\" _builder_version=\"3.0.47\" parallax=\"off\" parallax_method=\"on\" background_position=\"top_left\" background_repeat=\"no-repeat\"][et_pb_image src=\"https:\/\/rheomuco.com\/wp-content\/uploads\/2018\/01\/rheomuco-schema-e1506447046223.jpg\" show_bottom_space=\"off\" align=\"center\" admin_label=\"Visuel 1\" _builder_version=\"3.0.98\" border_style_all=\"solid\" max_width=\"53%\" max_width_phone=\"200px\" max_width_last_edited=\"off|desktop\" animation_direction=\"off\" border_style=\"solid\" animation=\"off\" sticky=\"off\"][\/et_pb_image][\/et_pb_column][et_pb_column type=\"1_2\" _builder_version=\"3.0.47\" parallax=\"off\" parallax_method=\"on\" background_position=\"top_left\" background_repeat=\"no-repeat\"][et_pb_text admin_label=\"Bloc de texte 1\" _builder_version=\"3.0.89\" border_style_all=\"solid\" border_style=\"solid\"]<\/p><p style=\"text-align: left;\">Rheomuco est un rh\u00e9om\u00e8tre de paillasse d\u00e9di\u00e9 \u00e0 l\u2019\u00e9tude des <a href=\"..\/..\/analyse-du-mucus-broncho-pulmonaire\/la-rheologie-des-secretions-pulmonaires\/\">propri\u00e9t\u00e9s visco\u00e9lastiques du mucus broncho-pulmonaire<\/a>.<\/p><p style=\"text-align: left;\">Utile \u00e0 tous les stades de la recherche fondamentale, au d\u00e9veloppement et jusqu\u2019\u00e0 la <a href=\"..\/..\/decouvrir-rheomuco\/essais-cliniques\/\">validation clinique<\/a>\u00a0de th\u00e9rapies.<\/p><p style=\"text-align: left;\">Simple d\u2019utilisation, il permet une <a href=\"..\/..\/decouvrir-rheomuco\/comment-utiliser-rheomuco\/\">analyse rh\u00e9ologique d\u2019un \u00e9chantillon en moins\u00a0<\/a><a href=\"..\/..\/decouvrir-rheomuco\/comment-utiliser-rheomuco\/\">de 15 minutes, et une lecture directe<\/a>\u00a0du r\u00e9sultat n\u2019exigeant aucune comp\u00e9tence en rh\u00e9ologie.<\/p><p>[\/et_pb_text][\/et_pb_column][\/et_pb_row][et_pb_row custom_padding=\"45px||10px|\" custom_padding_tablet=\"0px||10px|\" make_equal=\"on\" background_position_1=\"top_left\" background_position_2=\"top_left\" background_repeat_1=\"no-repeat\" background_repeat_2=\"no-repeat\" custom_padding_last_edited=\"on|tablet\" _builder_version=\"3.0.98\"][et_pb_column type=\"1_2\" _builder_version=\"3.0.47\" parallax=\"off\" parallax_method=\"on\" background_position=\"top_left\" background_repeat=\"no-repeat\"][et_pb_text admin_label=\"Bloc de texte 3\" _builder_version=\"3.0.98\" custom_padding=\"30px|||\" custom_padding_tablet=\"10px|||\" custom_padding_last_edited=\"on|tablet\"]Le mucus analys\u00e9 peut provenir de donneurs sains ou malades, ou de cultures cellulaires <em>in vitro<\/em>. L\u2019expectoration est spontan\u00e9e pour certains patients mucoviscidosiques, BPCO s\u00e9v\u00e8res s\u00e9cr\u00e9tants...<\/p><p>Pour les autres, une <a href=\"..\/..\/analyse-du-mucus-broncho-pulmonaire\/centre-documentaire\/\">expectoration induite suivant un protocole standard<\/a> (ref Isabelle Pin) doit \u00eatre r\u00e9alis\u00e9e pour obtenir le crachat \u00e0 analyser.<\/p><p>Une premi\u00e8re <a href=\"..\/..\/decouvrir-rheomuco\/essais-cliniques\/\">\u00e9tude clinique<\/a>\u00a0men\u00e9e avec le <a href=\"http:\/\/www.chu-grenoble.fr\/\" target=\"_blank\" rel=\"noopener noreferrer\">CHU Grenoble Alpes <\/a>a montr\u00e9 la<br \/> capacit\u00e9 de Rheomuco \u00e0 discriminer les malades et mesurer objectivement<br \/> l\u2019efficacit\u00e9 d\u2019un traitement.<br \/> [\/et_pb_text][\/et_pb_column][et_pb_column type=\"1_2\" _builder_version=\"3.0.47\" parallax=\"off\" parallax_method=\"on\" background_position=\"top_left\" background_repeat=\"no-repeat\"][et_pb_image src=\"https:\/\/rheomuco.com\/wp-content\/uploads\/2018\/01\/2.2_Nouveau-standard-RGB-f-e1518541582992.jpg\" show_in_lightbox=\"on\" show_bottom_space=\"off\" align=\"center\" admin_label=\"Visuel 2\" _builder_version=\"3.0.98\" max_width_last_edited=\"on|phone\" module_alignment=\"right\" max_width=\"90%\"][\/et_pb_image][\/et_pb_column][\/et_pb_row][et_pb_row custom_padding=\"46px||10px|\" custom_padding_tablet=\"0px||10px|\" make_equal=\"on\" background_position_1=\"top_left\" background_position_2=\"top_left\" background_repeat_1=\"no-repeat\" background_repeat_2=\"no-repeat\" custom_padding_last_edited=\"on|tablet\" _builder_version=\"3.0.98\"][et_pb_column type=\"1_2\" _builder_version=\"3.0.47\" parallax=\"off\" parallax_method=\"on\" background_position=\"top_left\" background_repeat=\"no-repeat\"][et_pb_cta disabled_on=\"on||\" admin_label=\"Bloc de texte Bleu\" module_class=\"bloc-bleu\" _builder_version=\"3.0.98\" header_font_size=\"18\" header_font_size_phone=\"15\" header_font_size_last_edited=\"on|phone\" body_font=\"|600|||||||\" body_font_size=\"18px\" body_font_size_phone=\"15px\" body_font_size_last_edited=\"on|phone\" max_width=\"80%\" max_width_last_edited=\"on|phone\" module_alignment=\"left\" custom_padding=\"15%||15%|\" custom_css_promo_description=\"padding-bottom: 0;\" saved_tabs=\"all\"]<a href=\"..\/..\/vous-equiper\/demander-une-demo\/\">Contactez-nous pour une d\u00e9monstration !<\/a><br \/> [\/et_pb_cta][\/et_pb_column][et_pb_column type=\"1_2\" _builder_version=\"3.0.47\" parallax=\"off\" parallax_method=\"on\" background_position=\"top_left\" background_repeat=\"no-repeat\"][et_pb_text admin_label=\"Bloc de texte 1\" _builder_version=\"3.0.89\" border_style_all=\"solid\" border_style=\"solid\"]Gr\u00e2ce \u00e0 son usage simple, Rheomuco se positionne comme un compl\u00e9ment aux analyses\u00a0existantes\u00a0: spirom\u00e9trie (EFR), indice de clairance (LCI), clairance mucociliaire, bact\u00e9riologie,\u2026<br \/> [\/et_pb_text][\/et_pb_column][\/et_pb_row][\/et_pb_section]<\/p>","_et_gb_content_width":"","footnotes":""},"class_list":["post-1210","page","type-page","status-publish","hentry"],"acf":[],"_links":{"self":[{"href":"https:\/\/rheomuco.com\/fr\/wp-json\/wp\/v2\/pages\/1210","targetHints":{"allow":["GET"]}}],"collection":[{"href":"https:\/\/rheomuco.com\/fr\/wp-json\/wp\/v2\/pages"}],"about":[{"href":"https:\/\/rheomuco.com\/fr\/wp-json\/wp\/v2\/types\/page"}],"author":[{"embeddable":true,"href":"https:\/\/rheomuco.com\/fr\/wp-json\/wp\/v2\/users\/7"}],"replies":[{"embeddable":true,"href":"https:\/\/rheomuco.com\/fr\/wp-json\/wp\/v2\/comments?post=1210"}],"version-history":[{"count":48,"href":"https:\/\/rheomuco.com\/fr\/wp-json\/wp\/v2\/pages\/1210\/revisions"}],"predecessor-version":[{"id":6045,"href":"https:\/\/rheomuco.com\/fr\/wp-json\/wp\/v2\/pages\/1210\/revisions\/6045"}],"wp:attachment":[{"href":"https:\/\/rheomuco.com\/fr\/wp-json\/wp\/v2\/media?parent=1210"}],"curies":[{"name":"wp","href":"https:\/\/api.w.org\/{rel}","templated":true}]}}