{"id":1203,"date":"2022-08-01T14:59:27","date_gmt":"2022-08-01T12:59:27","guid":{"rendered":"http:\/\/rheomuco.magali-tillocher.com\/?page_id=1203"},"modified":"2022-08-16T16:27:39","modified_gmt":"2022-08-16T14:27:39","slug":"formation-en-rheologie-du-mucus","status":"publish","type":"page","link":"https:\/\/rheomuco.com\/fr\/formation-en-rheologie-du-mucus\/","title":{"rendered":"Formation en rh\u00e9ologie du mucus"},"content":{"rendered":"\n\n[et_pb_section fb_built=\u00a0\u00bb1&Prime; custom_padding_last_edited=\u00a0\u00bbon|desktop\u00a0\u00bb module_id=\u00a0\u00bbtitle_std\u00a0\u00bb _builder_version=\u00a0\u00bb3.22&Prime; custom_padding_tablet=\u00a0\u00bb\u00a0\u00bb custom_padding_phone=\u00a0\u00bb\u00a0\u00bb][et_pb_row column_structure=\u00a0\u00bb1_4,3_4&Prime; make_equal=\u00a0\u00bbon\u00a0\u00bb module_id=\u00a0\u00bbbloc_title\u00a0\u00bb _builder_version=\u00a0\u00bb3.25&Prime; width=\u00a0\u00bb100%\u00a0\u00bb max_width=\u00a0\u00bb100%\u00a0\u00bb custom_padding=\u00a0\u00bb0px||0px|\u00a0\u00bb use_custom_width=\u00a0\u00bbon\u00a0\u00bb width_unit=\u00a0\u00bboff\u00a0\u00bb custom_width_percent=\u00a0\u00bb100%\u00a0\u00bb][et_pb_column type=\u00a0\u00bb1_4&Prime; module_id=\u00a0\u00bbline_title\u00a0\u00bb _builder_version=\u00a0\u00bb3.25&Prime; background_position=\u00a0\u00bbtop_left\u00a0\u00bb custom_padding=\u00a0\u00bb0px|0px|0px|0px\u00a0\u00bb custom_css_main_element=\u00a0\u00bbmax-height: 62px;\u00a0\u00bb custom_padding__hover=\u00a0\u00bb|||\u00a0\u00bb][\/et_pb_column][et_pb_column type=\u00a0\u00bb3_4&Prime; _builder_version=\u00a0\u00bb3.25&Prime; background_position=\u00a0\u00bbtop_left\u00a0\u00bb custom_padding=\u00a0\u00bb0px|0px|0px|0px\u00a0\u00bb custom_padding_tablet=\u00a0\u00bb0px|0px|0px|10px\u00a0\u00bb custom_padding_phone=\u00a0\u00bb\u00a0\u00bb custom_padding_last_edited=\u00a0\u00bbon|phone\u00a0\u00bb custom_padding__hover=\u00a0\u00bb|||\u00a0\u00bb][et_pb_text admin_label=\u00a0\u00bbTitre de page\u00a0\u00bb _builder_version=\u00a0\u00bb4.7.0&Prime; max_width=\u00a0\u00bb900px\u00a0\u00bb custom_css_main_element=\u00a0\u00bbborder:none;\u00a0\u00bb border_color=\u00a0\u00bb#3cb6b3&Prime; border_width=\u00a0\u00bb5px\u00a0\u00bb border_style=\u00a0\u00bbsolid\u00a0\u00bb]<h1><span style=\"color: #008080\"><strong>Rh\u00e9ologie du mucus et formation en rh\u00e9ologie<\/strong><\/span><\/h1>[\/et_pb_text][\/et_pb_column][\/et_pb_row][\/et_pb_section][et_pb_section fb_built=\u00a0\u00bb1&Prime; module_id=\u00a0\u00bbcontenu_std\u00a0\u00bb _builder_version=\u00a0\u00bb3.22&Prime; custom_padding=\u00a0\u00bb0px||20px|\u00a0\u00bb][et_pb_row column_structure=\u00a0\u00bb2_5,3_5&Prime; _builder_version=\u00a0\u00bb4.7.0&Prime; _module_preset=\u00a0\u00bbdefault\u00a0\u00bb][et_pb_column type=\u00a0\u00bb2_5&Prime; _builder_version=\u00a0\u00bb4.7.0&Prime; _module_preset=\u00a0\u00bbdefault\u00a0\u00bb][et_pb_image src=\u00a0\u00bbhttps:\/\/rheomuco.com\/wp-content\/uploads\/2022\/08\/Photo-21_group-of-young-people.jpg\u00a0\u00bb title_text=\u00a0\u00bbGroup of young people sitting on conference together.\u00a0\u00bb _builder_version=\u00a0\u00bb4.7.0&Prime; _module_preset=\u00a0\u00bbdefault\u00a0\u00bb][\/et_pb_image][\/et_pb_column][et_pb_column type=\u00a0\u00bb3_5&Prime; _builder_version=\u00a0\u00bb4.7.0&Prime; _module_preset=\u00a0\u00bbdefault\u00a0\u00bb][et_pb_text ul_item_indent=\u00a0\u00bb40px\u00a0\u00bb _builder_version=\u00a0\u00bb4.7.0&Prime; _module_preset=\u00a0\u00bbdefault\u00a0\u00bb]<h2 style=\"text-align: justify\">Nos formations en rh\u00e9ologie et rh\u00e9ologie du mucus sont adapt\u00e9es \u00e0 tous les niveaux de connaissances pr\u00e9alables.<\/h2>\n<p style=\"text-align: justify\">Ces formations \u00e0 la carte vous permettront de mieux comprendre les donn\u00e9es rh\u00e9ologiques et leurs utilisations dans vos missions :<\/p>\n<ul>\n<li style=\"text-align: justify\"><a href=\"https:\/\/rheomuco.com\/fr\/recherche-sur-le-mucus\/\">Recherche acad\u00e9mique<\/a> sur les mucus intestinal, cervical ou pulmonaire<\/li>\n<li style=\"text-align: justify\">Soutien \u00e0 <a href=\"https:\/\/rheomuco.com\/fr\/recherche-translationnelle-preclinique\/\">vos revendications cliniques<\/a> \u00e0 chaque \u00e9tape des essais<\/li>\n<li style=\"text-align: justify\"><a href=\"https:\/\/rheomuco.com\/fr\/essais-cliniques\/\">Recherche clinique<\/a> observationnelle<\/li>\n<li style=\"text-align: justify\"><a href=\"https:\/\/rheomuco.com\/fr\/suivi-clinique-de-maladies-respiratoires\/\">Suivi de patients<\/a> en routine<\/li>\n<li style=\"text-align: justify\"><a href=\"https:\/\/rheomuco.com\/fr\/validation-de-dispositifs-medicaux-pour-les-maladies-respiratoires\/\">Validation de dispositifs<\/a><\/li>\n<\/ul>[\/et_pb_text][\/et_pb_column][\/et_pb_row][et_pb_row column_structure=\u00a0\u00bb3_5,2_5&Prime; _builder_version=\u00a0\u00bb4.7.0&Prime; _module_preset=\u00a0\u00bbdefault\u00a0\u00bb custom_padding=\u00a0\u00bb60px|||||\u00a0\u00bb][et_pb_column type=\u00a0\u00bb3_5&Prime; _builder_version=\u00a0\u00bb4.7.0&Prime; _module_preset=\u00a0\u00bbdefault\u00a0\u00bb][et_pb_text ul_item_indent=\u00a0\u00bb40px\u00a0\u00bb _builder_version=\u00a0\u00bb4.7.0&Prime; _module_preset=\u00a0\u00bbdefault\u00a0\u00bb]<h2 style=\"text-align: justify\">Vous appr\u00e9cierez la formation en ligne depuis le confort de votre bureau gr\u00e2ce \u00e0 des sessions interactives et dynamiques.<\/h2>\n<p style=\"text-align: justify\">Si vous souhaitez avoir une exp\u00e9rience pratique, vous pouvez aussi nous rejoindre dans nos locaux \u00e0 Gi\u00e8res, pr\u00e8s de Grenoble, pour vous familiariser avec notre dispositif Rheomuco et discuter avec nos experts. Nous pouvons aussi, si vous le souhaitez, nous d\u00e9placer dans vos locaux pour dispenser nos formations et r\u00e9aliser des d\u00e9monstrations de Rheomuco dans votre laboratoire et avec vos \u00e9chantillons.<\/p>\n<ul>\n<li style=\"text-align: justify\">Soci\u00e9t\u00e9s de biotech\/pharma<\/li>\n<li style=\"text-align: justify\">Universit\u00e9s et laboratoires de recherche<\/li>\n<li style=\"text-align: justify\">\u00c9quipementiers en dispositifs m\u00e9dicaux<\/li>\n<li style=\"text-align: justify\">Soci\u00e9t\u00e9s de recherche sous contrat<\/li>\n<li style=\"text-align: justify\">H\u00f4pitaux<\/li>\n<\/ul>[\/et_pb_text][\/et_pb_column][et_pb_column type=\u00a0\u00bb2_5&Prime; _builder_version=\u00a0\u00bb4.7.0&Prime; _module_preset=\u00a0\u00bbdefault\u00a0\u00bb][et_pb_image src=\u00a0\u00bbhttps:\/\/rheomuco.com\/wp-content\/uploads\/2022\/08\/Photo-22_-e-learning.jpeg\u00a0\u00bb title_text=\u00a0\u00bbStudying with video online lesson at home\u00a0\u00bb _builder_version=\u00a0\u00bb4.7.0&Prime; _module_preset=\u00a0\u00bbdefault\u00a0\u00bb][\/et_pb_image][\/et_pb_column][\/et_pb_row][et_pb_row column_structure=\u00a0\u00bb1_5,3_5,1_5&Prime; _builder_version=\u00a0\u00bb4.7.0&Prime; _module_preset=\u00a0\u00bbdefault\u00a0\u00bb][et_pb_column type=\u00a0\u00bb1_5&Prime; _builder_version=\u00a0\u00bb4.7.0&Prime; _module_preset=\u00a0\u00bbdefault\u00a0\u00bb][et_pb_image src=\u00a0\u00bbhttps:\/\/rheomuco.com\/wp-content\/uploads\/2022\/08\/Logo-Qualiopi-72dpi-Avec-Marianne.jpg\u00a0\u00bb title_text=\u00a0\u00bbLogo-Qualiopi-72dpi-Avec Marianne\u00a0\u00bb _builder_version=\u00a0\u00bb4.7.0&Prime; _module_preset=\u00a0\u00bbdefault\u00a0\u00bb hover_enabled=\u00a0\u00bb0&Prime; sticky_enabled=\u00a0\u00bb0&Prime; custom_padding=\u00a0\u00bb||59px|||\u00a0\u00bb][\/et_pb_image][\/et_pb_column][et_pb_column type=\u00a0\u00bb3_5&Prime; _builder_version=\u00a0\u00bb4.7.0&Prime; _module_preset=\u00a0\u00bbdefault\u00a0\u00bb][et_pb_text _builder_version=\u00a0\u00bb4.7.0&Prime; _module_preset=\u00a0\u00bbdefault\u00a0\u00bb custom_margin=\u00a0\u00bb||13px|||\u00a0\u00bb]<h2 style=\"text-align: center\">Contactez-nous pour plus d\u2019informations sur notre programme de formation !<\/h2>\n<p style=\"text-align: center\">Rheonova est un centre de foramtion depuis 2015, certifi\u00e9 Qualiopi<\/p>[\/et_pb_text][et_pb_text admin_label=\u00a0\u00bbbloc Download\u00a0\u00bb module_class=\u00a0\u00bbdownload\u00a0\u00bb _builder_version=\u00a0\u00bb4.7.0&Prime; text_text_color=\u00a0\u00bb#ffffff\u00a0\u00bb text_font_size=\u00a0\u00bb13px\u00a0\u00bb text_orientation=\u00a0\u00bbcenter\u00a0\u00bb background_layout=\u00a0\u00bbdark\u00a0\u00bb max_width=\u00a0\u00bb25%\u00a0\u00bb max_width_tablet=\u00a0\u00bb\u00a0\u00bb max_width_phone=\u00a0\u00bb80%\u00a0\u00bb max_width_last_edited=\u00a0\u00bbon|phone\u00a0\u00bb module_alignment=\u00a0\u00bbcenter\u00a0\u00bb custom_padding=\u00a0\u00bb5px|5px|5px|5px\u00a0\u00bb link_option_url=\u00a0\u00bbhttps:\/\/rheomuco.com\/fr\/contact\/\u00a0\u00bb link_option_url_new_window=\u00a0\u00bbon\u00a0\u00bb custom_css_main_element=\u00a0\u00bbbackground: #3bb6b3;\u00a0\u00bb border_radii=\u00a0\u00bbon|5px|5px|5px|5px\u00a0\u00bb saved_tabs=\u00a0\u00bball\u00a0\u00bb]<p>Contactez-nous!<\/p>[\/et_pb_text][\/et_pb_column][et_pb_column type=\u00a0\u00bb1_5&Prime; _builder_version=\u00a0\u00bb4.7.0&Prime; _module_preset=\u00a0\u00bbdefault\u00a0\u00bb][\/et_pb_column][\/et_pb_row][\/et_pb_section]\n\n","protected":false},"excerpt":{"rendered":"<p>Rh\u00e9ologie du mucus et formation en rh\u00e9ologieNos formations en rh\u00e9ologie et rh\u00e9ologie du mucus sont adapt\u00e9es \u00e0 tous<a href=\"https:\/\/rheomuco.com\/fr\/formation-en-rheologie-du-mucus\/\" rel=\"nofollow\" class=\"more\"> >> <\/a><\/p>\n","protected":false},"author":7,"featured_media":0,"parent":0,"menu_order":0,"comment_status":"closed","ping_status":"closed","template":"","meta":{"_acf_changed":false,"_et_pb_use_builder":"on","_et_pb_old_content":"[et_pb_section fb_built=\"1\" module_id=\"title_std\" custom_padding_last_edited=\"on|desktop\" _builder_version=\"3.0.89\"][et_pb_row use_custom_width=\"on\" width_unit=\"off\" custom_width_percent=\"100%\" custom_padding=\"0px||0px|\" make_equal=\"on\" padding_top_1=\"0px\" padding_right_1=\"0px\" padding_bottom_1=\"0px\" padding_left_1=\"0px\" padding_top_2=\"0px\" padding_right_2=\"0px\" padding_bottom_2=\"0px\" padding_left_2=\"0px\" background_position_1=\"top_left\" background_position_2=\"top_left\" background_repeat_1=\"no-repeat\" background_repeat_2=\"no-repeat\" padding_2_tablet=\"0px|0px|0px|10px\" padding_2_last_edited=\"on|phone\" module_id_1=\"line_title\" custom_css_main_1=\"max-height: 62px;\" module_id=\"bloc_title\" _builder_version=\"3.0.73\"][et_pb_column type=\"1_4\" _builder_version=\"3.0.47\" padding_bottom=\"0px\" padding_left=\"0px\" padding_right=\"0px\" padding_top=\"0px\" parallax=\"off\" parallax_method=\"on\" background_position=\"top_left\" background_repeat=\"no-repeat\" module_id=\"line_title\" custom_css_main=\"max-height: 62px;\"][\/et_pb_column][et_pb_column type=\"3_4\" _builder_version=\"3.0.47\" padding_tablet=\"0px|0px|0px|10px\" padding_last_edited=\"on|phone\" padding_bottom=\"0px\" padding_left=\"0px\" padding_right=\"0px\" padding_top=\"0px\" parallax=\"off\" parallax_method=\"on\" background_position=\"top_left\" background_repeat=\"no-repeat\"][et_pb_text admin_label=\"Titre de page\" _builder_version=\"3.0.89\" max_width=\"900px\" custom_css_main_element=\"border:none;\" border_color=\"#3cb6b3\" border_width=\"5px\" border_style=\"solid\"]<h1>Offres \/ et prix<\/h1>\r\n[\/et_pb_text][\/et_pb_column][\/et_pb_row][\/et_pb_section][et_pb_section fb_built=\"1\" module_id=\"contenu_std\" _builder_version=\"3.0.89\" custom_padding=\"0px||20px|\"][\/et_pb_section]","_et_gb_content_width":"","footnotes":""},"class_list":["post-1203","page","type-page","status-publish","hentry"],"acf":[],"_links":{"self":[{"href":"https:\/\/rheomuco.com\/fr\/wp-json\/wp\/v2\/pages\/1203","targetHints":{"allow":["GET"]}}],"collection":[{"href":"https:\/\/rheomuco.com\/fr\/wp-json\/wp\/v2\/pages"}],"about":[{"href":"https:\/\/rheomuco.com\/fr\/wp-json\/wp\/v2\/types\/page"}],"author":[{"embeddable":true,"href":"https:\/\/rheomuco.com\/fr\/wp-json\/wp\/v2\/users\/7"}],"replies":[{"embeddable":true,"href":"https:\/\/rheomuco.com\/fr\/wp-json\/wp\/v2\/comments?post=1203"}],"version-history":[{"count":20,"href":"https:\/\/rheomuco.com\/fr\/wp-json\/wp\/v2\/pages\/1203\/revisions"}],"predecessor-version":[{"id":6147,"href":"https:\/\/rheomuco.com\/fr\/wp-json\/wp\/v2\/pages\/1203\/revisions\/6147"}],"wp:attachment":[{"href":"https:\/\/rheomuco.com\/fr\/wp-json\/wp\/v2\/media?parent=1203"}],"curies":[{"name":"wp","href":"https:\/\/api.w.org\/{rel}","templated":true}]}}