{"id":1202,"date":"2022-08-02T10:38:45","date_gmt":"2022-08-02T08:38:45","guid":{"rendered":"http:\/\/rheomuco.magali-tillocher.com\/?page_id=1202"},"modified":"2022-08-05T16:16:52","modified_gmt":"2022-08-05T14:16:52","slug":"contact","status":"publish","type":"page","link":"https:\/\/rheomuco.com\/fr\/contact\/","title":{"rendered":"Contact"},"content":{"rendered":"\n[et_pb_section fb_built=\u00a0\u00bb1&Prime; custom_padding_last_edited=\u00a0\u00bbon|desktop\u00a0\u00bb module_id=\u00a0\u00bbtitle_std\u00a0\u00bb _builder_version=\u00a0\u00bb3.22&Prime; custom_padding_tablet=\u00a0\u00bb\u00a0\u00bb custom_padding_phone=\u00a0\u00bb\u00a0\u00bb][et_pb_row column_structure=\u00a0\u00bb1_4,3_4&Prime; make_equal=\u00a0\u00bbon\u00a0\u00bb module_id=\u00a0\u00bbbloc_title\u00a0\u00bb _builder_version=\u00a0\u00bb3.25&Prime; width=\u00a0\u00bb100%\u00a0\u00bb max_width=\u00a0\u00bb100%\u00a0\u00bb custom_padding=\u00a0\u00bb0px||0px|\u00a0\u00bb use_custom_width=\u00a0\u00bbon\u00a0\u00bb width_unit=\u00a0\u00bboff\u00a0\u00bb custom_width_percent=\u00a0\u00bb100%\u00a0\u00bb][et_pb_column type=\u00a0\u00bb1_4&Prime; module_id=\u00a0\u00bbline_title\u00a0\u00bb _builder_version=\u00a0\u00bb3.25&Prime; background_position=\u00a0\u00bbtop_left\u00a0\u00bb custom_padding=\u00a0\u00bb0px|0px|0px|0px\u00a0\u00bb custom_css_main_element=\u00a0\u00bbmax-height: 62px;\u00a0\u00bb custom_padding__hover=\u00a0\u00bb|||\u00a0\u00bb][\/et_pb_column][et_pb_column type=\u00a0\u00bb3_4&Prime; _builder_version=\u00a0\u00bb3.25&Prime; background_position=\u00a0\u00bbtop_left\u00a0\u00bb custom_padding=\u00a0\u00bb0px|0px|0px|0px\u00a0\u00bb custom_padding_tablet=\u00a0\u00bb0px|0px|0px|10px\u00a0\u00bb custom_padding_phone=\u00a0\u00bb\u00a0\u00bb custom_padding_last_edited=\u00a0\u00bbon|phone\u00a0\u00bb padding_tablet=\u00a0\u00bb0px|0px|0px|10px\u00a0\u00bb padding_last_edited=\u00a0\u00bbon|phone\u00a0\u00bb custom_padding__hover=\u00a0\u00bb|||\u00a0\u00bb][et_pb_text admin_label=\u00a0\u00bbTitre de page\u00a0\u00bb _builder_version=\u00a0\u00bb4.7.0&Prime; max_width=\u00a0\u00bb900px\u00a0\u00bb hover_enabled=\u00a0\u00bb0&Prime; custom_css_main_element=\u00a0\u00bbborder:none;\u00a0\u00bb border_color=\u00a0\u00bb#3cb6b3&Prime; border_width=\u00a0\u00bb5px\u00a0\u00bb border_style=\u00a0\u00bbsolid\u00a0\u00bb sticky_enabled=\u00a0\u00bb0&Prime;]<h1><span style=\"color: #008080\"><strong>Contact<\/strong><\/span><\/h1>\n[\/et_pb_text][\/et_pb_column][\/et_pb_row][\/et_pb_section][et_pb_section fb_built=\u00a0\u00bb1&Prime; _builder_version=\u00a0\u00bb3.22&Prime; custom_padding=\u00a0\u00bb0px||20px|\u00a0\u00bb][et_pb_row column_structure=\u00a0\u00bb1_3,2_3&Prime; custom_padding_last_edited=\u00a0\u00bbon|phone\u00a0\u00bb _builder_version=\u00a0\u00bb3.25&Prime; custom_padding=\u00a0\u00bb0px||30px|\u00a0\u00bb custom_padding_tablet=\u00a0\u00bb0px||10px|\u00a0\u00bb custom_padding_phone=\u00a0\u00bb\u00a0\u00bb][et_pb_column type=\u00a0\u00bb1_3&Prime; _builder_version=\u00a0\u00bb3.25&Prime; custom_padding=\u00a0\u00bb|||\u00a0\u00bb custom_padding__hover=\u00a0\u00bb|||\u00a0\u00bb][\/et_pb_column][et_pb_column type=\u00a0\u00bb2_3&Prime; _builder_version=\u00a0\u00bb3.25&Prime; custom_padding=\u00a0\u00bb|||\u00a0\u00bb custom_padding__hover=\u00a0\u00bb|||\u00a0\u00bb][et_pb_text _builder_version=\u00a0\u00bb3.27.4&Prime;]Rheonova est pr\u00e9sent sur les salons et conf\u00e9rences internationales pour pr\u00e9senter <a href=\"..\/..\/decouvrir-rheomuco\/\">Rheomuco<\/a> et ses r\u00e9sultats, venez nous rencontrer\u00a0!\r[\/et_pb_text][\/et_pb_column][\/et_pb_row][et_pb_row column_structure=\u00a0\u00bb1_3,2_3&Prime; _builder_version=\u00a0\u00bb3.25&Prime; custom_padding=\u00a0\u00bb0px|||\u00a0\u00bb][et_pb_column type=\u00a0\u00bb1_3&Prime; _builder_version=\u00a0\u00bb3.25&Prime; custom_padding=\u00a0\u00bb|||\u00a0\u00bb custom_padding__hover=\u00a0\u00bb|||\u00a0\u00bb][et_pb_image src=\u00a0\u00bbhttps:\/\/rheomuco.com\/wp-content\/uploads\/2018\/01\/logo-RHEOMUCO-by-Rheonova-1.png\u00a0\u00bb disabled_on=\u00a0\u00bbon|on|\u00a0\u00bb _builder_version=\u00a0\u00bb3.23&Prime; max_width=\u00a0\u00bb160px\u00a0\u00bb max_width_tablet=\u00a0\u00bb150px\u00a0\u00bb max_width_phone=\u00a0\u00bb140px\u00a0\u00bb max_width_last_edited=\u00a0\u00bbon|phone\u00a0\u00bb always_center_on_mobile=\u00a0\u00bboff\u00a0\u00bb][\/et_pb_image][et_pb_text _builder_version=\u00a0\u00bb3.27.4&Prime;]<p><strong>Rheonova<\/strong><br \/><span>1 All\u00e9e de cert\u00e8ze<\/span><br \/><span>38610 Gi\u00e8res \u2013 France<\/span><\/p>\n<p>T\u00e9l : <span>33 (0)4 76 61 38 40<\/span><br \/> <a href=\"mailto:contact@rheomuco.com\">Email<\/a><\/p>[\/et_pb_text][\/et_pb_column][et_pb_column type=\u00a0\u00bb2_3&Prime; _builder_version=\u00a0\u00bb3.25&Prime; custom_padding=\u00a0\u00bb|||\u00a0\u00bb custom_padding__hover=\u00a0\u00bb|||\u00a0\u00bb][et_pb_contact_form use_spam_service=\u00a0\u00bbon\u00a0\u00bb email=\u00a0\u00bbcontact@rheomuco.com\u00a0\u00bb custom_message=\u00a0\u00bb%%message%%||et_pb_line_break_holder||%%email%%\u00a0\u00bb success_message=\u00a0\u00bbMerci pour votre message.\u00a0\u00bb submit_button_text=\u00a0\u00bbEnvoyer\u00a0\u00bb module_id=\u00a0\u00bbet_pb_contact_form_0&Prime; _builder_version=\u00a0\u00bb4.6.6&Prime; form_field_background_color=\u00a0\u00bb#f6f6f6&Prime; form_field_text_color=\u00a0\u00bb#534b36&Prime; custom_button=\u00a0\u00bbon\u00a0\u00bb button_text_size=\u00a0\u00bb15px\u00a0\u00bb button_text_color=\u00a0\u00bb#ffffff\u00a0\u00bb button_bg_color=\u00a0\u00bb#3bb6b3&Prime; button_border_width=\u00a0\u00bb0px\u00a0\u00bb button_border_radius=\u00a0\u00bb5px\u00a0\u00bb button_use_icon=\u00a0\u00bboff\u00a0\u00bb custom_margin=\u00a0\u00bb0px|||\u00a0\u00bb custom_margin_tablet=\u00a0\u00bb20px|||\u00a0\u00bb custom_margin_phone=\u00a0\u00bb\u00a0\u00bb custom_margin_last_edited=\u00a0\u00bbon|desktop\u00a0\u00bb form_background_color=\u00a0\u00bb#f6f6f6&Prime; button_bg_color_hover=\u00a0\u00bb#534b36&Prime;][et_pb_contact_field field_id=\u00a0\u00bbName\u00a0\u00bb field_title=\u00a0\u00bbVotre nom\u00a0\u00bb _builder_version=\u00a0\u00bb3.16&Prime; button_text_size__hover_enabled=\u00a0\u00bboff\u00a0\u00bb button_one_text_size__hover_enabled=\u00a0\u00bboff\u00a0\u00bb button_two_text_size__hover_enabled=\u00a0\u00bboff\u00a0\u00bb button_text_color__hover_enabled=\u00a0\u00bboff\u00a0\u00bb button_one_text_color__hover_enabled=\u00a0\u00bboff\u00a0\u00bb button_two_text_color__hover_enabled=\u00a0\u00bboff\u00a0\u00bb button_border_width__hover_enabled=\u00a0\u00bboff\u00a0\u00bb button_one_border_width__hover_enabled=\u00a0\u00bboff\u00a0\u00bb button_two_border_width__hover_enabled=\u00a0\u00bboff\u00a0\u00bb button_border_color__hover_enabled=\u00a0\u00bboff\u00a0\u00bb button_one_border_color__hover_enabled=\u00a0\u00bboff\u00a0\u00bb button_two_border_color__hover_enabled=\u00a0\u00bboff\u00a0\u00bb button_border_radius__hover_enabled=\u00a0\u00bboff\u00a0\u00bb button_one_border_radius__hover_enabled=\u00a0\u00bboff\u00a0\u00bb button_two_border_radius__hover_enabled=\u00a0\u00bboff\u00a0\u00bb button_letter_spacing__hover_enabled=\u00a0\u00bboff\u00a0\u00bb button_one_letter_spacing__hover_enabled=\u00a0\u00bboff\u00a0\u00bb button_two_letter_spacing__hover_enabled=\u00a0\u00bboff\u00a0\u00bb button_bg_color__hover_enabled=\u00a0\u00bboff\u00a0\u00bb button_one_bg_color__hover_enabled=\u00a0\u00bboff\u00a0\u00bb button_two_bg_color__hover_enabled=\u00a0\u00bboff\u00a0\u00bb][\/et_pb_contact_field][et_pb_contact_field field_id=\u00a0\u00bbSoci\u00e9t\u00e9\u00a0\u00bb field_title=\u00a0\u00bbSoci\u00e9t\u00e9\u00a0\u00bb _builder_version=\u00a0\u00bb3.16&Prime; button_text_size__hover_enabled=\u00a0\u00bboff\u00a0\u00bb button_one_text_size__hover_enabled=\u00a0\u00bboff\u00a0\u00bb button_two_text_size__hover_enabled=\u00a0\u00bboff\u00a0\u00bb button_text_color__hover_enabled=\u00a0\u00bboff\u00a0\u00bb button_one_text_color__hover_enabled=\u00a0\u00bboff\u00a0\u00bb button_two_text_color__hover_enabled=\u00a0\u00bboff\u00a0\u00bb button_border_width__hover_enabled=\u00a0\u00bboff\u00a0\u00bb button_one_border_width__hover_enabled=\u00a0\u00bboff\u00a0\u00bb button_two_border_width__hover_enabled=\u00a0\u00bboff\u00a0\u00bb button_border_color__hover_enabled=\u00a0\u00bboff\u00a0\u00bb button_one_border_color__hover_enabled=\u00a0\u00bboff\u00a0\u00bb button_two_border_color__hover_enabled=\u00a0\u00bboff\u00a0\u00bb button_border_radius__hover_enabled=\u00a0\u00bboff\u00a0\u00bb button_one_border_radius__hover_enabled=\u00a0\u00bboff\u00a0\u00bb button_two_border_radius__hover_enabled=\u00a0\u00bboff\u00a0\u00bb button_letter_spacing__hover_enabled=\u00a0\u00bboff\u00a0\u00bb button_one_letter_spacing__hover_enabled=\u00a0\u00bboff\u00a0\u00bb button_two_letter_spacing__hover_enabled=\u00a0\u00bboff\u00a0\u00bb button_bg_color__hover_enabled=\u00a0\u00bboff\u00a0\u00bb button_one_bg_color__hover_enabled=\u00a0\u00bboff\u00a0\u00bb button_two_bg_color__hover_enabled=\u00a0\u00bboff\u00a0\u00bb][\/et_pb_contact_field][et_pb_contact_field field_id=\u00a0\u00bbEmail\u00a0\u00bb field_title=\u00a0\u00bbAdresse e-mail\u00a0\u00bb field_type=\u00a0\u00bbemail\u00a0\u00bb fullwidth_field=\u00a0\u00bbon\u00a0\u00bb _builder_version=\u00a0\u00bb3.16&Prime; button_text_size__hover_enabled=\u00a0\u00bboff\u00a0\u00bb button_one_text_size__hover_enabled=\u00a0\u00bboff\u00a0\u00bb button_two_text_size__hover_enabled=\u00a0\u00bboff\u00a0\u00bb button_text_color__hover_enabled=\u00a0\u00bboff\u00a0\u00bb button_one_text_color__hover_enabled=\u00a0\u00bboff\u00a0\u00bb button_two_text_color__hover_enabled=\u00a0\u00bboff\u00a0\u00bb button_border_width__hover_enabled=\u00a0\u00bboff\u00a0\u00bb button_one_border_width__hover_enabled=\u00a0\u00bboff\u00a0\u00bb button_two_border_width__hover_enabled=\u00a0\u00bboff\u00a0\u00bb button_border_color__hover_enabled=\u00a0\u00bboff\u00a0\u00bb button_one_border_color__hover_enabled=\u00a0\u00bboff\u00a0\u00bb button_two_border_color__hover_enabled=\u00a0\u00bboff\u00a0\u00bb button_border_radius__hover_enabled=\u00a0\u00bboff\u00a0\u00bb button_one_border_radius__hover_enabled=\u00a0\u00bboff\u00a0\u00bb button_two_border_radius__hover_enabled=\u00a0\u00bboff\u00a0\u00bb button_letter_spacing__hover_enabled=\u00a0\u00bboff\u00a0\u00bb button_one_letter_spacing__hover_enabled=\u00a0\u00bboff\u00a0\u00bb button_two_letter_spacing__hover_enabled=\u00a0\u00bboff\u00a0\u00bb button_bg_color__hover_enabled=\u00a0\u00bboff\u00a0\u00bb button_one_bg_color__hover_enabled=\u00a0\u00bboff\u00a0\u00bb button_two_bg_color__hover_enabled=\u00a0\u00bboff\u00a0\u00bb][\/et_pb_contact_field][et_pb_contact_field field_id=\u00a0\u00bbMessage\u00a0\u00bb field_title=\u00a0\u00bbMessage\u00a0\u00bb field_type=\u00a0\u00bbtext\u00a0\u00bb fullwidth_field=\u00a0\u00bbon\u00a0\u00bb _builder_version=\u00a0\u00bb3.16&Prime; button_text_size__hover_enabled=\u00a0\u00bboff\u00a0\u00bb button_one_text_size__hover_enabled=\u00a0\u00bboff\u00a0\u00bb button_two_text_size__hover_enabled=\u00a0\u00bboff\u00a0\u00bb button_text_color__hover_enabled=\u00a0\u00bboff\u00a0\u00bb button_one_text_color__hover_enabled=\u00a0\u00bboff\u00a0\u00bb button_two_text_color__hover_enabled=\u00a0\u00bboff\u00a0\u00bb button_border_width__hover_enabled=\u00a0\u00bboff\u00a0\u00bb button_one_border_width__hover_enabled=\u00a0\u00bboff\u00a0\u00bb button_two_border_width__hover_enabled=\u00a0\u00bboff\u00a0\u00bb button_border_color__hover_enabled=\u00a0\u00bboff\u00a0\u00bb button_one_border_color__hover_enabled=\u00a0\u00bboff\u00a0\u00bb button_two_border_color__hover_enabled=\u00a0\u00bboff\u00a0\u00bb button_border_radius__hover_enabled=\u00a0\u00bboff\u00a0\u00bb button_one_border_radius__hover_enabled=\u00a0\u00bboff\u00a0\u00bb button_two_border_radius__hover_enabled=\u00a0\u00bboff\u00a0\u00bb button_letter_spacing__hover_enabled=\u00a0\u00bboff\u00a0\u00bb button_one_letter_spacing__hover_enabled=\u00a0\u00bboff\u00a0\u00bb button_two_letter_spacing__hover_enabled=\u00a0\u00bboff\u00a0\u00bb button_bg_color__hover_enabled=\u00a0\u00bboff\u00a0\u00bb button_one_bg_color__hover_enabled=\u00a0\u00bboff\u00a0\u00bb button_two_bg_color__hover_enabled=\u00a0\u00bboff\u00a0\u00bb][\/et_pb_contact_field][\/et_pb_contact_form][\/et_pb_column][\/et_pb_row][et_pb_row disabled_on=\u00a0\u00bbon||\u00a0\u00bb _builder_version=\u00a0\u00bb4.6.6&Prime;][et_pb_column type=\u00a0\u00bb4_4&Prime; _builder_version=\u00a0\u00bb3.25&Prime; custom_padding=\u00a0\u00bb|||\u00a0\u00bb custom_padding__hover=\u00a0\u00bb|||\u00a0\u00bb][et_pb_map address=\u00a0\u00bb5QWC+MM Gi\u00e8res, France\u00a0\u00bb zoom_level=\u00a0\u00bb17&Prime; address_lat=\u00a0\u00bb45.1966875&Prime; address_lng=\u00a0\u00bb5.7716875&Prime; mouse_wheel=\u00a0\u00bboff\u00a0\u00bb _builder_version=\u00a0\u00bb4.6.6&Prime;][et_pb_map_pin pin_address=\u00a0\u00bb5QWC+MM Gi\u00e8res, France\u00a0\u00bb pin_address_lat=\u00a0\u00bb45.1966875&Prime; pin_address_lng=\u00a0\u00bb5.7716875&Prime; _builder_version=\u00a0\u00bb4.6.6&Prime; _module_preset=\u00a0\u00bbdefault\u00a0\u00bb]<p><strong>Rheonova<\/strong><br \/> 1270 Rue de la Piscine<br \/> 38400 Saint-Martin-d&rsquo;H\u00e8res<br \/> France<\/p>[\/et_pb_map_pin][\/et_pb_map][\/et_pb_column][\/et_pb_row][\/et_pb_section]\n","protected":false},"excerpt":{"rendered":"<p>Contact Rheonova est pr\u00e9sent sur les salons et conf\u00e9rences internationales pour pr\u00e9senter Rheomuco et ses r\u00e9sultats, venez nous<a href=\"https:\/\/rheomuco.com\/fr\/contact\/\" rel=\"nofollow\" class=\"more\"> >> <\/a><\/p>\n","protected":false},"author":7,"featured_media":0,"parent":0,"menu_order":0,"comment_status":"closed","ping_status":"closed","template":"","meta":{"_acf_changed":false,"_et_pb_use_builder":"on","_et_pb_old_content":"[et_pb_section bb_built=\"1\" module_id=\"title_std\" custom_padding_last_edited=\"on|desktop\" _builder_version=\"3.0.89\"][et_pb_row use_custom_width=\"on\" width_unit=\"off\" custom_width_percent=\"100%\" custom_padding=\"0px||0px|\" make_equal=\"on\" padding_top_1=\"0px\" padding_right_1=\"0px\" padding_bottom_1=\"0px\" padding_left_1=\"0px\" padding_top_2=\"0px\" padding_right_2=\"0px\" padding_bottom_2=\"0px\" padding_left_2=\"0px\" background_position_1=\"top_left\" background_position_2=\"top_left\" background_repeat_1=\"no-repeat\" background_repeat_2=\"no-repeat\" padding_2_tablet=\"0px|0px|0px|10px\" padding_2_last_edited=\"on|phone\" module_id_1=\"line_title\" custom_css_main_1=\"max-height: 62px;\" module_id=\"bloc_title\" _builder_version=\"3.0.73\"][et_pb_column type=\"1_4\"][\/et_pb_column][et_pb_column type=\"3_4\"][et_pb_text admin_label=\"Titre de page\" _builder_version=\"3.0.89\" max_width=\"900px\" custom_css_main_element=\"border:none;\" border_color=\"#3cb6b3\" border_width=\"5px\" border_style=\"solid\"]\r\n<h1><strong>Contact<\/strong><\/h1>\r\n[\/et_pb_text][\/et_pb_column][\/et_pb_row][\/et_pb_section][et_pb_section bb_built=\"1\" _builder_version=\"3.0.98\" custom_padding=\"0px||20px|\"][et_pb_row custom_padding=\"0px||30px|\" _builder_version=\"3.0.98\" custom_padding_tablet=\"0px||10px|\" custom_padding_last_edited=\"on|phone\"][et_pb_column type=\"1_3\"][\/et_pb_column][et_pb_column type=\"2_3\"][et_pb_text _builder_version=\"3.0.98\"] Rheonova est pr\u00e9sent sur les salons et conf\u00e9rences internationales pour pr\u00e9senter <a href=\"..\/..\/..\/decouvrir-rheomuco\/\">Rheomuco<\/a> et ses r\u00e9sultats, venez nous rencontrer\u00a0!\r\n[\/et_pb_text][\/et_pb_column][\/et_pb_row][et_pb_row custom_padding=\"0px|||\" _builder_version=\"3.0.98\"][et_pb_column type=\"1_3\"][et_pb_image src=\"https:\/\/rheomuco.com\/wp-content\/uploads\/2018\/01\/logo-RHEOMUCO-by-Rheonova-1.png\" _builder_version=\"3.0.98\" max_width=\"160px\" show_in_lightbox=\"off\" url_new_window=\"off\" use_overlay=\"off\" always_center_on_mobile=\"off\" force_fullwidth=\"off\" show_bottom_space=\"on\" max_width_phone=\"140px\" max_width_last_edited=\"on|phone\" max_width_tablet=\"150px\" disabled=\"off\" disabled_on=\"on|on|\" \/][et_pb_text _builder_version=\"3.0.98\"]\r\n\r\n<strong>Rheonova<\/strong>\r\n363 rue de la chimie \u2013 B\u00e2timent B\r\n38400 Saint Martin d\u2019H\u00e8res \u2013 FRANCE\r\n\r\nT\u00e9l : 33 (0)4 56 52 01 87\r\n<a href=\"mailto:contact@rheomuco.com\">Email<\/a>\r\n\r\n[\/et_pb_text][\/et_pb_column][et_pb_column type=\"2_3\"][et_pb_contact_form captcha=\"off\" email=\"contact@rheomuco.com\" success_message=\"Merci pour votre message.\" submit_button_text=\"Envoyer\" form_background_color=\"#f6f6f6\" module_id=\"et_pb_contact_form_0\" _builder_version=\"3.0.98\" form_field_text_color=\"#534b36\" custom_button=\"on\" button_text_size=\"15px\" button_text_color=\"#ffffff\" button_bg_color=\"#3bb6b3\" button_border_width=\"0px\" button_border_radius=\"5px\" button_use_icon=\"off\" button_bg_color_hover=\"#534b36\" use_redirect=\"off\" button_icon_placement=\"right\" custom_margin=\"0px|||\" custom_margin_tablet=\"20px|||\" custom_margin_last_edited=\"on|desktop\"][et_pb_contact_field field_id=\"Name\" field_title=\"Votre nom\" _builder_version=\"3.0.98\" border_radii=\"on||||\"][\/et_pb_contact_field][et_pb_contact_field field_id=\"Soci\u00e9t\u00e9\" field_title=\"Soci\u00e9t\u00e9\" _builder_version=\"3.0.98\" border_radii=\"on||||\"][\/et_pb_contact_field][et_pb_contact_field field_id=\"Email\" field_title=\"Adresse e-mail\" field_type=\"email\" fullwidth_field=\"on\" _builder_version=\"3.0.98\" border_radii=\"on||||\"][\/et_pb_contact_field][et_pb_contact_field field_id=\"Message\" field_title=\"Message\" field_type=\"text\" fullwidth_field=\"on\" _builder_version=\"3.0.47\" border_radii=\"on||||\"][\/et_pb_contact_field][\/et_pb_contact_form][\/et_pb_column][\/et_pb_row][et_pb_row _builder_version=\"3.0.98\" disabled=\"off\" disabled_on=\"on||\"][et_pb_column type=\"4_4\"][et_pb_map address=\"@45.195207,5.771818,18z\" address_lat=\"45.194514\" address_lng=\"5.771817999999939\" _builder_version=\"3.0.98\" \/][\/et_pb_column][\/et_pb_row][\/et_pb_section]","_et_gb_content_width":"","footnotes":""},"class_list":["post-1202","page","type-page","status-publish","hentry"],"acf":[],"_links":{"self":[{"href":"https:\/\/rheomuco.com\/fr\/wp-json\/wp\/v2\/pages\/1202","targetHints":{"allow":["GET"]}}],"collection":[{"href":"https:\/\/rheomuco.com\/fr\/wp-json\/wp\/v2\/pages"}],"about":[{"href":"https:\/\/rheomuco.com\/fr\/wp-json\/wp\/v2\/types\/page"}],"author":[{"embeddable":true,"href":"https:\/\/rheomuco.com\/fr\/wp-json\/wp\/v2\/users\/7"}],"replies":[{"embeddable":true,"href":"https:\/\/rheomuco.com\/fr\/wp-json\/wp\/v2\/comments?post=1202"}],"version-history":[{"count":35,"href":"https:\/\/rheomuco.com\/fr\/wp-json\/wp\/v2\/pages\/1202\/revisions"}],"predecessor-version":[{"id":6086,"href":"https:\/\/rheomuco.com\/fr\/wp-json\/wp\/v2\/pages\/1202\/revisions\/6086"}],"wp:attachment":[{"href":"https:\/\/rheomuco.com\/fr\/wp-json\/wp\/v2\/media?parent=1202"}],"curies":[{"name":"wp","href":"https:\/\/api.w.org\/{rel}","templated":true}]}}