{"id":1200,"date":"2022-07-29T15:00:00","date_gmt":"2022-07-29T13:00:00","guid":{"rendered":"http:\/\/rheomuco.magali-tillocher.com\/?page_id=1200"},"modified":"2022-08-03T17:00:06","modified_gmt":"2022-08-03T15:00:06","slug":"expertise-analyse-de-donnees","status":"publish","type":"page","link":"https:\/\/rheomuco.com\/fr\/expertise-analyse-de-donnees\/","title":{"rendered":"Expertise &amp; analyse de donn\u00e9es"},"content":{"rendered":"\n[et_pb_section fb_built=\u00a0\u00bb1&Prime; custom_padding_last_edited=\u00a0\u00bbon|desktop\u00a0\u00bb module_id=\u00a0\u00bbtitle_std\u00a0\u00bb _builder_version=\u00a0\u00bb3.22&Prime; custom_padding_tablet=\u00a0\u00bb\u00a0\u00bb custom_padding_phone=\u00a0\u00bb\u00a0\u00bb][et_pb_row column_structure=\u00a0\u00bb1_4,3_4&Prime; make_equal=\u00a0\u00bbon\u00a0\u00bb module_id=\u00a0\u00bbbloc_title\u00a0\u00bb _builder_version=\u00a0\u00bb3.25&Prime; width=\u00a0\u00bb100%\u00a0\u00bb max_width=\u00a0\u00bb100%\u00a0\u00bb custom_padding=\u00a0\u00bb0px||0px|\u00a0\u00bb use_custom_width=\u00a0\u00bbon\u00a0\u00bb width_unit=\u00a0\u00bboff\u00a0\u00bb custom_width_percent=\u00a0\u00bb100%\u00a0\u00bb][et_pb_column type=\u00a0\u00bb1_4&Prime; module_id=\u00a0\u00bbline_title\u00a0\u00bb _builder_version=\u00a0\u00bb3.25&Prime; background_position=\u00a0\u00bbtop_left\u00a0\u00bb custom_padding=\u00a0\u00bb0px|0px|0px|0px\u00a0\u00bb custom_css_main_element=\u00a0\u00bbmax-height: 62px;\u00a0\u00bb custom_padding__hover=\u00a0\u00bb|||\u00a0\u00bb][\/et_pb_column][et_pb_column type=\u00a0\u00bb3_4&Prime; _builder_version=\u00a0\u00bb3.25&Prime; background_position=\u00a0\u00bbtop_left\u00a0\u00bb custom_padding=\u00a0\u00bb0px|0px|0px|0px\u00a0\u00bb custom_padding_tablet=\u00a0\u00bb0px|0px|0px|10px\u00a0\u00bb custom_padding_phone=\u00a0\u00bb\u00a0\u00bb custom_padding_last_edited=\u00a0\u00bbon|phone\u00a0\u00bb custom_padding__hover=\u00a0\u00bb|||\u00a0\u00bb][et_pb_text admin_label=\u00a0\u00bbTitre de page\u00a0\u00bb _builder_version=\u00a0\u00bb4.7.0&Prime; max_width=\u00a0\u00bb900px\u00a0\u00bb custom_css_main_element=\u00a0\u00bbborder:none;\u00a0\u00bb border_color=\u00a0\u00bb#3cb6b3&Prime; border_width=\u00a0\u00bb5px\u00a0\u00bb border_style=\u00a0\u00bbsolid\u00a0\u00bb]<h1><span style=\"color: #008080\"><strong>Expertise &amp; analyse de donn\u00e9es<\/strong><\/span><\/h1>[\/et_pb_text][\/et_pb_column][\/et_pb_row][\/et_pb_section][et_pb_section fb_built=\u00a0\u00bb1&Prime; module_id=\u00a0\u00bbcontenu_std\u00a0\u00bb _builder_version=\u00a0\u00bb3.22&Prime; custom_padding=\u00a0\u00bb0px||20px|\u00a0\u00bb][et_pb_row column_structure=\u00a0\u00bb2_5,3_5&Prime; _builder_version=\u00a0\u00bb3.25&Prime; background_size=\u00a0\u00bbinitial\u00a0\u00bb background_position=\u00a0\u00bbtop_left\u00a0\u00bb background_repeat=\u00a0\u00bbrepeat\u00a0\u00bb][et_pb_column type=\u00a0\u00bb2_5&Prime; _builder_version=\u00a0\u00bb3.25&Prime; custom_padding=\u00a0\u00bb|||\u00a0\u00bb custom_padding__hover=\u00a0\u00bb|||\u00a0\u00bb][et_pb_image src=\u00a0\u00bbhttps:\/\/rheomuco.com\/wp-content\/uploads\/2019\/04\/1809_Belfast.jpeg\u00a0\u00bb align_tablet=\u00a0\u00bbcenter\u00a0\u00bb align_phone=\u00a0\u00bb\u00a0\u00bb align_last_edited=\u00a0\u00bbon|desktop\u00a0\u00bb _builder_version=\u00a0\u00bb4.7.0&Prime; transform_translate=\u00a0\u00bb0px|-10px\u00a0\u00bb transform_translate_linked=\u00a0\u00bboff\u00a0\u00bb][\/et_pb_image][\/et_pb_column][et_pb_column type=\u00a0\u00bb3_5&Prime; _builder_version=\u00a0\u00bb3.25&Prime; custom_padding=\u00a0\u00bb|||\u00a0\u00bb custom_padding__hover=\u00a0\u00bb|||\u00a0\u00bb][et_pb_text admin_label=\u00a0\u00bbBloc de texte 1&Prime; _builder_version=\u00a0\u00bb4.7.0&Prime;]<h2 style=\"text-align: justify\">Avez-vous besoin d\u2019aide pour interpr\u00e9ter vos donn\u00e9es rh\u00e9ologiques ?<\/h2>\n<p style=\"text-align: justify\">Rheonova fournit des prestations de service en rh\u00e9ologie depuis 2014, et produit des rh\u00e9om\u00e8tres depuis 2018. Ces ann\u00e9es d\u2019exp\u00e9rience ont \u00e9t\u00e9 mises au service de nos clients en produisant Rheomuco, un rh\u00e9om\u00e8tre ergonomique avec un logiciel intuitif con\u00e7u pour mesurer les propri\u00e9t\u00e9s visco\u00e9lastiques du mucus et du sputum.<\/p>\n<p style=\"text-align: justify\">En plus d\u2019avoir con\u00e7u Rheomuco, les experts de Rheonova ont contribu\u00e9 \u00e0 la recherche en rh\u00e9ologie du mucus et initi\u00e9 des collaborations avec <a href=\"https:\/\/rheomuco.com\/fr\/recherche-sur-le-mucus\/temoignages\/\">des chercheurs dans le monde entier<\/a>.<\/p>\n<h2 style=\"text-align: left\"><\/h2>\n<p>&nbsp;<\/p>[\/et_pb_text][\/et_pb_column][\/et_pb_row][et_pb_row column_structure=\u00a0\u00bb2_3,1_3&Prime; _builder_version=\u00a0\u00bb4.7.0&Prime; _module_preset=\u00a0\u00bbdefault\u00a0\u00bb][et_pb_column type=\u00a0\u00bb2_3&Prime; _builder_version=\u00a0\u00bb4.7.0&Prime; _module_preset=\u00a0\u00bbdefault\u00a0\u00bb][et_pb_text ul_item_indent=\u00a0\u00bb40px\u00a0\u00bb _builder_version=\u00a0\u00bb4.7.0&Prime; _module_preset=\u00a0\u00bbdefault\u00a0\u00bb hover_enabled=\u00a0\u00bb0&Prime; sticky_enabled=\u00a0\u00bb0&Prime;]<h2 style=\"text-align: justify\">Nous proposons aussi notre expertise pour des analyses de donn\u00e9es rh\u00e9ologiques<\/h2>\n<p style=\"text-align: justify\">Cette expertise de la rh\u00e9ologie du mucus s\u2019est \u00e9toff\u00e9e \u00e0 travers l\u2019analyse de plus d\u2019un millier d\u2019\u00e9chantillons de mucus et de sputum, couvrant un large spectre de maladies muco-obstructives. Nous travaillons \u00e0 d\u00e9montrer le potentiel de la rh\u00e9ologie du mucus comme marqueur de la s\u00e9v\u00e9rit\u00e9 de ces maladies, et \u00e0 \u00e9valuer l\u2019efficacit\u00e9 de candidats m\u00e9dicaments.<\/p>\n<ul>\n<li>Issues de votre laboratoire, obtenues avec <a href=\"https:\/\/rheomuco.com\/fr\/rheomuco\/\"><span style=\"color: #008080\">Rheomuco<\/span><\/a> ou d\u2019autres rh\u00e9om\u00e8tres<\/li>\n<li>Combin\u00e9es \u00e0 nos <a href=\"https:\/\/rheomuco.com\/fr\/services-analyses\/\"><span style=\"color: #008080\">services d\u2019analyses<\/span><\/a><\/li>\n<\/ul>\n<p>Notre \u00e9quipe, constitu\u00e9e de scientifiques exp\u00e9riment\u00e9s, compilera les donn\u00e9es, les traitera et vous les pr\u00e9sentera pour vous aider \u00e0 acc\u00e9l\u00e9rer vos projets.<\/p>\n[\/et_pb_text][\/et_pb_column][et_pb_column type=\u00a0\u00bb1_3&Prime; _builder_version=\u00a0\u00bb4.7.0&Prime; _module_preset=\u00a0\u00bbdefault\u00a0\u00bb][et_pb_image src=\u00a0\u00bbhttps:\/\/rheomuco.com\/wp-content\/uploads\/2022\/07\/Photo-20_courbes-graph-Nature.jpg\u00a0\u00bb title_text=\u00a0\u00bbPhoto 20_courbes graph Nature\u00a0\u00bb _builder_version=\u00a0\u00bb4.7.0&Prime; _module_preset=\u00a0\u00bbdefault\u00a0\u00bb][\/et_pb_image][et_pb_text admin_label=\u00a0\u00bbbloc Download\u00a0\u00bb module_class=\u00a0\u00bbdownload\u00a0\u00bb _builder_version=\u00a0\u00bb4.7.0&Prime; text_text_color=\u00a0\u00bb#ffffff\u00a0\u00bb text_font_size=\u00a0\u00bb13px\u00a0\u00bb transform_scale_linked=\u00a0\u00bboff\u00a0\u00bb transform_translate=\u00a0\u00bb0px|-15px\u00a0\u00bb transform_translate_linked=\u00a0\u00bboff\u00a0\u00bb text_orientation=\u00a0\u00bbcenter\u00a0\u00bb background_layout=\u00a0\u00bbdark\u00a0\u00bb max_width=\u00a0\u00bb40%\u00a0\u00bb max_width_tablet=\u00a0\u00bb\u00a0\u00bb max_width_phone=\u00a0\u00bb80%\u00a0\u00bb max_width_last_edited=\u00a0\u00bbon|phone\u00a0\u00bb module_alignment=\u00a0\u00bbcenter\u00a0\u00bb custom_padding=\u00a0\u00bb5px|5px|5px|5px\u00a0\u00bb custom_css_main_element=\u00a0\u00bbbackground: #3bb6b3;\u00a0\u00bb border_radii=\u00a0\u00bbon|5px|5px|5px|5px\u00a0\u00bb saved_tabs=\u00a0\u00bball\u00a0\u00bb]<p><a href=\"https:\/\/www.nature.com\/articles\/s41598-020-72672-6.pdf\" target=\"_blank\" rel=\"noopener noreferrer\">Telechargez l&rsquo;article<\/a><\/p>[\/et_pb_text][\/et_pb_column][\/et_pb_row][et_pb_row column_structure=\u00a0\u00bb1_5,3_5,1_5&Prime; _builder_version=\u00a0\u00bb4.7.0&Prime; _module_preset=\u00a0\u00bbdefault\u00a0\u00bb][et_pb_column type=\u00a0\u00bb1_5&Prime; _builder_version=\u00a0\u00bb4.7.0&Prime; _module_preset=\u00a0\u00bbdefault\u00a0\u00bb][\/et_pb_column][et_pb_column type=\u00a0\u00bb3_5&Prime; _builder_version=\u00a0\u00bb4.7.0&Prime; _module_preset=\u00a0\u00bbdefault\u00a0\u00bb][et_pb_text _builder_version=\u00a0\u00bb4.7.0&Prime; _module_preset=\u00a0\u00bbdefault\u00a0\u00bb]<h3 style=\"text-align: center\">Nous sommes ravis de mettre notre expertise au service de vos projets de recherche ou \u00e9tudes de cas impliquant des s\u00e9cr\u00e9tions muqueuses.<\/h3>\n<h3 style=\"text-align: center\">Confiez-nous le traitement de vos donn\u00e9es de rh\u00e9ologie !<\/h3>[\/et_pb_text][et_pb_text admin_label=\u00a0\u00bbbloc Download\u00a0\u00bb module_class=\u00a0\u00bbdownload\u00a0\u00bb _builder_version=\u00a0\u00bb4.7.0&Prime; text_text_color=\u00a0\u00bb#ffffff\u00a0\u00bb text_font_size=\u00a0\u00bb13px\u00a0\u00bb text_orientation=\u00a0\u00bbcenter\u00a0\u00bb background_layout=\u00a0\u00bbdark\u00a0\u00bb max_width=\u00a0\u00bb25%\u00a0\u00bb max_width_tablet=\u00a0\u00bb\u00a0\u00bb max_width_phone=\u00a0\u00bb80%\u00a0\u00bb max_width_last_edited=\u00a0\u00bbon|phone\u00a0\u00bb module_alignment=\u00a0\u00bbcenter\u00a0\u00bb custom_margin=\u00a0\u00bb-21px|||||\u00a0\u00bb custom_padding=\u00a0\u00bb5px|5px|5px|5px\u00a0\u00bb link_option_url=\u00a0\u00bbhttps:\/\/rheomuco.com\/fr\/contact\/\u00a0\u00bb custom_css_main_element=\u00a0\u00bbbackground: #3bb6b3;\u00a0\u00bb border_radii=\u00a0\u00bbon|5px|5px|5px|5px\u00a0\u00bb saved_tabs=\u00a0\u00bball\u00a0\u00bb]<p>Contactez-nous !<\/p>[\/et_pb_text][\/et_pb_column][et_pb_column type=\u00a0\u00bb1_5&Prime; _builder_version=\u00a0\u00bb4.7.0&Prime; _module_preset=\u00a0\u00bbdefault\u00a0\u00bb][\/et_pb_column][\/et_pb_row][\/et_pb_section]\n","protected":false},"excerpt":{"rendered":"<p>Expertise &amp; analyse de donn\u00e9esAvez-vous besoin d\u2019aide pour interpr\u00e9ter vos donn\u00e9es rh\u00e9ologiques ? Rheonova fournit des prestations de<a href=\"https:\/\/rheomuco.com\/fr\/expertise-analyse-de-donnees\/\" rel=\"nofollow\" class=\"more\"> >> <\/a><\/p>\n","protected":false},"author":7,"featured_media":0,"parent":0,"menu_order":0,"comment_status":"closed","ping_status":"closed","template":"","meta":{"_acf_changed":false,"_et_pb_use_builder":"on","_et_pb_old_content":"[et_pb_section bb_built=\"1\" module_id=\"title_std\" custom_padding_last_edited=\"on|desktop\" _builder_version=\"3.0.89\"][et_pb_row use_custom_width=\"on\" width_unit=\"off\" custom_width_percent=\"100%\" custom_padding=\"0px||0px|\" make_equal=\"on\" padding_top_1=\"0px\" padding_right_1=\"0px\" padding_bottom_1=\"0px\" padding_left_1=\"0px\" padding_top_2=\"0px\" padding_right_2=\"0px\" padding_bottom_2=\"0px\" padding_left_2=\"0px\" background_position_1=\"top_left\" background_position_2=\"top_left\" background_repeat_1=\"no-repeat\" background_repeat_2=\"no-repeat\" padding_2_tablet=\"0px|0px|0px|10px\" padding_2_last_edited=\"on|phone\" module_id_1=\"line_title\" custom_css_main_1=\"max-height: 62px;\" module_id=\"bloc_title\" _builder_version=\"3.0.73\"][et_pb_column type=\"1_4\"][\/et_pb_column][et_pb_column type=\"3_4\"][et_pb_text admin_label=\"Titre de page\" _builder_version=\"3.0.89\" max_width=\"900px\" custom_css_main_element=\"border:none;\" border_color=\"#3cb6b3\" border_width=\"5px\" border_style=\"solid\"]\r\n<h1>Demander une d\u00e9mo<\/h1>\r\n[\/et_pb_text][\/et_pb_column][\/et_pb_row][\/et_pb_section][et_pb_section bb_built=\"1\" module_id=\"contenu_std\" _builder_version=\"3.0.89\" custom_padding=\"0px||20px|\"][et_pb_row custom_padding=\"0px||10px|\" make_equal=\"on\" background_position_1=\"top_left\" background_position_2=\"top_left\" background_repeat_1=\"no-repeat\" background_repeat_2=\"no-repeat\" _builder_version=\"3.0.73\"][et_pb_column type=\"1_2\"][et_pb_cta admin_label=\"Bloc de texte Bleu\" module_class=\"bloc-bleu\" _builder_version=\"3.0.98\" header_font_size=\"18\" body_font=\"|700|||||||\" body_font_size=\"18px\" max_width=\"80%\" custom_padding=\"15%||15%|\" custom_css_promo_description=\"padding-bottom: 0;\" saved_tabs=\"all\" url_new_window=\"off\" use_background_color=\"on\" background_layout=\"dark\" header_font_size_tablet=\"15\" header_font_size_last_edited=\"on|phone\" body_font_size_phone=\"15px\" body_font_size_last_edited=\"on|phone\" custom_button=\"off\" button_icon_placement=\"right\" module_alignment=\"center\" max_width_tablet=\"100%\" max_width_last_edited=\"on|phone\" custom_margin=\"||0px|\" custom_margin_tablet=\"||20px|\" custom_margin_last_edited=\"on|phone\"]\r\n\r\n\u00a0\r\n\r\nProchaine D\u00e9mo\u00a0: mars 2018\r\n<a href=\"..\/..\/rheonova\/contact\/\">Inscrivez-vous !<\/a>\r\n\r\n\u00a0\r\n\r\n[\/et_pb_cta][\/et_pb_column][et_pb_column type=\"1_2\"][et_pb_text admin_label=\"Bloc de texte 1\" _builder_version=\"3.0.98\"]\r\n<p style=\"text-align: left;\">Des d\u00e9monstrations de <a href=\"..\/..\/decouvrir-rheomuco\/\">Rheomuco<\/a>\u00a0sont r\u00e9guli\u00e8rement organis\u00e9es dans nos locaux pr\u00e8s de Grenoble, chez nos partenaires utilisateurs ou sur demande chez vous, <a href=\"https:\/\/rheomuco.com\/rheonova\/contact\/\">contactez-nous<\/a> !<\/p>\r\n[\/et_pb_text][\/et_pb_column][\/et_pb_row][\/et_pb_section]","_et_gb_content_width":"","footnotes":""},"class_list":["post-1200","page","type-page","status-publish","hentry"],"acf":[],"_links":{"self":[{"href":"https:\/\/rheomuco.com\/fr\/wp-json\/wp\/v2\/pages\/1200","targetHints":{"allow":["GET"]}}],"collection":[{"href":"https:\/\/rheomuco.com\/fr\/wp-json\/wp\/v2\/pages"}],"about":[{"href":"https:\/\/rheomuco.com\/fr\/wp-json\/wp\/v2\/types\/page"}],"author":[{"embeddable":true,"href":"https:\/\/rheomuco.com\/fr\/wp-json\/wp\/v2\/users\/7"}],"replies":[{"embeddable":true,"href":"https:\/\/rheomuco.com\/fr\/wp-json\/wp\/v2\/comments?post=1200"}],"version-history":[{"count":18,"href":"https:\/\/rheomuco.com\/fr\/wp-json\/wp\/v2\/pages\/1200\/revisions"}],"predecessor-version":[{"id":6053,"href":"https:\/\/rheomuco.com\/fr\/wp-json\/wp\/v2\/pages\/1200\/revisions\/6053"}],"wp:attachment":[{"href":"https:\/\/rheomuco.com\/fr\/wp-json\/wp\/v2\/media?parent=1200"}],"curies":[{"name":"wp","href":"https:\/\/api.w.org\/{rel}","templated":true}]}}