{"id":1199,"date":"2022-08-01T15:58:41","date_gmt":"2022-08-01T13:58:41","guid":{"rendered":"http:\/\/rheomuco.magali-tillocher.com\/?page_id=1199"},"modified":"2023-09-13T18:05:57","modified_gmt":"2023-09-13T16:05:57","slug":"faq-rheomuco","status":"publish","type":"page","link":"https:\/\/rheomuco.com\/fr\/faq-rheomuco\/","title":{"rendered":"FAQ Rheomuco"},"content":{"rendered":"<p>[et_pb_section fb_built=\u00a0\u00bb1&Prime; custom_padding_last_edited=\u00a0\u00bbon|desktop\u00a0\u00bb module_id=\u00a0\u00bbtitle_std\u00a0\u00bb _builder_version=\u00a0\u00bb4.16&Prime; custom_padding_tablet=\u00a0\u00bb\u00a0\u00bb custom_padding_phone=\u00a0\u00bb\u00a0\u00bb global_colors_info=\u00a0\u00bb{}\u00a0\u00bb][et_pb_row column_structure=\u00a0\u00bb1_4,3_4&Prime; make_equal=\u00a0\u00bbon\u00a0\u00bb module_id=\u00a0\u00bbbloc_title\u00a0\u00bb _builder_version=\u00a0\u00bb4.16&Prime; width=\u00a0\u00bb100%\u00a0\u00bb max_width=\u00a0\u00bb100%\u00a0\u00bb custom_padding=\u00a0\u00bb0px||0px|\u00a0\u00bb use_custom_width=\u00a0\u00bbon\u00a0\u00bb width_unit=\u00a0\u00bboff\u00a0\u00bb custom_width_percent=\u00a0\u00bb100%\u00a0\u00bb global_colors_info=\u00a0\u00bb{}\u00a0\u00bb][et_pb_column type=\u00a0\u00bb1_4&Prime; module_id=\u00a0\u00bbline_title\u00a0\u00bb _builder_version=\u00a0\u00bb4.16&Prime; background_position=\u00a0\u00bbtop_left\u00a0\u00bb custom_padding=\u00a0\u00bb0px|0px|0px|0px\u00a0\u00bb custom_css_main_element=\u00a0\u00bbmax-height: 62px;\u00a0\u00bb global_colors_info=\u00a0\u00bb{}\u00a0\u00bb custom_padding__hover=\u00a0\u00bb|||\u00a0\u00bb][\/et_pb_column][et_pb_column type=\u00a0\u00bb3_4&Prime; _builder_version=\u00a0\u00bb4.16&Prime; background_position=\u00a0\u00bbtop_left\u00a0\u00bb custom_padding=\u00a0\u00bb0px|0px|0px|0px\u00a0\u00bb custom_padding_tablet=\u00a0\u00bb0px|0px|0px|10px\u00a0\u00bb custom_padding_phone=\u00a0\u00bb\u00a0\u00bb custom_padding_last_edited=\u00a0\u00bbon|phone\u00a0\u00bb global_colors_info=\u00a0\u00bb{}\u00a0\u00bb custom_padding__hover=\u00a0\u00bb|||\u00a0\u00bb][et_pb_text _builder_version=\u00a0\u00bb4.16&Prime; _module_preset=\u00a0\u00bbdefault\u00a0\u00bb global_colors_info=\u00a0\u00bb{}\u00a0\u00bb]<\/p>\n<h1><span style=\"color: #008080\"><strong>FAQ Rheomuco<\/strong><\/span><\/h1>\n<p>[\/et_pb_text][\/et_pb_column][\/et_pb_row][\/et_pb_section][et_pb_section fb_built=\u00a0\u00bb1&Prime; module_id=\u00a0\u00bbcontenu_std\u00a0\u00bb _builder_version=\u00a0\u00bb4.16&Prime; custom_padding=\u00a0\u00bb0px||20px|\u00a0\u00bb global_colors_info=\u00a0\u00bb{}\u00a0\u00bb][et_pb_row _builder_version=\u00a0\u00bb4.16&Prime; _module_preset=\u00a0\u00bbdefault\u00a0\u00bb global_colors_info=\u00a0\u00bb{}\u00a0\u00bb][et_pb_column type=\u00a0\u00bb4_4&Prime; _builder_version=\u00a0\u00bb4.16&Prime; _module_preset=\u00a0\u00bbdefault\u00a0\u00bb global_colors_info=\u00a0\u00bb{}\u00a0\u00bb][et_pb_text ul_item_indent=\u00a0\u00bb40px\u00a0\u00bb _builder_version=\u00a0\u00bb4.16&Prime; _module_preset=\u00a0\u00bbdefault\u00a0\u00bb global_colors_info=\u00a0\u00bb{}\u00a0\u00bb]<\/p>\n<h2><span style=\"color: #008080\"><strong>Rh\u00e9ologie<\/strong><\/span><\/h2>\n<h3 style=\"text-align: justify\">Qu\u2019est-ce que Rheomuco ?<\/h3>\n<p style=\"text-align: justify\">Rheomuco est un rh\u00e9om\u00e8tre con\u00e7u pour mesurer les propri\u00e9t\u00e9s visco\u00e9lastiques du mucus.<\/p>\n<h3 style=\"text-align: justify\"><\/h3>\n<h3 style=\"text-align: justify\">Qu\u2019est-ce que la rh\u00e9ologie ?<\/h3>\n<p style=\"text-align: justify\">La rh\u00e9ologie est l\u2019\u00e9tude de la d\u00e9formation et de l\u2019\u00e9coulement des mat\u00e9riaux. Elle est centr\u00e9e sur la question \u00ab\u00a0qu\u2019est-ce qui fait qu\u2019un mat\u00e9riau s\u2019\u00e9coule ou non sous une force donn\u00e9e\u00a0?\u00a0\u00bb<\/p>\n<h3 style=\"text-align: justify\"><\/h3>\n<h3 style=\"text-align: justify\">Qu\u2019est-ce que la rh\u00e9ologie du mucus ?<\/h3>\n<p style=\"text-align: justify\">Le mucus est une structure enchev\u00eatr\u00e9e de biopolym\u00e8res. Son comportement physique est complexe, avec des propri\u00e9t\u00e9s visco\u00e9lastiques tr\u00e8s variables qui sont comprises entre celles d\u2019un liquide visqueux et celles d\u2019un solide \u00e9lastique. Les mesures rh\u00e9ologiques, incluant la viscosit\u00e9 (r\u00e9sistance \u00e0 l\u2019\u00e9coulement) et l\u2019\u00e9lasticit\u00e9 (rigidit\u00e9) sont souvent utilis\u00e9es ensemble pour d\u00e9crire la consistance du mucus.<\/p>\n<h3 style=\"text-align: justify\"><\/h3>\n<h3 style=\"text-align: justify\">En quoi la rh\u00e9ologie du mucus est-elle pertinente pour les maladies respiratoires ?<\/h3>\n<p style=\"text-align: justify\">La fonction principale du mucus est de prot\u00e9ger l\u2019\u00e9pith\u00e9lium pulmonaire des contaminants particulaires, biologiques et chimiques inhal\u00e9s. Le mucus est constitu\u00e9 d\u2019eau, d\u2019ions, et de plusieurs types de macromol\u00e9cules dont certaines pr\u00e9sentent une activit\u00e9 antimicrobienne, anti-prot\u00e9ique ou antioxydante. Le mucus doit ses propri\u00e9t\u00e9s visco\u00e9lastiques, cruciales pour une bonne efficacit\u00e9 de la clairance mucociliaire, principalement aux mucines, glycoprot\u00e9ines du mucus.<\/p>\n<p style=\"text-align: justify\">Pendant une infection bronchique, par exemple en mucoviscidose, la d\u00e9shydratation du mucus et la surconcentration en macromol\u00e9cules conduisent \u00e0 une forte augmentation de la viscosit\u00e9 et de l\u2019adh\u00e9sivit\u00e9, qui emp\u00eachent le transport du mucus \u00e0 travers l\u2019appareil respiratoire.<\/p>\n<p style=\"text-align: justify\">Pour assurer correctement sa fonction de protection, d\u2019hydratation et de lubrification de l\u2019\u00e9pith\u00e9lium des voies respiratoires, le mucus respiratoire doit donc avoir des propri\u00e9t\u00e9s physicochimiques adapt\u00e9es.<\/p>\n<h3 style=\"text-align: justify\"><\/h3>\n<h3 style=\"text-align: justify\">Quelles maladies respiratoires sont concern\u00e9es ?<\/h3>\n<p style=\"text-align: justify\">Les maladies pulmonaires avec formation de mucus anormal, dites muco-obstructives, telles que la BPCO, la mucoviscidose, la dyskin\u00e9sie ciliaire primaire, et les bronchectasies.<\/p>\n<p style=\"text-align: justify\">Quel type de test utilisez-vous pour analyser les propri\u00e9t\u00e9s visco\u00e9lastiques du mucus ?<\/p>\n<p style=\"text-align: justify\">Nous utilisons un balayage en d\u00e9formation, test standard pour caract\u00e9riser des fluides structur\u00e9s comme le mucus. Pendant la mesure, \u00e0 une fr\u00e9quence fix\u00e9e (1 Hz), l\u2019amplitude de d\u00e9formation augmente progressivement. Ce test fournit le module de stockage ou module \u00e9lastique (G\u2019) et le module de perte ou module visqueux (G\u2019\u2019), ainsi que le point d\u2019\u00e9coulement.<\/p>\n<h3 style=\"text-align: justify\"><\/h3>\n<h3 style=\"text-align: justify\">Quels sont les r\u00e9sultats affich\u00e9s par Rheomuco et que signifient-ils\u00a0?<\/h3>\n<p style=\"text-align: justify\">Les r\u00e9sultats affich\u00e9s par Rheomuco sont\u00a0:<\/p>\n<ul style=\"text-align: justify\">\n<li><strong>Module v<\/strong><strong>isco\u00e9lastique (G*) :<\/strong>Rigidit\u00e9 du mucus au repos, reli\u00e9e \u00e0 la concentration du mucus<\/li>\n<li><strong>Facteur d\u2019amortissement (tan (\u03b4)) :<\/strong> Rapport des modules visqueux et \u00e9lastique, reli\u00e9 \u00e0 la nature mol\u00e9culaire des constituants du mucus<\/li>\n<li><strong>D\u00e9formation critique<\/strong><strong> (\u03b3<sub>c<\/sub>) :<\/strong> La filance, d\u00e9formabilit\u00e9 du mucus \u00e0 l\u2019\u00e9coulement<\/li>\n<li><strong>Contrainte critique (\u03c3<sub>c<\/sub>) :<\/strong> Force de gel, solidit\u00e9 du mucus \u00e0 l\u2019\u00e9coulement<\/li>\n<\/ul>\n<h3 style=\"text-align: justify\">Puis-je faire d\u2019autres tests qu\u2019un balayage en d\u00e9formation ?<\/h3>\n<p style=\"text-align: justify\">Oui, si vos projets de recherche le n\u00e9cessitent, nous proposons un logiciel sp\u00e9cifique \u00ab\u00a0Rheomuco research\u00a0\u00bb qui vous permet de choisir parmi 3 tests pr\u00e9d\u00e9finis\u00a0: balayage en d\u00e9formation, balayage en fr\u00e9quence, \u00e9coulement, et ainsi obtenir une dizaine de param\u00e8tres rh\u00e9ologiques compl\u00e9mentaires. Un exp\u00e9rimentateur avanc\u00e9 peut \u00e9galement d\u00e9finir son propre test.<\/p>\n<h3 style=\"text-align: justify\"><\/h3>\n<h3 style=\"text-align: justify\">Rheonova peut-elle m\u2019aider \u00e0 comprendre les r\u00e9sultats ?<\/h3>\n<p style=\"text-align: justify\">Rheonova vous aide dans votre projet en fournissant une analyse compl\u00e8te de vos r\u00e9sultats. Nous pouvons aussi fournir \u00e0 vos \u00e9quipes des formations en rh\u00e9ologie du mucus.<\/p>\n<h2 style=\"text-align: justify\"><strong><\/strong><\/h2>\n<h2 style=\"text-align: justify\"><span style=\"color: #008080\"><strong>\u00c9chantillons<\/strong><\/span><\/h2>\n<h3 style=\"text-align: justify\">Quelles sources de mucus bronchique puis-je utiliser ?<\/h3>\n<ul style=\"text-align: justify\">\n<li>Crachats de patients<\/li>\n<li>Mucus issus de mod\u00e8les animaux<\/li>\n<li>Mucus issus de cultures cellulaires \u00e0 l\u2019interface air liquide<\/li>\n<\/ul>\n<h3 style=\"text-align: justify\">Quels sont les volumes n\u00e9cessaires ?<\/h3>\n<ul style=\"text-align: justify\">\n<li>Pour du mucus issu de cultures cellulaires : 20 \u00b5L<\/li>\n<li>Pour du sputum ou du mucus animal\u00a0: 150\u00b5L \u00e0 680 \u00b5L<\/li>\n<\/ul>\n<h3 style=\"text-align: justify\">Les \u00e9chantillons doivent-ils \u00eatre mesur\u00e9s imm\u00e9diatement, ou peuvent-ils \u00eatre stock\u00e9s ? Si oui comment ?<\/h3>\n<p style=\"text-align: justify\">Avant la mesure, le mucus peut \u00eatre conserv\u00e9 dans la glace ou \u00e0 4 \u00b0C, jusqu\u2019\u00e0 4 h apr\u00e8s la collecte. Les \u00e9chantillons peuvent \u00eatre congel\u00e9s \u00e0 -20 \u00b0C pour un stockage de courte dur\u00e9e (1-2 mois) ou \u00e0 -80 \u00b0C pour un stockage de longue dur\u00e9e (&gt; 2 mois).<\/p>\n<h3 style=\"text-align: justify\">\u00a0\u00c0 quelle temp\u00e9rature le mucus est-il analys\u00e9 ?<\/h3>\n<p style=\"text-align: justify\">Nous recommandons de faire la mesure \u00e0 37 \u00b0C (r\u00e9glage par d\u00e9faut sur Rheomuco, mais une temp\u00e9rature de consigne diff\u00e9rente peut \u00eatre choisie).<\/p>\n<h3 style=\"text-align: justify\">Comment \u00e9viter l\u2019\u00e9vaporation de l\u2019\u00e9chantillon ?<\/h3>\n<p style=\"text-align: justify\">Le test est rapide (5 min) ce qui ne laisse g\u00e9n\u00e9ralement pas le temps \u00e0 l\u2019\u00e9chantillon de s\u2019\u00e9vaporer. Toutefois, nous vendons aussi une cloche anti-\u00e9vaporation.<\/p>\n<h3 style=\"text-align: justify\">Comment \u00e9viter la contamination de l\u2019\u00e9chantillon et de l\u2019op\u00e9rateur ?<\/h3>\n<p style=\"text-align: justify\">Pendant la mesure, une vitre protectrice limite les projections. Apr\u00e8s chaque analyse, nous recommandons de nettoyer les surfaces et les g\u00e9om\u00e9tries avec un d\u00e9tergent antibact\u00e9rien.<\/p>\n<h3 style=\"text-align: justify\">Puis-je analyser le m\u00eame \u00e9chantillon deux fois\u00a0? Puis-je r\u00e9utiliser un \u00e9chantillon d\u00e9j\u00e0 analys\u00e9 pour faire des tests bact\u00e9riologiques ?<\/h3>\n<ul>\n<li style=\"text-align: justify\">Non, l\u2019\u00e9chantillon ne peut pas \u00eatre analys\u00e9 une deuxi\u00e8me fois car l\u2019analyse rh\u00e9ologique d\u00e9grade sa structure.<\/li>\n<li style=\"text-align: justify\">Non, l\u2019\u00e9chantillon test\u00e9 ne peut pas \u00eatre analys\u00e9 en bact\u00e9riologie car les g\u00e9om\u00e9tries ne sont pas st\u00e9riles.<\/li>\n<\/ul>\n<h2><strong><span style=\"color: #008080\">Dispositif<\/span> <\/strong><\/h2>\n<h3>Y a-t-il des consommables n\u00e9cessaires ?<\/h3>\n<p>Non, nous utilisons des g\u00e9om\u00e9tries r\u00e9utilisables<\/p>\n<p>Combien de tests peut-on mener avec les g\u00e9om\u00e9tries ?<\/p>\n<p>Jusqu\u2019\u00e0 500 si elles sont manipul\u00e9es et stock\u00e9es correctement.<\/p>\n<h3>Un ordinateur est-il n\u00e9cessaire ?<\/h3>\n<p>Oui, Rheomuco est pilot\u00e9 par un ordinateur avec notre application. La configuration minimale requise est la suivante :<\/p>\n<ul>\n<li>Windows 10, 64 bits, avec droits administrateur<\/li>\n<li>Processeur : Intel Core i3<\/li>\n<li>RAM : 4 GO minimum<\/li>\n<li>Disque dur : 500 GO minimum<\/li>\n<li>R\u00e9solution d\u2019\u00e9cran : largeur 1280 pixels, hauteur 768 pixels<\/li>\n<\/ul>\n<h3>Y a-t-il une interface tactile ?<\/h3>\n<p>Non<\/p>\n<h3>Combien de temps prend une mesure ?<\/h3>\n<p>Pour un balayage en d\u00e9formation, la mesure ne prend que 4 minutes.<\/p>\n<h3>O\u00f9 puis-je installer Rheomuco ?<\/h3>\n<p>Nous recommandons d\u2019installer Rheomuco sur une paillasse ou une table fix\u00e9e au sol, dans une pi\u00e8ce peu soumise aux vibrations. Nous recommandons de ne pas l\u2019installer pr\u00e8s d\u2019un cong\u00e9lateur \u00e0 -80 \u00b0C ou d\u2019une centrifugeuse.<\/p>\n<p>Pendant la mesure, ne pas utiliser la centrifugeuse, claquer des portes ou danser pr\u00e8s du dispositif. \ud83d\ude0a<\/p>\n<h3>Assurez-vous la maintenance de Rheomuco ?<\/h3>\n<p>Vous pouvez contacter nos services \u00e0 <a href=\"mailto:support@rheomuco.com\" target=\"_blank\" rel=\"noopener noreferrer\"><span>support@rheomuco.com<\/span><\/a>, en d\u00e9crivant en d\u00e9tail le probl\u00e8me que vous rencontrez, et nous vous recontacterons avec une solution sous 2 jours ouvr\u00e9s.<\/p>\n<p>Rheonova propose 3 types de contrats de maintenance. Contactez-nous sur <span><a href=\"mailto:contact@rheomuco.fr\">contact@rheomuco.fr<\/a><\/span> pour souscrire \u00e0 un contrat de maintenance.<\/p>\n<p>[\/et_pb_text][\/et_pb_column][\/et_pb_row][\/et_pb_section]<\/p>\n","protected":false},"excerpt":{"rendered":"<p>FAQ RheomucoRh\u00e9ologie Qu\u2019est-ce que Rheomuco ? Rheomuco est un rh\u00e9om\u00e8tre con\u00e7u pour mesurer les propri\u00e9t\u00e9s visco\u00e9lastiques du mucus.<a href=\"https:\/\/rheomuco.com\/fr\/faq-rheomuco\/\" rel=\"nofollow\" class=\"more\"> >> <\/a><\/p>\n","protected":false},"author":7,"featured_media":0,"parent":0,"menu_order":0,"comment_status":"closed","ping_status":"closed","template":"","meta":{"_acf_changed":false,"_et_pb_use_builder":"on","_et_pb_old_content":"[et_pb_section bb_built=\"1\"][et_pb_row][\/et_pb_row][\/et_pb_section]","_et_gb_content_width":"","footnotes":""},"class_list":["post-1199","page","type-page","status-publish","hentry"],"acf":[],"_links":{"self":[{"href":"https:\/\/rheomuco.com\/fr\/wp-json\/wp\/v2\/pages\/1199","targetHints":{"allow":["GET"]}}],"collection":[{"href":"https:\/\/rheomuco.com\/fr\/wp-json\/wp\/v2\/pages"}],"about":[{"href":"https:\/\/rheomuco.com\/fr\/wp-json\/wp\/v2\/types\/page"}],"author":[{"embeddable":true,"href":"https:\/\/rheomuco.com\/fr\/wp-json\/wp\/v2\/users\/7"}],"replies":[{"embeddable":true,"href":"https:\/\/rheomuco.com\/fr\/wp-json\/wp\/v2\/comments?post=1199"}],"version-history":[{"count":11,"href":"https:\/\/rheomuco.com\/fr\/wp-json\/wp\/v2\/pages\/1199\/revisions"}],"predecessor-version":[{"id":6330,"href":"https:\/\/rheomuco.com\/fr\/wp-json\/wp\/v2\/pages\/1199\/revisions\/6330"}],"wp:attachment":[{"href":"https:\/\/rheomuco.com\/fr\/wp-json\/wp\/v2\/media?parent=1199"}],"curies":[{"name":"wp","href":"https:\/\/api.w.org\/{rel}","templated":true}]}}